{"id":23594,"date":"2026-03-18T08:33:32","date_gmt":"2026-03-18T07:33:32","guid":{"rendered":"https:\/\/hidroterm.dmcsrbija.com\/proizvod\/plovak-nero-mini-20g\/"},"modified":"2026-03-18T14:33:52","modified_gmt":"2026-03-18T13:33:52","slug":"plovak-nero-mini-20g","status":"publish","type":"product","link":"https:\/\/hidroterm.dmcsrbija.com\/ru\/proizvod\/plovak-nero-mini-20g\/","title":{"rendered":"\u041f\u043b\u043e\u0432\u0430\u043a \u041d\u0435\u0440\u043e \u043c\u0438\u043d\u0438 20 \u0433"},"content":{"rendered":"<h3 class=\"\" data-start=\"154\" data-end=\"225\"><strong data-start=\"158\" data-end=\"225\">Kompaktni plovak za doziranje hemikalija \u2013 za bazene i spa kade<\/strong><\/h3>\n<p class=\"\" data-start=\"227\" data-end=\"435\">Odr\u017eavanje \u010diste i hemijski uravnote\u017eene vode nikad nije bilo jednostavnije!<br data-start=\"303\" data-end=\"306\" \/>Na\u0161\u00a0<strong data-start=\"310\" data-end=\"351\">kompaktni plovak za bazene i spa kade<\/strong>\u00a0idealno je re\u0161enje za prakti\u010dno i ravnomerno doziranje hemikalija u obliku tableta.<\/p>\n<p class=\"\" data-start=\"437\" data-end=\"579\"><b>O<\/b>mogu\u0107ava kontinuirano osloba\u0111anje hemije, \u010dime se obezbe\u0111uje optimalna higijena vode uz minimalan trud.<\/p>\n<p class=\"\" data-start=\"581\" data-end=\"721\"><strong data-start=\"584\" data-end=\"608\">Jednostavno punjenje<\/strong> \u2013 zahvaljuju\u0107i gornjem poklopcu, zamena tableta je brza i laka.<\/p>\n<p class=\"\" data-start=\"723\" data-end=\"880\"><strong data-start=\"727\" data-end=\"750\">Kompaktne dimenzije<\/strong>\u00a0\u010dine ga savr\u0161enim za\u00a0<strong data-start=\"772\" data-end=\"799\">manje bazene i spa kade<\/strong>, dok se <strong data-start=\"805\" data-end=\"850\">moderan dizajn u plavo-beloj kombinaciji<\/strong> lako uklapa u svaki ambijent.<\/p>\n<p class=\"\" data-start=\"882\" data-end=\"1038\">\u00a0Izra\u0111en od\u00a0<strong data-start=\"896\" data-end=\"950\">kvalitetnog UV otpornog termoplasti\u010dnog materijala<\/strong>, plovak je izuzetno izdr\u017eljiv i namenjen za dugotrajnu upotrebu u spolja\u0161njim uslovima.<\/p>\n<p class=\"\" data-start=\"1045\" data-end=\"1079\"><strong data-start=\"1045\" data-end=\"1079\">Za\u0161to izabrati ba\u0161 ovaj model?<\/strong><\/p>\n<ul data-start=\"1080\" data-end=\"1204\">\n<li class=\"\" data-start=\"1080\" data-end=\"1113\">\n<p class=\"\" data-start=\"1082\" data-end=\"1113\">Efikasno i ravnomerno doziranje<\/p>\n<\/li>\n<li class=\"\" data-start=\"1114\" data-end=\"1142\">\n<p class=\"\" data-start=\"1116\" data-end=\"1142\">Lako odr\u017eavanje i punjenje<\/p>\n<\/li>\n<li class=\"\" data-start=\"1143\" data-end=\"1161\">\n<p class=\"\" data-start=\"1145\" data-end=\"1161\">Dug vek trajanja<\/p>\n<\/li>\n<li class=\"\" data-start=\"1162\" data-end=\"1204\">\n<p class=\"\" data-start=\"1164\" data-end=\"1204\">Estetski privla\u010dan i funkcionalan dizajn<\/p>\n<\/li>\n<\/ul>\n<p class=\"\" data-start=\"1206\" data-end=\"1271\"><strong data-start=\"1209\" data-end=\"1228\">Dodajte u korpu<\/strong>\u00a0i obezbedite \u010dist bazen tokom cele sezone!<\/p>","protected":false},"excerpt":{"rendered":"<p>Kompaktni plovak za bazene i spa kade omogu\u0107ava jednostavno i ravnomerno doziranje hemikalija, idealan za odr\u017eavanje \u010diste i hemijski izbalansirane vode.<\/p>","protected":false},"featured_media":23595,"template":"","meta":[],"product_brand":[],"product_cat":[5123,5130,5131],"product_tag":[],"class_list":{"0":"post-23594","1":"product","2":"type-product","3":"status-publish","4":"has-post-thumbnail","6":"product_cat-bazeni","7":"product_cat-hemija-za-bazene-bazeni-2","8":"product_cat-plovci-za-tablete","10":"first","11":"instock","12":"sold-individually","13":"purchasable","14":"product-type-simple"},"_links":{"self":[{"href":"https:\/\/hidroterm.dmcsrbija.com\/ru\/wp-json\/wp\/v2\/product\/23594","targetHints":{"allow":["GET"]}}],"collection":[{"href":"https:\/\/hidroterm.dmcsrbija.com\/ru\/wp-json\/wp\/v2\/product"}],"about":[{"href":"https:\/\/hidroterm.dmcsrbija.com\/ru\/wp-json\/wp\/v2\/types\/product"}],"wp:featuredmedia":[{"embeddable":true,"href":"https:\/\/hidroterm.dmcsrbija.com\/ru\/wp-json\/wp\/v2\/media\/23595"}],"wp:attachment":[{"href":"https:\/\/hidroterm.dmcsrbija.com\/ru\/wp-json\/wp\/v2\/media?parent=23594"}],"wp:term":[{"taxonomy":"product_brand","embeddable":true,"href":"https:\/\/hidroterm.dmcsrbija.com\/ru\/wp-json\/wp\/v2\/product_brand?post=23594"},{"taxonomy":"product_cat","embeddable":true,"href":"https:\/\/hidroterm.dmcsrbija.com\/ru\/wp-json\/wp\/v2\/product_cat?post=23594"},{"taxonomy":"product_tag","embeddable":true,"href":"https:\/\/hidroterm.dmcsrbija.com\/ru\/wp-json\/wp\/v2\/product_tag?post=23594"}],"curies":[{"name":"wp","href":"https:\/\/api.w.org\/{rel}","templated":true}]}}