{"id":23592,"date":"2026-03-18T08:33:32","date_gmt":"2026-03-18T07:33:32","guid":{"rendered":"https:\/\/hidroterm.dmcsrbija.com\/proizvod\/plovak-nero-200g\/"},"modified":"2026-03-18T14:33:52","modified_gmt":"2026-03-18T13:33:52","slug":"plovak-nero-200g","status":"publish","type":"product","link":"https:\/\/hidroterm.dmcsrbija.com\/ru\/proizvod\/plovak-nero-200g\/","title":{"rendered":"\u041d\u0435\u0440\u043e \u0424\u043b\u043e\u0430\u0442 200 \u0433"},"content":{"rendered":"<h3 class=\"\" data-start=\"84\" data-end=\"152\"><strong data-start=\"88\" data-end=\"152\">Plovak za bazen za doziranje hemikalija (za tablete od 200g)<\/strong><\/h3>\n<p class=\"\" data-start=\"154\" data-end=\"517\">Ovaj plovak za bazen dizajniran je za efikasno i postepeno doziranje hemikalija, pru\u017eaju\u0107i pouzdano re\u0161enje za odr\u017eavanje \u010diste i hemijski uravnote\u017eene vode tokom cele sezone. Velika komora omogu\u0107ava upotrebu tableta od 200g, \u0161to zna\u010di da obezbe\u0111uje kontinuirano osloba\u0111anje hemije kroz du\u017ei vremenski period \u2013 idealno za korisnike koji \u017eele minimalno odr\u017eavanje.<\/p>\n<p class=\"\" data-start=\"519\" data-end=\"779\">Izra\u0111en od kvalitetnog, UV otpornog materijala, otporan je na sunce i spoljne uticaje, garantuju\u0107i dug vek trajanja i pouzdan rad. Zahvaljuju\u0107i jednostavnom dizajnu, punjenje i kori\u0161\u0107enje plovka je brzo i lako, \u0161to ga \u010dini savr\u0161enim izborom za privatne bazene.<\/p>","protected":false},"excerpt":{"rendered":"<p>Plovak za bazen za tablete od 200g omogu\u0107ava postepeno i dugotrajno doziranje hemikalija, idealan za jednostavno odr\u017eavanje \u010diste i izbalansirane vode u privatnim bazenima.<\/p>","protected":false},"featured_media":23593,"template":"","meta":[],"product_brand":[],"product_cat":[5123,5130,5131],"product_tag":[],"class_list":{"0":"post-23592","1":"product","2":"type-product","3":"status-publish","4":"has-post-thumbnail","6":"product_cat-bazeni","7":"product_cat-hemija-za-bazene-bazeni-2","8":"product_cat-plovci-za-tablete","10":"first","11":"instock","12":"sold-individually","13":"purchasable","14":"product-type-simple"},"_links":{"self":[{"href":"https:\/\/hidroterm.dmcsrbija.com\/ru\/wp-json\/wp\/v2\/product\/23592","targetHints":{"allow":["GET"]}}],"collection":[{"href":"https:\/\/hidroterm.dmcsrbija.com\/ru\/wp-json\/wp\/v2\/product"}],"about":[{"href":"https:\/\/hidroterm.dmcsrbija.com\/ru\/wp-json\/wp\/v2\/types\/product"}],"wp:featuredmedia":[{"embeddable":true,"href":"https:\/\/hidroterm.dmcsrbija.com\/ru\/wp-json\/wp\/v2\/media\/23593"}],"wp:attachment":[{"href":"https:\/\/hidroterm.dmcsrbija.com\/ru\/wp-json\/wp\/v2\/media?parent=23592"}],"wp:term":[{"taxonomy":"product_brand","embeddable":true,"href":"https:\/\/hidroterm.dmcsrbija.com\/ru\/wp-json\/wp\/v2\/product_brand?post=23592"},{"taxonomy":"product_cat","embeddable":true,"href":"https:\/\/hidroterm.dmcsrbija.com\/ru\/wp-json\/wp\/v2\/product_cat?post=23592"},{"taxonomy":"product_tag","embeddable":true,"href":"https:\/\/hidroterm.dmcsrbija.com\/ru\/wp-json\/wp\/v2\/product_tag?post=23592"}],"curies":[{"name":"wp","href":"https:\/\/api.w.org\/{rel}","templated":true}]}}