{"id":23588,"date":"2026-03-18T08:33:32","date_gmt":"2026-03-18T07:33:32","guid":{"rendered":"https:\/\/hidroterm.dmcsrbija.com\/proizvod\/termometar-zivotinja-nero\/"},"modified":"2026-03-18T08:33:37","modified_gmt":"2026-03-18T07:33:37","slug":"termometar-zivotinja-nero","status":"publish","type":"product","link":"https:\/\/hidroterm.dmcsrbija.com\/ru\/proizvod\/termometar-zivotinja-nero\/","title":{"rendered":"\u0422\u0435\u0440\u043c\u043e\u043c\u0435\u0442\u0440 \u0434\u043b\u044f \u0436\u0438\u0432\u043e\u0442\u043d\u044b\u0445 \u041d\u0435\u0440\u043e"},"content":{"rendered":"<p>Termometar u obliku \u017eivotinje pomo\u0107i \u0107e Vam da lako o\u010ditate temperaturu vode u bazenu.<\/p>\n<p data-start=\"311\" data-end=\"618\">Termometar je izra\u0111en od kvalitetnih i izdr\u017eljivih materijala otpornih na vodu, sunce i bazensku hemiju, \u0161to obezbe\u0111uje dugotrajnu upotrebu tokom cele sezone.\u00a0 Pored svoje funkcionalnosti, ovaj termometar predstavlja i simpati\u010dan dodatak svakom bazenu, unose\u0107i zabavan i vedar izgled, posebno interesantan deci.<\/p>","protected":false},"excerpt":{"rendered":"<p>Termometar u obliku \u017eivotinje pomo\u0107i \u0107e Vam da lako o\u010ditate temperaturu vode u bazenu. Termometar je izra\u0111en od kvalitetnih i izdr\u017eljivih materijala otpornih na vodu, sunce i bazensku hemiju, \u0161to obezbe\u0111uje dugotrajnu upotrebu tokom cele sezone.\u00a0 Pored svoje funkcionalnosti, ovaj termometar predstavlja i simpati\u010dan dodatak svakom bazenu, unose\u0107i zabavan i vedar izgled, posebno interesantan deci.<\/p>","protected":false},"featured_media":23589,"template":"","meta":[],"product_brand":[],"product_cat":[5123,5124,5125,5129],"product_tag":[],"class_list":{"0":"post-23588","1":"product","2":"type-product","3":"status-publish","4":"has-post-thumbnail","6":"product_cat-bazeni","7":"product_cat-oprema-za-bazene-bazeni-2","8":"product_cat-oprema-za-odrzavanje-bazena-oprema-za-bazene-bazeni-2","9":"product_cat-termometri","11":"first","12":"instock","13":"sold-individually","14":"purchasable","15":"product-type-simple"},"_links":{"self":[{"href":"https:\/\/hidroterm.dmcsrbija.com\/ru\/wp-json\/wp\/v2\/product\/23588","targetHints":{"allow":["GET"]}}],"collection":[{"href":"https:\/\/hidroterm.dmcsrbija.com\/ru\/wp-json\/wp\/v2\/product"}],"about":[{"href":"https:\/\/hidroterm.dmcsrbija.com\/ru\/wp-json\/wp\/v2\/types\/product"}],"wp:featuredmedia":[{"embeddable":true,"href":"https:\/\/hidroterm.dmcsrbija.com\/ru\/wp-json\/wp\/v2\/media\/23589"}],"wp:attachment":[{"href":"https:\/\/hidroterm.dmcsrbija.com\/ru\/wp-json\/wp\/v2\/media?parent=23588"}],"wp:term":[{"taxonomy":"product_brand","embeddable":true,"href":"https:\/\/hidroterm.dmcsrbija.com\/ru\/wp-json\/wp\/v2\/product_brand?post=23588"},{"taxonomy":"product_cat","embeddable":true,"href":"https:\/\/hidroterm.dmcsrbija.com\/ru\/wp-json\/wp\/v2\/product_cat?post=23588"},{"taxonomy":"product_tag","embeddable":true,"href":"https:\/\/hidroterm.dmcsrbija.com\/ru\/wp-json\/wp\/v2\/product_tag?post=23588"}],"curies":[{"name":"wp","href":"https:\/\/api.w.org\/{rel}","templated":true}]}}