{"id":23576,"date":"2026-03-18T08:33:32","date_gmt":"2026-03-18T07:33:32","guid":{"rendered":"https:\/\/hidroterm.dmcsrbija.com\/proizvod\/cetka-nero-nero-26cm\/"},"modified":"2026-03-18T08:33:34","modified_gmt":"2026-03-18T07:33:34","slug":"cetka-nero-nero-26cm","status":"publish","type":"product","link":"https:\/\/hidroterm.dmcsrbija.com\/ru\/proizvod\/cetka-nero-nero-26cm\/","title":{"rendered":"\u041a\u0438\u0441\u0442\u044c Nero Nero 26 \u0441\u043c"},"content":{"rendered":"<p>\u010cetka za \u010di\u0161\u0107enje zidova bazena dimenzije 26cm.<\/p>","protected":false},"excerpt":{"rendered":"<p>\u010cetka za \u010di\u0161\u0107enje zidova bazena dimenzije 26cm.<\/p>","protected":false},"featured_media":23577,"template":"","meta":[],"product_brand":[],"product_cat":[5123,5126,5124,5125],"product_tag":[],"class_list":{"0":"post-23576","1":"product","2":"type-product","3":"status-publish","4":"has-post-thumbnail","6":"product_cat-bazeni","7":"product_cat-cetke-oprema-za-odrzavanje-bazena-oprema-za-bazene-bazeni-2","8":"product_cat-oprema-za-bazene-bazeni-2","9":"product_cat-oprema-za-odrzavanje-bazena-oprema-za-bazene-bazeni-2","11":"first","12":"instock","13":"sold-individually","14":"purchasable","15":"product-type-simple"},"_links":{"self":[{"href":"https:\/\/hidroterm.dmcsrbija.com\/ru\/wp-json\/wp\/v2\/product\/23576","targetHints":{"allow":["GET"]}}],"collection":[{"href":"https:\/\/hidroterm.dmcsrbija.com\/ru\/wp-json\/wp\/v2\/product"}],"about":[{"href":"https:\/\/hidroterm.dmcsrbija.com\/ru\/wp-json\/wp\/v2\/types\/product"}],"wp:featuredmedia":[{"embeddable":true,"href":"https:\/\/hidroterm.dmcsrbija.com\/ru\/wp-json\/wp\/v2\/media\/23577"}],"wp:attachment":[{"href":"https:\/\/hidroterm.dmcsrbija.com\/ru\/wp-json\/wp\/v2\/media?parent=23576"}],"wp:term":[{"taxonomy":"product_brand","embeddable":true,"href":"https:\/\/hidroterm.dmcsrbija.com\/ru\/wp-json\/wp\/v2\/product_brand?post=23576"},{"taxonomy":"product_cat","embeddable":true,"href":"https:\/\/hidroterm.dmcsrbija.com\/ru\/wp-json\/wp\/v2\/product_cat?post=23576"},{"taxonomy":"product_tag","embeddable":true,"href":"https:\/\/hidroterm.dmcsrbija.com\/ru\/wp-json\/wp\/v2\/product_tag?post=23576"}],"curies":[{"name":"wp","href":"https:\/\/api.w.org\/{rel}","templated":true}]}}