{"id":23553,"date":"2026-03-18T08:33:25","date_gmt":"2026-03-18T07:33:25","guid":{"rendered":"https:\/\/hidroterm.dmcsrbija.com\/proizvod\/rubni-kamen-nero-ravni-protivklizni-plocasti-49-5x325-x-3-95kg-kom\/"},"modified":"2026-03-18T08:33:29","modified_gmt":"2026-03-18T07:33:29","slug":"rubni-kamen-nero-ravni-protivklizni-plocasti-49-5x325-x-3-95kg-kom","status":"publish","type":"product","link":"https:\/\/hidroterm.dmcsrbija.com\/ru\/proizvod\/rubni-kamen-nero-ravni-protivklizni-plocasti-49-5x325-x-3-95kg-kom\/","title":{"rendered":"Rubni kamen Nero ravni protivklizni plo\u010dasti 49.5&#215;32,5 x 3 * 9,5kg\/kom"},"content":{"rendered":"<p class=\"\" data-start=\"67\" data-end=\"115\"><strong data-start=\"67\" data-end=\"115\">Rubni kamen Nero ravni protivklizni plo\u010dasti<\/strong><\/p>\n<p class=\"\" data-start=\"117\" data-end=\"136\"><strong data-start=\"117\" data-end=\"136\">Opis proizvoda:<\/strong><\/p>\n<p class=\"\" data-start=\"138\" data-end=\"444\">Rubni kamen Nero ravni protivklizni plo\u010dasti je idealan izbor za zavr\u0161nu obradu ivica bazena, nude\u0107i estetsku privla\u010dnost i funkcionalnost. Ovaj\u00a0 rubni kamen je savr\u0161en za prelaz izme\u0111u bazena i obale, bez obzira na tip obloge va\u0161eg bazena, bilo da je u pitanju stakleni mozaik, plo\u010dice ili lajner.<\/p>\n<p class=\"\" data-start=\"446\" data-end=\"686\">Njegov dizajn omogu\u0107ava jednostavno postavljanje i sigurnu upotrebu, pru\u017eaju\u0107i dugotrajan i otporan efekt. Sa svojom protivkliznom povr\u0161inom, ovaj rubni kamen garantuje sigurnost pri ulasku i izlasku iz bazena, smanjuju\u0107i rizik od klizanja.<\/p>\n<p class=\"\" data-start=\"688\" data-end=\"706\"><strong data-start=\"688\" data-end=\"706\">Specifikacije:<\/strong><\/p>\n<ul data-start=\"708\" data-end=\"879\">\n<li class=\"\" data-start=\"708\" data-end=\"733\">\n<p class=\"\" data-start=\"710\" data-end=\"733\"><strong data-start=\"710\" data-end=\"724\">Materijal:<\/strong> Mineralno-kompozitni kamen izra\u0111en od mermera i cementa uz dodatak superplastifikatora<\/p>\n<\/li>\n<li class=\"\" data-start=\"734\" data-end=\"769\">\n<p class=\"\" data-start=\"736\" data-end=\"769\"><strong data-start=\"736\" data-end=\"750\">Dimenzije:<\/strong> 49,5 x 32,5 x 3 cm<\/p>\n<\/li>\n<li class=\"\" data-start=\"770\" data-end=\"794\">\n<p class=\"\" data-start=\"772\" data-end=\"794\"><strong data-start=\"772\" data-end=\"783\">Te\u017eina:<\/strong> 9,5 kg\/kom<\/p>\n<\/li>\n<li class=\"\" data-start=\"795\" data-end=\"828\">\n<p class=\"\" data-start=\"797\" data-end=\"828\"><strong data-start=\"797\" data-end=\"810\">Koli\u010dina:<\/strong> Prodaja po komadu<\/p>\n<\/li>\n<li class=\"\" data-start=\"829\" data-end=\"879\">\n<p class=\"\" data-start=\"831\" data-end=\"879\"><strong data-start=\"831\" data-end=\"848\">Cena monta\u017ee:<\/strong> 16 EUR\/m (dostupno po zahtevu)<\/p>\n<\/li>\n<\/ul>\n<p class=\"\" data-start=\"881\" data-end=\"903\"><strong data-start=\"881\" data-end=\"903\">Dodatne prednosti:<\/strong><\/p>\n<ul data-start=\"905\" data-end=\"1164\">\n<li class=\"\" data-start=\"905\" data-end=\"972\">\n<p class=\"\" data-start=\"907\" data-end=\"972\">Dugotrajan i otporan materijal koji je jednostavan za odr\u017eavanje.<\/p>\n<\/li>\n<li class=\"\" data-start=\"973\" data-end=\"1031\">\n<p class=\"\" data-start=\"975\" data-end=\"1031\">Protivklizna povr\u0161ina koja pru\u017ea sigurnost pri upotrebi.<\/p>\n<\/li>\n<li class=\"\" data-start=\"1032\" data-end=\"1104\">\n<p class=\"\" data-start=\"1034\" data-end=\"1104\">Elegantna zavr\u0161nica koja podi\u017ee celokupan vizuelni dojam va\u0161eg bazena.<\/p>\n<\/li>\n<li class=\"\" data-start=\"1105\" data-end=\"1164\">\n<p class=\"\" data-start=\"1107\" data-end=\"1164\">Dizajniran da se uklopi sa svim vrstama bazenskih obloga.<\/p>\n<\/li>\n<\/ul>\n<p class=\"\" data-start=\"1166\" data-end=\"1202\"><strong data-start=\"1166\" data-end=\"1185\">Cena po komadu:<\/strong> (Cena sa PDV-om)<\/p>","protected":false},"excerpt":{"rendered":"<p><strong>Rubni kamen Nero<\/strong> je\u00a0 ravan, protivklizni plo\u010dasti kamen dimenzija 49,5 x 32,5 x 3 cm i te\u017eine 9,5 kg\/kom. Idealno za zavr\u0161nu obradu ivica bazena, pru\u017ea sigurnost, dugotrajan je, otporan i jednostavan za odr\u017eavanje. Dostupan je po komadu, a cena monta\u017ee je 16 EUR\/m (na zahtev).<\/p>","protected":false},"featured_media":23554,"template":"","meta":[],"product_brand":[],"product_cat":[4994,5111,5044],"product_tag":[],"class_list":{"0":"post-23553","1":"product","2":"type-product","3":"status-publish","4":"has-post-thumbnail","6":"product_cat-obloge-za-bazene","7":"product_cat-rubni-kamen-nero-ravni","8":"product_cat-rubni-kamen-za-bazene","10":"first","11":"instock","12":"sold-individually","13":"purchasable","14":"product-type-simple"},"_links":{"self":[{"href":"https:\/\/hidroterm.dmcsrbija.com\/ru\/wp-json\/wp\/v2\/product\/23553","targetHints":{"allow":["GET"]}}],"collection":[{"href":"https:\/\/hidroterm.dmcsrbija.com\/ru\/wp-json\/wp\/v2\/product"}],"about":[{"href":"https:\/\/hidroterm.dmcsrbija.com\/ru\/wp-json\/wp\/v2\/types\/product"}],"wp:featuredmedia":[{"embeddable":true,"href":"https:\/\/hidroterm.dmcsrbija.com\/ru\/wp-json\/wp\/v2\/media\/23554"}],"wp:attachment":[{"href":"https:\/\/hidroterm.dmcsrbija.com\/ru\/wp-json\/wp\/v2\/media?parent=23553"}],"wp:term":[{"taxonomy":"product_brand","embeddable":true,"href":"https:\/\/hidroterm.dmcsrbija.com\/ru\/wp-json\/wp\/v2\/product_brand?post=23553"},{"taxonomy":"product_cat","embeddable":true,"href":"https:\/\/hidroterm.dmcsrbija.com\/ru\/wp-json\/wp\/v2\/product_cat?post=23553"},{"taxonomy":"product_tag","embeddable":true,"href":"https:\/\/hidroterm.dmcsrbija.com\/ru\/wp-json\/wp\/v2\/product_tag?post=23553"}],"curies":[{"name":"wp","href":"https:\/\/api.w.org\/{rel}","templated":true}]}}