{"id":23519,"date":"2026-03-18T08:33:17","date_gmt":"2026-03-18T07:33:17","guid":{"rendered":"https:\/\/hidroterm.dmcsrbija.com\/proizvod\/tepidarijum-nero-komplet-u-mozaiku\/"},"modified":"2026-03-18T08:33:23","modified_gmt":"2026-03-18T07:33:23","slug":"tepidarijum-nero-komplet-u-mozaiku","status":"publish","type":"product","link":"https:\/\/hidroterm.dmcsrbija.com\/ru\/proizvod\/tepidarijum-nero-komplet-u-mozaiku\/","title":{"rendered":"Tepidarijum NERO komplet u mozaiku"},"content":{"rendered":"<h2>Tepidarijum NERO komplet u mozaiku<\/h2>\n<p>Tepidarijum je prostor u wellness centrima koji se koristi za blagu i umerenu termalnu relaksaciju tela.<\/p>\n<p data-fusion-font=\"true\" data-fusion-google-font=\"Poppins\" data-fusion-google-variant=\"400\">Tepidarijum ili topla klupa je zagrejana le\u017ealjka oblo\u017eena plo\u010dicama \/mozaikom. Iako su izra\u0111eni od tvrdog materijala le\u017eanje na tepidariumu prija ki\u010dmi jer su glava i noge u vi\u0161oj ta\u010dki u odnosu na standrani polo\u017eaj pri le\u017eanju.<\/p>\n<p data-fusion-font=\"true\" data-fusion-google-font=\"Poppins\" data-fusion-google-variant=\"400\">Temperatura tepidarijuma se kre\u0107e izme\u0111u 37\u00b0C i 39\u00b0 C, \u0161to je pribli\u017ena temperatura tela. Ovakav raspon temperature doprinosi ugodnoj i opu\u0161taju\u0107oj atmosferi.<\/p>\n<p data-fusion-font=\"true\" data-fusion-google-font=\"Poppins\" data-fusion-google-variant=\"400\">Toplota koju tepidarium emituje poma\u017ee u smanjenju stresa, napetosti, ubla\u017eava bolove u mi\u0161i\u0107ima i zglobovima, time doprinosi pobolj\u0161anju cirkulacije, oslobadjajuci toksine iz tela.<\/p>\n<p>Ukratko, tepidarijum je prostor za blagu termalnu relaksaciju tela, gde mo\u017eete u\u017eivati u toplini i opu\u0161taju\u0107em okru\u017eenju pre ili nakon drugih termalnih terapija.<\/p>\n<p>Tepidaririjum je komplet u mozaiku.<\/p>\n<p>Dimenzije su: 600&#215;1900<\/p>\n<p>Napajanje: 300W monofazna, kabal 3&#215;2.5<\/p>\n<p><span style=\"color: red;\">*Cena je bez pdv-a.<\/span><\/p>","protected":false},"excerpt":{"rendered":"<p>Tepidarijum NERO komplet u mozaiku Tepidarijum je prostor u wellness centrima koji se koristi za blagu i umerenu termalnu relaksaciju tela. Tepidarijum ili topla klupa je zagrejana le\u017ealjka oblo\u017eena plo\u010dicama \/mozaikom. Iako su izra\u0111eni od tvrdog materijala le\u017eanje na tepidariumu prija ki\u010dmi jer su glava i noge u vi\u0161oj ta\u010dki u odnosu na standrani polo\u017eaj [&hellip;]<\/p>\n","protected":false},"featured_media":23520,"template":"","meta":[],"product_brand":[],"product_cat":[5032,5109],"product_tag":[],"class_list":{"0":"post-23519","1":"product","2":"type-product","3":"status-publish","4":"has-post-thumbnail","6":"product_cat-spa-wellness","7":"product_cat-tepidarijumi-nero","9":"first","10":"instock","11":"sold-individually","12":"purchasable","13":"product-type-simple"},"_links":{"self":[{"href":"https:\/\/hidroterm.dmcsrbija.com\/ru\/wp-json\/wp\/v2\/product\/23519","targetHints":{"allow":["GET"]}}],"collection":[{"href":"https:\/\/hidroterm.dmcsrbija.com\/ru\/wp-json\/wp\/v2\/product"}],"about":[{"href":"https:\/\/hidroterm.dmcsrbija.com\/ru\/wp-json\/wp\/v2\/types\/product"}],"wp:featuredmedia":[{"embeddable":true,"href":"https:\/\/hidroterm.dmcsrbija.com\/ru\/wp-json\/wp\/v2\/media\/23520"}],"wp:attachment":[{"href":"https:\/\/hidroterm.dmcsrbija.com\/ru\/wp-json\/wp\/v2\/media?parent=23519"}],"wp:term":[{"taxonomy":"product_brand","embeddable":true,"href":"https:\/\/hidroterm.dmcsrbija.com\/ru\/wp-json\/wp\/v2\/product_brand?post=23519"},{"taxonomy":"product_cat","embeddable":true,"href":"https:\/\/hidroterm.dmcsrbija.com\/ru\/wp-json\/wp\/v2\/product_cat?post=23519"},{"taxonomy":"product_tag","embeddable":true,"href":"https:\/\/hidroterm.dmcsrbija.com\/ru\/wp-json\/wp\/v2\/product_tag?post=23519"}],"curies":[{"name":"wp","href":"https:\/\/api.w.org\/{rel}","templated":true}]}}