{"id":23511,"date":"2026-03-18T08:33:17","date_gmt":"2026-03-18T07:33:17","guid":{"rendered":"https:\/\/hidroterm.dmcsrbija.com\/proizvod\/alat-plimat\/"},"modified":"2026-03-18T08:33:22","modified_gmt":"2026-03-18T07:33:22","slug":"alat-plimat","status":"publish","type":"product","link":"https:\/\/hidroterm.dmcsrbija.com\/ru\/proizvod\/alat-plimat\/","title":{"rendered":"Alat Plimat"},"content":{"rendered":"<article class=\"text-token-text-primary w-full focus:outline-none [--shadow-height:45px] has-data-writing-block:pointer-events-none has-data-writing-block:-mt-(--shadow-height) has-data-writing-block:pt-(--shadow-height) [&amp;:has([data-writing-block])&gt;*]:pointer-events-auto scroll-mt-[calc(var(--header-height)+min(200px,max(70px,20svh)))]\" dir=\"auto\" data-turn-id=\"4b48bf17-080b-4605-933c-63581d76d642\" data-testid=\"conversation-turn-150\" data-scroll-anchor=\"false\" data-turn=\"assistant\">\n<div class=\"text-base my-auto mx-auto [--thread-content-margin:--spacing(4)] @w-sm\/main:[--thread-content-margin:--spacing(6)] @w-lg\/main:[--thread-content-margin:--spacing(16)] px-(--thread-content-margin)\">\n<div class=\"[--thread-content-max-width:40rem] @w-lg\/main:[--thread-content-max-width:48rem] mx-auto max-w-(--thread-content-max-width) flex-1 group\/turn-messages focus-visible:outline-hidden relative flex w-full min-w-0 flex-col agent-turn\">\n<div class=\"flex max-w-full flex-col grow\">\n<div class=\"min-h-8 text-message relative flex w-full flex-col items-end gap-2 text-start break-words whitespace-normal [.text-message+&amp;]:mt-1\" dir=\"auto\" data-message-author-role=\"assistant\" data-message-id=\"9fbe2938-2ae3-403e-91e2-8118f3f67776\" data-message-model-slug=\"gpt-5-2\">\n<div class=\"flex w-full flex-col gap-1 empty:hidden first:pt-[1px]\">\n<div class=\"markdown prose dark:prose-invert w-full break-words light markdown-new-styling\">\n<h2 data-start=\"45\" data-end=\"321\"><strong data-start=\"45\" data-end=\"60\">Alat Plimat<\/strong><\/h2>\n<p data-start=\"45\" data-end=\"321\">Alat Plimat predstavlja pouzdano i prakti\u010dno re\u0161enje namenjeno monta\u017ei i odr\u017eavanju cevnih instalacija izra\u0111enih od PVC i PP materijala. Konstruisan je tako da obezbedi precizno se\u010denje, spajanje i zatezanje elemenata u sistemima za vodovod, navodnjavanje i tehni\u010dku vodu.<\/p>\n<p data-start=\"323\" data-end=\"641\">Ovaj kvalitetan alat izra\u0111en je od izdr\u017eljivih materijala koji obezbe\u0111uju dug radni vek i pouzdanost u svakodnevnoj upotrebi. Ergonomski dizajn omogu\u0107ava udoban rad i lak\u0161e rukovanje, \u010dak i pri du\u017eem kori\u0161\u0107enju. Pogodan je za profesionalne vodoinstalatere, kao i za hobi majstore koji rade sa Plimat fitingom i cevima.<\/p>\n<h3 data-start=\"643\" data-end=\"657\"><strong data-start=\"643\" data-end=\"657\">Prednosti:<\/strong><\/h3>\n<ul>\n<li data-start=\"660\" data-end=\"706\">namenjen radu sa PVC i PP cevima i fitinzima<\/li>\n<li data-start=\"709\" data-end=\"742\">jednostavno i sigurno rukovanje<\/li>\n<li data-start=\"745\" data-end=\"775\">robustna i kvalitetna izrada<\/li>\n<li data-start=\"778\" data-end=\"822\">preciznost pri monta\u017ei i demonta\u017ei sistema<\/li>\n<\/ul>\n<p data-start=\"824\" data-end=\"943\" data-is-last-node=\"\" data-is-only-node=\"\">Idealan je za primenu u doma\u0107instvima, poljoprivredi, industriji i svim sistemima gde se koriste Plimat cevi i fitinzi.<\/p>\n<\/div>\n<\/div>\n<\/div>\n<\/div>\n<div class=\"z-0 flex min-h-[46px] justify-start\"><\/div>\n<\/div>\n<\/div>\n<\/article>\n","protected":false},"excerpt":{"rendered":"<div class=\"flex flex-col text-sm pb-25\">\n<article class=\"text-token-text-primary w-full focus:outline-none [--shadow-height:45px] has-data-writing-block:pointer-events-none has-data-writing-block:-mt-(--shadow-height) has-data-writing-block:pt-(--shadow-height) [&amp;:has([data-writing-block])&gt;*]:pointer-events-auto scroll-mt-[calc(var(--header-height)+min(200px,max(70px,20svh)))]\" dir=\"auto\" data-turn-id=\"request-6936dadc-c4d8-8332-a2a8-c3855dbe9691-16\" data-testid=\"conversation-turn-152\" data-scroll-anchor=\"true\" data-turn=\"assistant\">\n<div class=\"text-base my-auto mx-auto pb-10 [--thread-content-margin:--spacing(4)] @w-sm\/main:[--thread-content-margin:--spacing(6)] @w-lg\/main:[--thread-content-margin:--spacing(16)] px-(--thread-content-margin)\">\n<div class=\"[--thread-content-max-width:40rem] @w-lg\/main:[--thread-content-max-width:48rem] mx-auto max-w-(--thread-content-max-width) flex-1 group\/turn-messages focus-visible:outline-hidden relative flex w-full min-w-0 flex-col agent-turn\">\n<div class=\"flex max-w-full flex-col grow\">\n<div class=\"min-h-8 text-message relative flex w-full flex-col items-end gap-2 text-start break-words whitespace-normal [.text-message+&amp;]:mt-1\" dir=\"auto\" data-message-author-role=\"assistant\" data-message-id=\"890e4d90-9a83-4b9a-a73b-a06c259540d0\" data-message-model-slug=\"gpt-5-2\">\n<div class=\"flex w-full flex-col gap-1 empty:hidden first:pt-[1px]\">\n<div class=\"markdown prose dark:prose-invert w-full break-words light markdown-new-styling\">\n<p data-start=\"261\" data-end=\"513\" data-is-last-node=\"\" data-is-only-node=\"\">Alat Plimat je prakti\u010dan i pouzdan alat za rad sa PVC i PP cevima i fitinzima. Omogu\u0107ava preciznu monta\u017eu, demonta\u017eu i odr\u017eavanje instalacija uz jednostavno rukovanje i dug vek trajanja, idealan je za profesionalnu i ku\u0107nu upotrebu.<\/p>\n<\/div>\n<\/div>\n<\/div>\n<\/div>\n<div class=\"z-0 flex min-h-[46px] justify-start\"><\/div>\n<div class=\"mt-3 w-full empty:hidden\">\n<div class=\"text-center\"><\/div>\n<\/div>\n<\/div>\n<\/div>\n<\/article>\n<\/div>\n<div class=\"pointer-events-none h-px w-px absolute bottom-0\" aria-hidden=\"true\" data-edge=\"true\"><\/div>\n","protected":false},"featured_media":23512,"template":"","meta":[],"product_brand":[],"product_cat":[4993],"product_tag":[],"class_list":{"0":"post-23511","1":"product","2":"type-product","3":"status-publish","4":"has-post-thumbnail","6":"product_cat-cevi-i-fiting-za-bazene","8":"first","9":"instock","10":"sold-individually","11":"product-type-simple"},"_links":{"self":[{"href":"https:\/\/hidroterm.dmcsrbija.com\/ru\/wp-json\/wp\/v2\/product\/23511","targetHints":{"allow":["GET"]}}],"collection":[{"href":"https:\/\/hidroterm.dmcsrbija.com\/ru\/wp-json\/wp\/v2\/product"}],"about":[{"href":"https:\/\/hidroterm.dmcsrbija.com\/ru\/wp-json\/wp\/v2\/types\/product"}],"wp:featuredmedia":[{"embeddable":true,"href":"https:\/\/hidroterm.dmcsrbija.com\/ru\/wp-json\/wp\/v2\/media\/23512"}],"wp:attachment":[{"href":"https:\/\/hidroterm.dmcsrbija.com\/ru\/wp-json\/wp\/v2\/media?parent=23511"}],"wp:term":[{"taxonomy":"product_brand","embeddable":true,"href":"https:\/\/hidroterm.dmcsrbija.com\/ru\/wp-json\/wp\/v2\/product_brand?post=23511"},{"taxonomy":"product_cat","embeddable":true,"href":"https:\/\/hidroterm.dmcsrbija.com\/ru\/wp-json\/wp\/v2\/product_cat?post=23511"},{"taxonomy":"product_tag","embeddable":true,"href":"https:\/\/hidroterm.dmcsrbija.com\/ru\/wp-json\/wp\/v2\/product_tag?post=23511"}],"curies":[{"name":"wp","href":"https:\/\/api.w.org\/{rel}","templated":true}]}}