{"id":23484,"date":"2026-03-18T08:33:12","date_gmt":"2026-03-18T07:33:12","guid":{"rendered":"https:\/\/hidroterm.dmcsrbija.com\/proizvod\/sika-lastic-200w-20kg\/"},"modified":"2026-03-18T08:33:16","modified_gmt":"2026-03-18T07:33:16","slug":"sika-lastic-200w-20kg","status":"publish","type":"product","link":"https:\/\/hidroterm.dmcsrbija.com\/ru\/proizvod\/sika-lastic-200w-20kg\/","title":{"rendered":"Sika Lastic\u00a0200W (20kg)"},"content":{"rendered":"<p data-start=\"108\" data-end=\"500\"><strong data-start=\"108\" data-end=\"137\">Sikalastic\u00ae-200 W (20 kg)<\/strong> je jednokomponentni, te\u010dni hidroizolacioni premaz za unutra\u0161nju upotrebu koji formira fleksibilnu i vodonepropusnu membranu ispod za\u0161titnog sloja kao \u0161to su kerami\u010dke plo\u010dice ili kamene obloge. Namenjen je za hidroizolaciju kupatila, tu\u0161-kabina, kuhinja, prostorija sa vodovodnim instalacijama, kao i hodnika, stepeni\u0161ta i prolaza u javnim i privatnim objektima.<\/p>\n<p data-start=\"502\" data-end=\"747\">Proizvod je spreman za upotrebu, bez sadr\u017eaja rastvara\u010da, i mo\u017ee se nanositi na horizontalne i vertikalne povr\u0161ine, uklju\u010duju\u0107i one sa podnim grejanjem. Nakon nano\u0161enja i o\u010dvr\u0161\u0107avanja membrana mora biti prekrivena odgovaraju\u0107im za\u0161titnim slojem.<\/p>\n<p data-start=\"502\" data-end=\"747\">Potro\u0161nja\u00a0 <strong data-start=\"20\" data-end=\"49\">Sikalastic\u00ae-200 W (20 kg)<\/strong> iznosi pribli\u017eno <strong data-start=\"67\" data-end=\"80\">1,2 kg\/m\u00b2<\/strong><\/p>\n<p data-start=\"502\" data-end=\"747\">Cena po pakovanju.<\/p>","protected":false},"excerpt":{"rendered":"<p>Sikalastic\u00ae-200 W (20 kg) je jednokomponentni, te\u010dni hidroizolacioni premaz za unutra\u0161nju upotrebu koji formira fleksibilnu i vodonepropusnu membranu ispod za\u0161titnog sloja kao \u0161to su kerami\u010dke plo\u010dice ili kamene obloge. Namenjen je za hidroizolaciju kupatila, tu\u0161-kabina, kuhinja, prostorija sa vodovodnim instalacijama, kao i hodnika, stepeni\u0161ta i prolaza u javnim i privatnim objektima. Proizvod je spreman za [&hellip;]<\/p>\n","protected":false},"featured_media":22681,"template":"","meta":[],"product_brand":[],"product_cat":[5006,5007],"product_tag":[],"class_list":{"0":"post-23484","1":"product","2":"type-product","3":"status-publish","4":"has-post-thumbnail","6":"product_cat-gradjevinski-materijal","7":"product_cat-hidroizolacija","9":"first","10":"instock","11":"sold-individually","12":"purchasable","13":"product-type-simple"},"_links":{"self":[{"href":"https:\/\/hidroterm.dmcsrbija.com\/ru\/wp-json\/wp\/v2\/product\/23484","targetHints":{"allow":["GET"]}}],"collection":[{"href":"https:\/\/hidroterm.dmcsrbija.com\/ru\/wp-json\/wp\/v2\/product"}],"about":[{"href":"https:\/\/hidroterm.dmcsrbija.com\/ru\/wp-json\/wp\/v2\/types\/product"}],"wp:featuredmedia":[{"embeddable":true,"href":"https:\/\/hidroterm.dmcsrbija.com\/ru\/wp-json\/wp\/v2\/media\/22681"}],"wp:attachment":[{"href":"https:\/\/hidroterm.dmcsrbija.com\/ru\/wp-json\/wp\/v2\/media?parent=23484"}],"wp:term":[{"taxonomy":"product_brand","embeddable":true,"href":"https:\/\/hidroterm.dmcsrbija.com\/ru\/wp-json\/wp\/v2\/product_brand?post=23484"},{"taxonomy":"product_cat","embeddable":true,"href":"https:\/\/hidroterm.dmcsrbija.com\/ru\/wp-json\/wp\/v2\/product_cat?post=23484"},{"taxonomy":"product_tag","embeddable":true,"href":"https:\/\/hidroterm.dmcsrbija.com\/ru\/wp-json\/wp\/v2\/product_tag?post=23484"}],"curies":[{"name":"wp","href":"https:\/\/api.w.org\/{rel}","templated":true}]}}