{"id":23475,"date":"2026-03-18T08:33:12","date_gmt":"2026-03-18T07:33:12","guid":{"rendered":"https:\/\/hidroterm.dmcsrbija.com\/proizvod\/lajner-za-drveni-ovalni-bazen-model-safran-gre\/"},"modified":"2026-03-18T08:33:15","modified_gmt":"2026-03-18T07:33:15","slug":"lajner-za-drveni-ovalni-bazen-model-safran-gre","status":"publish","type":"product","link":"https:\/\/hidroterm.dmcsrbija.com\/ru\/proizvod\/lajner-za-drveni-ovalni-bazen-model-safran-gre\/","title":{"rendered":"Lajner za drveni ovalni bazen model Safran GRE"},"content":{"rendered":"<h2 data-start=\"105\" data-end=\"169\"><strong>GRE Plava Obloga za Drveni Bazen \u2013 Safran\u00a0637 x 412 x 133 cm<\/strong><\/h2>\n<p data-start=\"171\" data-end=\"427\">Obloga bazena (lajner) je klju\u010dni element koji obezbe\u0111uje potpunu hidroizolaciju bazena i dugotrajan, siguran rad. Izra\u0111en je od kvalitetnog PVC materijala koji garantuje otpornost i dug vek trajanja.<\/p>\n<h3 data-start=\"601\" data-end=\"629\"><strong>Karakteristike proizvoda<\/strong><\/h3>\n<ul>\n<li data-start=\"686\" data-end=\"715\">Model bazena: Varmela<\/li>\n<li data-start=\"718\" data-end=\"735\">Boja: plava<\/li>\n<li data-start=\"738\" data-end=\"775\">Dimenzije bazena: 637 x 412 x 133 cm<\/li>\n<li data-start=\"778\" data-end=\"805\">Visina obloge: 133 cm<\/li>\n<li data-start=\"808\" data-end=\"837\">Debljina obloge: 75\/100<\/li>\n<li data-start=\"840\" data-end=\"860\">Materijal: PVC<\/li>\n<\/ul>\n<h3 data-start=\"867\" data-end=\"885\"><strong>Sistem monta\u017ee<\/strong><\/h3>\n<ul>\n<li>Sistem za ka\u010denje<\/li>\n<li>Omogu\u0107ava ve\u0107u izdr\u017eljivost i znatno olak\u0161ava monta\u017eu<\/li>\n<\/ul>","protected":false},"excerpt":{"rendered":"<p>GRE Plava Obloga za Drveni Bazen \u2013 Safran\u00a0637 x 412 x 133 cm Obloga bazena (lajner) je klju\u010dni element koji obezbe\u0111uje potpunu hidroizolaciju bazena i dugotrajan, siguran rad. Izra\u0111en je od kvalitetnog PVC materijala koji garantuje otpornost i dug vek trajanja. Karakteristike proizvoda Model bazena: Varmela Boja: plava Dimenzije bazena: 637 x 412 x 133 [&hellip;]<\/p>\n","protected":false},"featured_media":23476,"template":"","meta":[],"product_brand":[],"product_cat":[5102,5105],"product_tag":[],"class_list":{"0":"post-23475","1":"product","2":"type-product","3":"status-publish","4":"has-post-thumbnail","6":"product_cat-drveni-bazeni","7":"product_cat-lajneri-gre-za-drvene-bazene","9":"first","10":"instock","11":"sold-individually","12":"purchasable","13":"product-type-simple"},"_links":{"self":[{"href":"https:\/\/hidroterm.dmcsrbija.com\/ru\/wp-json\/wp\/v2\/product\/23475","targetHints":{"allow":["GET"]}}],"collection":[{"href":"https:\/\/hidroterm.dmcsrbija.com\/ru\/wp-json\/wp\/v2\/product"}],"about":[{"href":"https:\/\/hidroterm.dmcsrbija.com\/ru\/wp-json\/wp\/v2\/types\/product"}],"wp:featuredmedia":[{"embeddable":true,"href":"https:\/\/hidroterm.dmcsrbija.com\/ru\/wp-json\/wp\/v2\/media\/23476"}],"wp:attachment":[{"href":"https:\/\/hidroterm.dmcsrbija.com\/ru\/wp-json\/wp\/v2\/media?parent=23475"}],"wp:term":[{"taxonomy":"product_brand","embeddable":true,"href":"https:\/\/hidroterm.dmcsrbija.com\/ru\/wp-json\/wp\/v2\/product_brand?post=23475"},{"taxonomy":"product_cat","embeddable":true,"href":"https:\/\/hidroterm.dmcsrbija.com\/ru\/wp-json\/wp\/v2\/product_cat?post=23475"},{"taxonomy":"product_tag","embeddable":true,"href":"https:\/\/hidroterm.dmcsrbija.com\/ru\/wp-json\/wp\/v2\/product_tag?post=23475"}],"curies":[{"name":"wp","href":"https:\/\/api.w.org\/{rel}","templated":true}]}}