{"id":23471,"date":"2026-03-18T08:33:12","date_gmt":"2026-03-18T07:33:12","guid":{"rendered":"https:\/\/hidroterm.dmcsrbija.com\/proizvod\/drvena-tehnicka-soba-h143cm-787249\/"},"modified":"2026-03-18T08:33:15","modified_gmt":"2026-03-18T07:33:15","slug":"drvena-tehnicka-soba-h143cm-787249","status":"publish","type":"product","link":"https:\/\/hidroterm.dmcsrbija.com\/ru\/proizvod\/drvena-tehnicka-soba-h143cm-787249\/","title":{"rendered":"Drvena tehni\u010dka soba H=143cm (787249)"},"content":{"rendered":"<h2 data-start=\"156\" data-end=\"550\"><strong>Drvena tehni\u010dka soba H=143cm<\/strong><\/h2>\n<p data-start=\"156\" data-end=\"550\">Ova serija drvenih kabina izra\u0111ena je od severnog bora tretiranog autoklavom klase III, dizajnirana tako da se savr\u0161eno uklopi sa razli\u010ditim visinama nadzemnih bazena i svim tipovima bazena. Kabine slu\u017ee kao prakti\u010dan i estetski na\u010din da se sakrije i za\u0161titi dodatna oprema za bazen, poput filtera, ure\u0111aja za \u010di\u0161\u0107enje ili elektri\u010dnog creva, smanjuju\u0107i rizik od o\u0161te\u0107enja ili nezgoda.<\/p>\n<h3 data-start=\"557\" data-end=\"575\"><strong>Karakteristike<\/strong><\/h3>\n<ul>\n<li data-start=\"578\" data-end=\"641\">Materijal: Drvo belog bora tretirano autoklavom klase III<\/li>\n<li data-start=\"644\" data-end=\"677\">Pogodno za: Nadzemne bazene<\/li>\n<li data-start=\"680\" data-end=\"713\">Postavljanje: Na visini tla<\/li>\n<li data-start=\"716\" data-end=\"790\">Sigurnost: Uklju\u010duje bravu sa klju\u010dem na gornjem otvoru sa poklopcem<\/li>\n<li data-start=\"793\" data-end=\"863\">Monta\u017ea: Laka i brza zahvaljuju\u0107i prethodno sklopljenim panelima<\/li>\n<li data-start=\"866\" data-end=\"908\">Fiksiranje: Za pri\u010dvr\u0161\u0107ivanje na zid<\/li>\n<li data-start=\"866\" data-end=\"908\">Dimenzije: V 143 cm, \u0160 100 cm, D 88 cm<\/li>\n<\/ul>","protected":false},"excerpt":{"rendered":"<p>Drvena tehni\u010dka soba H=143cm Ova serija drvenih kabina izra\u0111ena je od severnog bora tretiranog autoklavom klase III, dizajnirana tako da se savr\u0161eno uklopi sa razli\u010ditim visinama nadzemnih bazena i svim tipovima bazena. Kabine slu\u017ee kao prakti\u010dan i estetski na\u010din da se sakrije i za\u0161titi dodatna oprema za bazen, poput filtera, ure\u0111aja za \u010di\u0161\u0107enje ili elektri\u010dnog [&hellip;]<\/p>\n","protected":false},"featured_media":23472,"template":"","meta":[],"product_brand":[],"product_cat":[5102,5104],"product_tag":[],"class_list":{"0":"post-23471","1":"product","2":"type-product","3":"status-publish","4":"has-post-thumbnail","6":"product_cat-drveni-bazeni","7":"product_cat-oprema-za-drvene-bazene","9":"first","10":"instock","11":"sold-individually","12":"purchasable","13":"product-type-simple"},"_links":{"self":[{"href":"https:\/\/hidroterm.dmcsrbija.com\/ru\/wp-json\/wp\/v2\/product\/23471","targetHints":{"allow":["GET"]}}],"collection":[{"href":"https:\/\/hidroterm.dmcsrbija.com\/ru\/wp-json\/wp\/v2\/product"}],"about":[{"href":"https:\/\/hidroterm.dmcsrbija.com\/ru\/wp-json\/wp\/v2\/types\/product"}],"wp:featuredmedia":[{"embeddable":true,"href":"https:\/\/hidroterm.dmcsrbija.com\/ru\/wp-json\/wp\/v2\/media\/23472"}],"wp:attachment":[{"href":"https:\/\/hidroterm.dmcsrbija.com\/ru\/wp-json\/wp\/v2\/media?parent=23471"}],"wp:term":[{"taxonomy":"product_brand","embeddable":true,"href":"https:\/\/hidroterm.dmcsrbija.com\/ru\/wp-json\/wp\/v2\/product_brand?post=23471"},{"taxonomy":"product_cat","embeddable":true,"href":"https:\/\/hidroterm.dmcsrbija.com\/ru\/wp-json\/wp\/v2\/product_cat?post=23471"},{"taxonomy":"product_tag","embeddable":true,"href":"https:\/\/hidroterm.dmcsrbija.com\/ru\/wp-json\/wp\/v2\/product_tag?post=23471"}],"curies":[{"name":"wp","href":"https:\/\/api.w.org\/{rel}","templated":true}]}}