{"id":23469,"date":"2026-03-18T08:33:12","date_gmt":"2026-03-18T07:33:12","guid":{"rendered":"https:\/\/hidroterm.dmcsrbija.com\/proizvod\/marbella-2-set-pravougaoni-bazen-427-x-270-x-119m-7900962\/"},"modified":"2026-03-18T08:33:14","modified_gmt":"2026-03-18T07:33:14","slug":"marbella-2-set-pravougaoni-bazen-427-x-270-x-119m-7900962","status":"publish","type":"product","link":"https:\/\/hidroterm.dmcsrbija.com\/ru\/proizvod\/marbella-2-set-pravougaoni-bazen-427-x-270-x-119m-7900962\/","title":{"rendered":"MARBELLA 2 SET PRAVOUGAONI BAZEN 4,27\u00a0x 2,70\u00a0x 1,19m (7900962)"},"content":{"rendered":"<h2 data-start=\"90\" data-end=\"131\"><strong>GRE Drveni Bazen 420 \u00d7 270 \u00d7 117 cm<\/strong><\/h2>\n<p data-start=\"133\" data-end=\"425\">Kao evropski lider u proizvodnji drvenih bazena, kompanija GRE nudi visokokvalitetne bazene proizvedene u Francuskoj od pa\u017eljivo odabranog francuskog belog (divljeg) bora. Drvo je prirodan, odr\u017eiv i ekolo\u0161ki materijal, poznat po svojoj \u010dvrsto\u0107i, izdr\u017eljivosti i dugom veku trajanja.<\/p>\n<p data-start=\"427\" data-end=\"650\">Rusti\u010dna estetika i jednostavna monta\u017ea \u010dine ovaj bazen idealnim dodatkom svakom vrtu ili dvori\u0161tu, spajaju\u0107i funkcionalnost i eleganciju. Bazen dolazi sa kompletnom opremom koja omogu\u0107ava sigurno i dugotrajno kori\u0161\u0107enje.<\/p>\n<h3 data-start=\"657\" data-end=\"670\"><strong>Dimenzije<\/strong><\/h3>\n<ul>\n<li data-start=\"673\" data-end=\"719\">Spolja\u0161nje dimenzije: 420 \u00d7 270 \u00d7 117 cm<\/li>\n<li data-start=\"722\" data-end=\"768\">Unutra\u0161nje dimenzije: 373 \u00d7 223 \u00d7 114 cm<\/li>\n<li data-start=\"771\" data-end=\"799\">Zapremina vode: 8,6 m\u00b3<\/li>\n<\/ul>\n<h3 data-start=\"806\" data-end=\"832\"><strong>Oprema uklju\u010dena u set<\/strong><\/h3>\n<ul>\n<li data-start=\"835\" data-end=\"899\">Plava PVC obloga sa anti-UV tretmanom, debljine 75\/100<\/li>\n<li data-start=\"902\" data-end=\"1005\">Pe\u0161\u010dani filter \u2013 protok 4 m\u00b3\/h<\/li>\n<li data-start=\"1008\" data-end=\"1089\">Drvene spolja\u0161nje merdevine i unutra\u0161nje merdevine od ner\u0111aju\u0107eg \u010delika<\/li>\n<li data-start=\"1092\" data-end=\"1128\">Za\u0161tita za dno i zidove bazena<\/li>\n<li data-start=\"1131\" data-end=\"1227\">Konstrukcija od francuskog bora \u2013 klasa IV, sa PEFC sertifikatom<\/li>\n<li data-start=\"1230\" data-end=\"1246\">Metalna obloga<\/li>\n<li data-start=\"1249\" data-end=\"1279\">Ugra\u0111ena skimer jedinica<\/li>\n<li data-start=\"1282\" data-end=\"1300\">Priklju\u010dna creva<\/li>\n<li data-start=\"1342\" data-end=\"1381\">Ivice: dvostruke 14,5 \u00d7 2 = 29 cm<\/li>\n<li data-start=\"1384\" data-end=\"1412\">Debljina ivica: 2,8 cm<\/li>\n<\/ul>\n<h3 data-start=\"1419\" data-end=\"1432\"><strong>Garancija<\/strong><\/h3>\n<ul>\n<li data-start=\"1435\" data-end=\"1530\">10 godina produ\u017eene garancije na o\u0161te\u0107enja izazvana napadima insekata i truljenjem drveta<\/li>\n<li data-start=\"1533\" data-end=\"1627\">2 godine garancije na drvenu konstrukciju<\/li>\n<\/ul>\n<h3 data-start=\"1634\" data-end=\"1646\"><strong>Ugradnja<\/strong><\/h3>\n<ul>\n<li data-start=\"1649\" data-end=\"1739\">Mogu\u0107nosti postavljanja:<br data-start=\"1673\" data-end=\"1676\" \/>iznad zemlje, poluu\u0433\u0440\u0430\u0452ena ili potpuno ugra\u0111ena<\/li>\n<li data-start=\"1742\" data-end=\"1849\"><strong>Betonska plo\u010da \u2013 opcionalno:<\/strong><br data-start=\"1774\" data-end=\"1777\" \/><strong>dimenzije 522 \u00d7 372 \u00d7 H15 cm<\/strong><br data-start=\"1811\" data-end=\"1814\" \/><strong>(zapremina betona: 2,91 m\u00b3)<\/strong><\/li>\n<\/ul>\n<p>*Monta\u017ea 1500 eur. +\u00a0 tro\u0161ak prevoza do mesta monta\u017ee<\/p>\n<p>&nbsp;<\/p>\n<p><a href=\"https:\/\/izgradnjabazena.rs\/wp-content\/uploads\/2022\/06\/gre-sertifikat-1-ece38.png\"><img fetchpriority=\"high\" decoding=\"async\" class=\"alignnone size-medium wp-image-19740\" src=\"https:\/\/izgradnjabazena.rs\/wp-content\/uploads\/2022\/06\/gre-sertifikat-1-ece38-208x300.png\" alt=\"\" width=\"208\" height=\"300\" \/><\/a> <a href=\"https:\/\/izgradnjabazena.rs\/wp-content\/uploads\/2022\/06\/gre-sertifikat-2-c3281.png\"><img decoding=\"async\" class=\"alignnone size-medium wp-image-19741\" src=\"https:\/\/izgradnjabazena.rs\/wp-content\/uploads\/2022\/06\/gre-sertifikat-2-c3281-263x300.png\" alt=\"\" width=\"263\" height=\"300\" \/><\/a> <a href=\"https:\/\/izgradnjabazena.rs\/wp-content\/uploads\/2022\/06\/gre-sertifikat-3-c9461.png\"><img decoding=\"async\" class=\"alignnone size-medium wp-image-19742\" src=\"https:\/\/izgradnjabazena.rs\/wp-content\/uploads\/2022\/06\/gre-sertifikat-3-c9461-270x300.png\" alt=\"\" width=\"270\" height=\"300\" \/><\/a><\/p>","protected":false},"excerpt":{"rendered":"<p>GRE Drveni Bazen 420 \u00d7 270 \u00d7 117 cm Kao evropski lider u proizvodnji drvenih bazena, kompanija GRE nudi visokokvalitetne bazene proizvedene u Francuskoj od pa\u017eljivo odabranog francuskog belog (divljeg) bora. Drvo je prirodan, odr\u017eiv i ekolo\u0161ki materijal, poznat po svojoj \u010dvrsto\u0107i, izdr\u017eljivosti i dugom veku trajanja. Rusti\u010dna estetika i jednostavna monta\u017ea \u010dine ovaj bazen [&hellip;]<\/p>\n","protected":false},"featured_media":23470,"template":"","meta":[],"product_brand":[],"product_cat":[5102,5103],"product_tag":[],"class_list":{"0":"post-23469","1":"product","2":"type-product","3":"status-publish","4":"has-post-thumbnail","6":"product_cat-drveni-bazeni","7":"product_cat-drveni-bazeni-set","9":"first","10":"instock","11":"sold-individually","12":"purchasable","13":"product-type-simple"},"_links":{"self":[{"href":"https:\/\/hidroterm.dmcsrbija.com\/ru\/wp-json\/wp\/v2\/product\/23469","targetHints":{"allow":["GET"]}}],"collection":[{"href":"https:\/\/hidroterm.dmcsrbija.com\/ru\/wp-json\/wp\/v2\/product"}],"about":[{"href":"https:\/\/hidroterm.dmcsrbija.com\/ru\/wp-json\/wp\/v2\/types\/product"}],"wp:featuredmedia":[{"embeddable":true,"href":"https:\/\/hidroterm.dmcsrbija.com\/ru\/wp-json\/wp\/v2\/media\/23470"}],"wp:attachment":[{"href":"https:\/\/hidroterm.dmcsrbija.com\/ru\/wp-json\/wp\/v2\/media?parent=23469"}],"wp:term":[{"taxonomy":"product_brand","embeddable":true,"href":"https:\/\/hidroterm.dmcsrbija.com\/ru\/wp-json\/wp\/v2\/product_brand?post=23469"},{"taxonomy":"product_cat","embeddable":true,"href":"https:\/\/hidroterm.dmcsrbija.com\/ru\/wp-json\/wp\/v2\/product_cat?post=23469"},{"taxonomy":"product_tag","embeddable":true,"href":"https:\/\/hidroterm.dmcsrbija.com\/ru\/wp-json\/wp\/v2\/product_tag?post=23469"}],"curies":[{"name":"wp","href":"https:\/\/api.w.org\/{rel}","templated":true}]}}