{"id":23467,"date":"2026-03-18T08:33:12","date_gmt":"2026-03-18T07:33:12","guid":{"rendered":"https:\/\/hidroterm.dmcsrbija.com\/proizvod\/evora-set-pravougaoni-bazen-620-x-420-x-133m-790206\/"},"modified":"2026-03-18T08:33:14","modified_gmt":"2026-03-18T07:33:14","slug":"evora-set-pravougaoni-bazen-620-x-420-x-133m-790206","status":"publish","type":"product","link":"https:\/\/hidroterm.dmcsrbija.com\/ru\/proizvod\/evora-set-pravougaoni-bazen-620-x-420-x-133m-790206\/","title":{"rendered":"EVORA SET PRAVOUGAONI BAZEN 6,20\u00a0x 4,20\u00a0x 1,33m (790206)"},"content":{"rendered":"<h2 data-start=\"90\" data-end=\"131\"><strong>GRE Drveni Bazen 620 \u00d7 420 \u00d7 133 cm<\/strong><\/h2>\n<p data-start=\"133\" data-end=\"410\">Kao evropski lider u proizvodnji drvenih bazena, kompanija GRE nudi visokokvalitetne bazene proizvedene u Francuskoj od pa\u017eljivo odabranog francuskog belog (divljeg) bora. Drvo je prirodan, odr\u017eiv i ekolo\u0161ki materijal, poznat po svojoj \u010dvrsto\u0107i i dugom veku trajanja.<\/p>\n<p data-start=\"412\" data-end=\"585\">Rusti\u010dna estetika i jednostavna monta\u017ea \u010dine ovaj bazen savr\u0161enim dodatkom svakom vrtu ili dvori\u0161tu. Bazen dolazi sa kompletnom opremom za sigurno i dugotrajno kori\u0161\u0107enje.<\/p>\n<h3 data-start=\"592\" data-end=\"605\"><strong>Dimenzije<\/strong><\/h3>\n<ul>\n<li data-start=\"608\" data-end=\"654\">Spolja\u0161nje dimenzije: 620 \u00d7 420 \u00d7 133 cm<\/li>\n<li data-start=\"657\" data-end=\"703\">Unutra\u0161nje dimenzije: 570 \u00d7 373 \u00d7 130 cm<\/li>\n<li data-start=\"706\" data-end=\"735\">Zapremina vode: 24,1 m\u00b3<\/li>\n<\/ul>\n<h3 data-start=\"742\" data-end=\"768\"><strong>Oprema uklju\u010dena u set<\/strong><\/h3>\n<ul>\n<li data-start=\"771\" data-end=\"835\">Plava PVC obloga sa anti-UV tretmanom, debljine 75\/100<\/li>\n<li data-start=\"838\" data-end=\"924\">Pe\u0161\u010dani filter \u2013 protok 8 m\u00b3\/h<\/li>\n<li data-start=\"927\" data-end=\"1008\">Drvene spolja\u0161nje merdevine i unutra\u0161nje merdevine od ner\u0111aju\u0107eg \u010delika<\/li>\n<li data-start=\"1011\" data-end=\"1047\">Za\u0161tita za dno i zidove bazena<\/li>\n<li data-start=\"1050\" data-end=\"1146\">Konstrukcija od\u00a0francuskog bora \u2013 klasa IV, sa PEFC sertifikatom<\/li>\n<li data-start=\"1149\" data-end=\"1165\">Metalna obloga<\/li>\n<li data-start=\"1168\" data-end=\"1198\">Ugra\u0111ena skimer jedinica<\/li>\n<li data-start=\"1201\" data-end=\"1219\">Priklju\u010dna creva<\/li>\n<\/ul>\n<h3 data-start=\"1226\" data-end=\"1239\"><strong>Garancija<\/strong><\/h3>\n<ul>\n<li data-start=\"1242\" data-end=\"1337\">10 godina produ\u017eene garancije na o\u0161te\u0107enja izazvana napadima insekata i truljenjem drveta<\/li>\n<li data-start=\"1340\" data-end=\"1434\">2 godine garancije na drvenu konstrukciju<\/li>\n<\/ul>\n<h3 data-start=\"1441\" data-end=\"1453\"><strong>Ugradnja<\/strong><\/h3>\n<ul>\n<li data-start=\"1456\" data-end=\"1546\">Mogu\u0107nosti postavljanja:<br data-start=\"1480\" data-end=\"1483\" \/>iznad zemlje, poluu\u0433\u0440\u0430\u0452ena ili potpuno ugra\u0111ena<\/li>\n<li data-start=\"1549\" data-end=\"1648\"><strong>Obavezna betonska plo\u010da dimenzija:<\/strong><br data-start=\"1583\" data-end=\"1586\" \/><strong>659 \u00d7 461 \u00d7 H17 cm<\/strong><br data-start=\"1610\" data-end=\"1613\" \/><strong>(zapremina betona: 5,17 m\u00b3)<\/strong><\/li>\n<li data-start=\"1651\" data-end=\"1871\">Napomena: Bazen uklju\u010duje metalni klin koji mora biti postavljen pre pripreme betonske plo\u010de.<\/li>\n<\/ul>\n<p>*Monta\u017ea 1500 eur. +\u00a0 tro\u0161ak prevoza do mesta monta\u017ee<\/p>\n<p>&nbsp;<\/p>\n<p><a href=\"https:\/\/izgradnjabazena.rs\/wp-content\/uploads\/2022\/06\/gre-sertifikat-1-ece38.png\"><img fetchpriority=\"high\" decoding=\"async\" class=\"alignnone size-medium wp-image-19740\" src=\"https:\/\/izgradnjabazena.rs\/wp-content\/uploads\/2022\/06\/gre-sertifikat-1-ece38-208x300.png\" alt=\"\" width=\"208\" height=\"300\" \/><\/a> <a href=\"https:\/\/izgradnjabazena.rs\/wp-content\/uploads\/2022\/06\/gre-sertifikat-2-c3281.png\"><img decoding=\"async\" class=\"alignnone size-medium wp-image-19741\" src=\"https:\/\/izgradnjabazena.rs\/wp-content\/uploads\/2022\/06\/gre-sertifikat-2-c3281-263x300.png\" alt=\"\" width=\"263\" height=\"300\" \/><\/a> <a href=\"https:\/\/izgradnjabazena.rs\/wp-content\/uploads\/2022\/06\/gre-sertifikat-3-c9461.png\"><img decoding=\"async\" class=\"alignnone size-medium wp-image-19742\" src=\"https:\/\/izgradnjabazena.rs\/wp-content\/uploads\/2022\/06\/gre-sertifikat-3-c9461-270x300.png\" alt=\"\" width=\"270\" height=\"300\" \/><\/a><\/p>","protected":false},"excerpt":{"rendered":"<p>GRE Drveni Bazen 620 \u00d7 420 \u00d7 133 cm Kao evropski lider u proizvodnji drvenih bazena, kompanija GRE nudi visokokvalitetne bazene proizvedene u Francuskoj od pa\u017eljivo odabranog francuskog belog (divljeg) bora. Drvo je prirodan, odr\u017eiv i ekolo\u0161ki materijal, poznat po svojoj \u010dvrsto\u0107i i dugom veku trajanja. Rusti\u010dna estetika i jednostavna monta\u017ea \u010dine ovaj bazen savr\u0161enim [&hellip;]<\/p>\n","protected":false},"featured_media":23468,"template":"","meta":[],"product_brand":[],"product_cat":[5102,5103],"product_tag":[],"class_list":{"0":"post-23467","1":"product","2":"type-product","3":"status-publish","4":"has-post-thumbnail","6":"product_cat-drveni-bazeni","7":"product_cat-drveni-bazeni-set","9":"first","10":"instock","11":"sold-individually","12":"purchasable","13":"product-type-simple"},"_links":{"self":[{"href":"https:\/\/hidroterm.dmcsrbija.com\/ru\/wp-json\/wp\/v2\/product\/23467","targetHints":{"allow":["GET"]}}],"collection":[{"href":"https:\/\/hidroterm.dmcsrbija.com\/ru\/wp-json\/wp\/v2\/product"}],"about":[{"href":"https:\/\/hidroterm.dmcsrbija.com\/ru\/wp-json\/wp\/v2\/types\/product"}],"wp:featuredmedia":[{"embeddable":true,"href":"https:\/\/hidroterm.dmcsrbija.com\/ru\/wp-json\/wp\/v2\/media\/23468"}],"wp:attachment":[{"href":"https:\/\/hidroterm.dmcsrbija.com\/ru\/wp-json\/wp\/v2\/media?parent=23467"}],"wp:term":[{"taxonomy":"product_brand","embeddable":true,"href":"https:\/\/hidroterm.dmcsrbija.com\/ru\/wp-json\/wp\/v2\/product_brand?post=23467"},{"taxonomy":"product_cat","embeddable":true,"href":"https:\/\/hidroterm.dmcsrbija.com\/ru\/wp-json\/wp\/v2\/product_cat?post=23467"},{"taxonomy":"product_tag","embeddable":true,"href":"https:\/\/hidroterm.dmcsrbija.com\/ru\/wp-json\/wp\/v2\/product_tag?post=23467"}],"curies":[{"name":"wp","href":"https:\/\/api.w.org\/{rel}","templated":true}]}}