{"id":23465,"date":"2026-03-18T08:33:12","date_gmt":"2026-03-18T07:33:12","guid":{"rendered":"https:\/\/hidroterm.dmcsrbija.com\/proizvod\/braga-set-pravougaoni-bazen-815-x-420-x-146m-790207\/"},"modified":"2026-03-18T08:33:14","modified_gmt":"2026-03-18T07:33:14","slug":"braga-set-pravougaoni-bazen-815-x-420-x-146m-790207","status":"publish","type":"product","link":"https:\/\/hidroterm.dmcsrbija.com\/ru\/proizvod\/braga-set-pravougaoni-bazen-815-x-420-x-146m-790207\/","title":{"rendered":"BRAGA SET PRAVOUGAONI BAZEN 8,15\u00a0x 4,20\u00a0x 1,46m (790207)"},"content":{"rendered":"<h2 data-start=\"111\" data-end=\"159\"><strong>GRE Veliki Drveni Bazen 815 \u00d7 420 \u00d7 146 cm<\/strong><\/h2>\n<p data-start=\"161\" data-end=\"435\">Kao evropski lider u proizvodnji drvenih bazena, kompanija GRE nudi vrhunske bazene proizvedene u Francuskoj od pa\u017eljivo odabranog francuskog belog (divljeg) bora. Drvo je prirodan, odr\u017eiv i ekolo\u0161ki materijal, poznat po svojoj izdr\u017eljivosti i dugom veku trajanja.<\/p>\n<p data-start=\"437\" data-end=\"660\">Jednostavna monta\u017ea i rusti\u010dna estetika \u010dine ovaj bazen idealnim dodatkom svakom vrtu ili dvori\u0161tu, spajaju\u0107i funkcionalnost i eleganciju. Bazen dolazi sa kompletnom opremom koja omogu\u0107ava sigurno i dugotrajno kori\u0161\u0107enje.<\/p>\n<h3 data-start=\"667\" data-end=\"680\"><strong>Dimenzije<\/strong><\/h3>\n<ul>\n<li data-start=\"683\" data-end=\"729\">Spolja\u0161nje dimenzije: 815 \u00d7 420 \u00d7 146 cm<\/li>\n<li data-start=\"732\" data-end=\"778\">Unutra\u0161nje dimenzije: 767 \u00d7 373 \u00d7 142 cm<\/li>\n<li data-start=\"781\" data-end=\"808\">Zapremina vode: 37 m\u00b3<\/li>\n<\/ul>\n<h3 data-start=\"815\" data-end=\"841\"><strong>Oprema uklju\u010dena u set<\/strong><\/h3>\n<ul>\n<li data-start=\"844\" data-end=\"908\">Plava PVC obloga sa anti-UV tretmanom, debljine 75\/100<\/li>\n<li data-start=\"911\" data-end=\"999\">Pe\u0161\u010dani filter \u2013 protok 10 m\u00b3\/h<\/li>\n<li data-start=\"1002\" data-end=\"1083\">Drvene spolja\u0161nje merdevine i unutra\u0161nje merdevine od ner\u0111aju\u0107eg \u010delika<\/li>\n<li data-start=\"1086\" data-end=\"1122\">Za\u0161tita za dno i zidove bazena<\/li>\n<li data-start=\"1125\" data-end=\"1221\">Konstrukcija od\u00a0francuskog bora \u2013 klasa IV, sa PEFC sertifikatom<\/li>\n<li data-start=\"1224\" data-end=\"1240\">Metalna obloga<\/li>\n<li data-start=\"1243\" data-end=\"1273\">Set od 2 skimer jedinice<\/li>\n<li data-start=\"1276\" data-end=\"1294\">Priklju\u010dna creva<\/li>\n<\/ul>\n<h3 data-start=\"1301\" data-end=\"1314\"><strong>Garancija<\/strong><\/h3>\n<ul>\n<li data-start=\"1317\" data-end=\"1414\">10 godina produ\u017eene garancije na o\u0161te\u0107enja uzrokovana napadima insekata i truljenjem drveta<\/li>\n<li data-start=\"1417\" data-end=\"1511\">2 godine garancije na drvenu konstrukciju<\/li>\n<\/ul>\n<h3 data-start=\"1518\" data-end=\"1530\"><strong>Ugradnja<\/strong><\/h3>\n<ul>\n<li data-start=\"1533\" data-end=\"1623\">Mogu\u0107nosti postavljanja:<br data-start=\"1557\" data-end=\"1560\" \/>iznad zemlje, poluukopan ili ukopan<\/li>\n<li data-start=\"1626\" data-end=\"1725\"><strong>Obavezna betonska plo\u010da dimenzija:<\/strong><br data-start=\"1660\" data-end=\"1663\" \/><strong>856 \u00d7 461 \u00d7 H17 cm<\/strong><br data-start=\"1687\" data-end=\"1690\" \/><strong>(zapremina betona: 6,72 m\u00b3)<\/strong><\/li>\n<li data-start=\"1728\" data-end=\"1969\">Napomena: Bazen uklju\u010duje metalni klin koji mora biti postavljen pre pripreme betonske plo\u010de.<\/li>\n<\/ul>\n<p>*Monta\u017ea 1500 eur. +\u00a0 tro\u0161ak prevoza do mesta monta\u017ee<\/p>\n<p>&nbsp;<\/p>\n<p><a href=\"https:\/\/izgradnjabazena.rs\/wp-content\/uploads\/2022\/06\/gre-sertifikat-1-ece38.png\"><img fetchpriority=\"high\" decoding=\"async\" class=\"alignnone size-medium wp-image-19740\" src=\"https:\/\/izgradnjabazena.rs\/wp-content\/uploads\/2022\/06\/gre-sertifikat-1-ece38-208x300.png\" alt=\"\" width=\"208\" height=\"300\" \/><\/a> <a href=\"https:\/\/izgradnjabazena.rs\/wp-content\/uploads\/2022\/06\/gre-sertifikat-2-c3281.png\"><img decoding=\"async\" class=\"alignnone size-medium wp-image-19741\" src=\"https:\/\/izgradnjabazena.rs\/wp-content\/uploads\/2022\/06\/gre-sertifikat-2-c3281-263x300.png\" alt=\"\" width=\"263\" height=\"300\" \/><\/a> <a href=\"https:\/\/izgradnjabazena.rs\/wp-content\/uploads\/2022\/06\/gre-sertifikat-3-c9461.png\"><img decoding=\"async\" class=\"alignnone size-medium wp-image-19742\" src=\"https:\/\/izgradnjabazena.rs\/wp-content\/uploads\/2022\/06\/gre-sertifikat-3-c9461-270x300.png\" alt=\"\" width=\"270\" height=\"300\" \/><\/a><\/p>","protected":false},"excerpt":{"rendered":"<p>GRE Veliki Drveni Bazen 815 \u00d7 420 \u00d7 146 cm Kao evropski lider u proizvodnji drvenih bazena, kompanija GRE nudi vrhunske bazene proizvedene u Francuskoj od pa\u017eljivo odabranog francuskog belog (divljeg) bora. Drvo je prirodan, odr\u017eiv i ekolo\u0161ki materijal, poznat po svojoj izdr\u017eljivosti i dugom veku trajanja. Jednostavna monta\u017ea i rusti\u010dna estetika \u010dine ovaj bazen [&hellip;]<\/p>\n","protected":false},"featured_media":23466,"template":"","meta":[],"product_brand":[],"product_cat":[5102,5103],"product_tag":[],"class_list":{"0":"post-23465","1":"product","2":"type-product","3":"status-publish","4":"has-post-thumbnail","6":"product_cat-drveni-bazeni","7":"product_cat-drveni-bazeni-set","9":"first","10":"instock","11":"sold-individually","12":"purchasable","13":"product-type-simple"},"_links":{"self":[{"href":"https:\/\/hidroterm.dmcsrbija.com\/ru\/wp-json\/wp\/v2\/product\/23465","targetHints":{"allow":["GET"]}}],"collection":[{"href":"https:\/\/hidroterm.dmcsrbija.com\/ru\/wp-json\/wp\/v2\/product"}],"about":[{"href":"https:\/\/hidroterm.dmcsrbija.com\/ru\/wp-json\/wp\/v2\/types\/product"}],"wp:featuredmedia":[{"embeddable":true,"href":"https:\/\/hidroterm.dmcsrbija.com\/ru\/wp-json\/wp\/v2\/media\/23466"}],"wp:attachment":[{"href":"https:\/\/hidroterm.dmcsrbija.com\/ru\/wp-json\/wp\/v2\/media?parent=23465"}],"wp:term":[{"taxonomy":"product_brand","embeddable":true,"href":"https:\/\/hidroterm.dmcsrbija.com\/ru\/wp-json\/wp\/v2\/product_brand?post=23465"},{"taxonomy":"product_cat","embeddable":true,"href":"https:\/\/hidroterm.dmcsrbija.com\/ru\/wp-json\/wp\/v2\/product_cat?post=23465"},{"taxonomy":"product_tag","embeddable":true,"href":"https:\/\/hidroterm.dmcsrbija.com\/ru\/wp-json\/wp\/v2\/product_tag?post=23465"}],"curies":[{"name":"wp","href":"https:\/\/api.w.org\/{rel}","templated":true}]}}