{"id":23463,"date":"2026-03-18T08:33:12","date_gmt":"2026-03-18T07:33:12","guid":{"rendered":"https:\/\/hidroterm.dmcsrbija.com\/proizvod\/mint-set-pravougaoni-bazen-1018-x-427-x-146m-788032\/"},"modified":"2026-03-18T08:33:14","modified_gmt":"2026-03-18T07:33:14","slug":"mint-set-pravougaoni-bazen-1018-x-427-x-146m-788032","status":"publish","type":"product","link":"https:\/\/hidroterm.dmcsrbija.com\/ru\/proizvod\/mint-set-pravougaoni-bazen-1018-x-427-x-146m-788032\/","title":{"rendered":"MINT SET PRAVOUGAONI BAZEN 10,18\u00a0x 4,27\u00a0x 1,46m (788032)"},"content":{"rendered":"<h2 data-start=\"99\" data-end=\"148\"><strong>GRE Veliki Drveni Bazen 1013 \u00d7 418 \u00d7 146 cm<\/strong><\/h2>\n<p data-start=\"150\" data-end=\"453\">Kao evropski lider u proizvodnji drvenih bazena, kompanija GRE nudi vrhunske bazene proizvedene u Francuskoj od pa\u017eljivo odabranog francuskog belog (divljeg) bora. Drvo je prirodan, odr\u017eiv i ekolo\u0161ki materijal, poznat po svojoj \u010dvrsto\u0107i, dugom veku trajanja i otpornosti na spolja\u0161nje uticaje.<\/p>\n<p data-start=\"455\" data-end=\"710\">Rusti\u010dna estetika i jednostavna monta\u017ea \u010dine ovaj bazen savr\u0161enim dodatkom velikim vrtovima, dvori\u0161tima i komercijalnim prostorima, spajaju\u0107i funkcionalnost i eleganciju. Bazen dolazi sa kompletnom opremom koja omogu\u0107ava sigurno i dugotrajno kori\u0161\u0107enje.<\/p>\n<h3 data-start=\"717\" data-end=\"730\"><strong>Dimenzije<\/strong><\/h3>\n<ul>\n<li data-start=\"733\" data-end=\"780\">Spolja\u0161nje dimenzije: 1013 \u00d7 418 \u00d7 146 cm<\/li>\n<li data-start=\"783\" data-end=\"829\">Unutra\u0161nje dimenzije: 965 \u00d7 371 \u00d7 142 cm<\/li>\n<li data-start=\"832\" data-end=\"859\">Zapremina vode: 50 m\u00b3<\/li>\n<\/ul>\n<h3 data-start=\"866\" data-end=\"892\"><strong>Oprema uklju\u010dena u set<\/strong><\/h3>\n<ul>\n<li data-start=\"895\" data-end=\"959\">Plava PVC obloga sa anti-UV tretmanom, debljine 75\/100<\/li>\n<li data-start=\"962\" data-end=\"1050\">Pe\u0161\u010dani filter \u2013 protok 10 m\u00b3\/h<\/li>\n<li data-start=\"1053\" data-end=\"1134\">Drvene spolja\u0161nje merdevine i unutra\u0161nje merdevine od ner\u0111aju\u0107eg \u010delika<\/li>\n<li data-start=\"1137\" data-end=\"1173\">Za\u0161tita za dno i zidove bazena<\/li>\n<li data-start=\"1176\" data-end=\"1272\">Konstrukcija od\u00a0francuskog bora \u2013 klasa IV, sa PEFC sertifikatom<\/li>\n<li data-start=\"1275\" data-end=\"1291\">Metalna obloga<\/li>\n<li data-start=\"1294\" data-end=\"1324\">Set od 2 skimer jedinice<\/li>\n<li data-start=\"1327\" data-end=\"1345\">Priklju\u010dna creva<\/li>\n<\/ul>\n<h3 data-start=\"1352\" data-end=\"1365\"><strong>Garancija<\/strong><\/h3>\n<ul>\n<li data-start=\"1368\" data-end=\"1463\">10 godina produ\u017eene garancije na o\u0161te\u0107enja izazvana napadima insekata i truljenjem drveta<\/li>\n<li data-start=\"1466\" data-end=\"1560\">2 godine garancije na drvenu konstrukciju<\/li>\n<\/ul>\n<h3 data-start=\"1567\" data-end=\"1579\">Ugradnja<\/h3>\n<ul>\n<li data-start=\"1582\" data-end=\"1672\">Mogu\u0107nosti postavljanja:<br data-start=\"1606\" data-end=\"1609\" \/>iznad zemlje, poluukopan ili ukopan<\/li>\n<li data-start=\"1675\" data-end=\"1775\"><strong>Obavezna betonska plo\u010da dimenzija:<\/strong><br data-start=\"1709\" data-end=\"1712\" \/><strong>1053 \u00d7 459 \u00d7 H17 cm<\/strong><br data-start=\"1737\" data-end=\"1740\" \/><strong>(zapremina betona: 8,24 m\u00b3)<\/strong><\/li>\n<li data-start=\"1778\" data-end=\"2019\">Napomena: Bazen uklju\u010duje metalni klin koji mora biti postavljen pre pripreme betonske plo\u010de.<\/li>\n<\/ul>\n<p>*Monta\u017ea 1500 eur. +\u00a0 tro\u0161ak prevoza do mesta monta\u017ee<\/p>\n<p>&nbsp;<\/p>\n<p><a href=\"https:\/\/izgradnjabazena.rs\/wp-content\/uploads\/2022\/06\/gre-sertifikat-1-ece38.png\"><img fetchpriority=\"high\" decoding=\"async\" class=\"alignnone size-medium wp-image-19740\" src=\"https:\/\/izgradnjabazena.rs\/wp-content\/uploads\/2022\/06\/gre-sertifikat-1-ece38-208x300.png\" alt=\"\" width=\"208\" height=\"300\" \/><\/a> <a href=\"https:\/\/izgradnjabazena.rs\/wp-content\/uploads\/2022\/06\/gre-sertifikat-2-c3281.png\"><img decoding=\"async\" class=\"alignnone size-medium wp-image-19741\" src=\"https:\/\/izgradnjabazena.rs\/wp-content\/uploads\/2022\/06\/gre-sertifikat-2-c3281-263x300.png\" alt=\"\" width=\"263\" height=\"300\" \/><\/a> <a href=\"https:\/\/izgradnjabazena.rs\/wp-content\/uploads\/2022\/06\/gre-sertifikat-3-c9461.png\"><img decoding=\"async\" class=\"alignnone size-medium wp-image-19742\" src=\"https:\/\/izgradnjabazena.rs\/wp-content\/uploads\/2022\/06\/gre-sertifikat-3-c9461-270x300.png\" alt=\"\" width=\"270\" height=\"300\" \/><\/a><\/p>","protected":false},"excerpt":{"rendered":"<p>GRE Veliki Drveni Bazen 1013 \u00d7 418 \u00d7 146 cm Kao evropski lider u proizvodnji drvenih bazena, kompanija GRE nudi vrhunske bazene proizvedene u Francuskoj od pa\u017eljivo odabranog francuskog belog (divljeg) bora. Drvo je prirodan, odr\u017eiv i ekolo\u0161ki materijal, poznat po svojoj \u010dvrsto\u0107i, dugom veku trajanja i otpornosti na spolja\u0161nje uticaje. Rusti\u010dna estetika i jednostavna [&hellip;]<\/p>\n","protected":false},"featured_media":23464,"template":"","meta":[],"product_brand":[],"product_cat":[5102,5103],"product_tag":[],"class_list":{"0":"post-23463","1":"product","2":"type-product","3":"status-publish","4":"has-post-thumbnail","6":"product_cat-drveni-bazeni","7":"product_cat-drveni-bazeni-set","9":"first","10":"instock","11":"sold-individually","12":"purchasable","13":"product-type-simple"},"_links":{"self":[{"href":"https:\/\/hidroterm.dmcsrbija.com\/ru\/wp-json\/wp\/v2\/product\/23463","targetHints":{"allow":["GET"]}}],"collection":[{"href":"https:\/\/hidroterm.dmcsrbija.com\/ru\/wp-json\/wp\/v2\/product"}],"about":[{"href":"https:\/\/hidroterm.dmcsrbija.com\/ru\/wp-json\/wp\/v2\/types\/product"}],"wp:featuredmedia":[{"embeddable":true,"href":"https:\/\/hidroterm.dmcsrbija.com\/ru\/wp-json\/wp\/v2\/media\/23464"}],"wp:attachment":[{"href":"https:\/\/hidroterm.dmcsrbija.com\/ru\/wp-json\/wp\/v2\/media?parent=23463"}],"wp:term":[{"taxonomy":"product_brand","embeddable":true,"href":"https:\/\/hidroterm.dmcsrbija.com\/ru\/wp-json\/wp\/v2\/product_brand?post=23463"},{"taxonomy":"product_cat","embeddable":true,"href":"https:\/\/hidroterm.dmcsrbija.com\/ru\/wp-json\/wp\/v2\/product_cat?post=23463"},{"taxonomy":"product_tag","embeddable":true,"href":"https:\/\/hidroterm.dmcsrbija.com\/ru\/wp-json\/wp\/v2\/product_tag?post=23463"}],"curies":[{"name":"wp","href":"https:\/\/api.w.org\/{rel}","templated":true}]}}