{"id":23457,"date":"2026-03-18T08:33:12","date_gmt":"2026-03-18T07:33:12","guid":{"rendered":"https:\/\/hidroterm.dmcsrbija.com\/proizvod\/safran-2-set-ovalni-bazen-620-x-395-x-136m-790089\/"},"modified":"2026-03-18T08:33:13","modified_gmt":"2026-03-18T07:33:13","slug":"safran-2-set-ovalni-bazen-620-x-395-x-136m-790089","status":"publish","type":"product","link":"https:\/\/hidroterm.dmcsrbija.com\/ru\/proizvod\/safran-2-set-ovalni-bazen-620-x-395-x-136m-790089\/","title":{"rendered":"SAFRAN 2 SET OVALNI BAZEN 6,20 X 3,95 X 1,36m (790089)"},"content":{"rendered":"<h2 data-start=\"84\" data-end=\"141\">GRE SAFRAN 2 \u2013 OVALNI DRVENI BAZEN 620 \u00d7 395 \u00d7 136 cm<\/h2>\n<p data-start=\"143\" data-end=\"415\">Kao evropski lider u proizvodnji drvenih bazena, kompanija GRE nudi vrhunske bazene proizvedene u Francuskoj od pa\u017eljivo odabranog francuskog belog (divljeg) bora. Drvo je prirodan, odr\u017eiv i ekolo\u0161ki materijal, poznat po svojoj izdr\u017eljivosti i dugom veku trajanja.<\/p>\n<p data-start=\"417\" data-end=\"682\">Jednostavna monta\u017ea i rusti\u010dna estetika \u010dine ovaj drveni bazen idealnim dodatkom svakom vrtu ili dvori\u0161tu, spajaju\u0107i funkcionalnost i eleganciju. Model SAFRAN 2 isporu\u010duje se kao kompletan paket sa svim neophodnim elementima za bezbedno i dugotrajno kori\u0161\u0107enje.<\/p>\n<h3 data-start=\"967\" data-end=\"980\"><strong>Dimenzije<\/strong><\/h3>\n<ul>\n<li data-start=\"983\" data-end=\"1029\">Spolja\u0161nje dimenzije: 620 \u00d7 395 \u00d7 136 cm<\/li>\n<li data-start=\"1032\" data-end=\"1078\">Unutra\u0161nje dimenzije: 573 \u00d7 348 \u00d7 133 cm<\/li>\n<li data-start=\"1081\" data-end=\"1108\">Zapremina vode: 22 m\u00b3<\/li>\n<\/ul>\n<h3 data-start=\"1115\" data-end=\"1141\"><strong>Oprema uklju\u010dena u set<\/strong><\/h3>\n<ul>\n<li data-start=\"1144\" data-end=\"1208\">Plava PVC obloga sa anti-UV tretmanom, debljine 75\/100<\/li>\n<li data-start=\"1211\" data-end=\"1297\">Pe\u0161\u010dani filter \u2013 protok 8 m\u00b3\/h<\/li>\n<li data-start=\"1300\" data-end=\"1381\">Drvene spolja\u0161nje merdevine i unutra\u0161nje merdevine od ner\u0111aju\u0107eg \u010delika<\/li>\n<li data-start=\"1384\" data-end=\"1420\">Za\u0161tita za dno i zidove bazena<\/li>\n<li data-start=\"1423\" data-end=\"1519\">Konstrukcija od\u00a0francuskog bora \u2013 klasa IV, sa PEFC sertifikatom<\/li>\n<li data-start=\"1522\" data-end=\"1538\">Metalna obloga<\/li>\n<li data-start=\"1541\" data-end=\"1571\">Ugra\u0111ena skimer jedinica<\/li>\n<li data-start=\"1574\" data-end=\"1592\">Priklju\u010dna creva<\/li>\n<li data-start=\"1634\" data-end=\"1673\">Ivice: dvostruke 14,5 \u00d7 2 = 29 cm<\/li>\n<li data-start=\"1676\" data-end=\"1704\">Debljina ivica: 2,8 cm<\/li>\n<\/ul>\n<h3 data-start=\"1711\" data-end=\"1724\"><strong>Garancija<\/strong><\/h3>\n<ul>\n<li data-start=\"1727\" data-end=\"1822\">10 godina produ\u017eene garancije na o\u0161te\u0107enja izazvana napadima insekata i truljenjem drveta<\/li>\n<li data-start=\"1825\" data-end=\"1919\">2 godine garancije na drvenu konstrukciju<\/li>\n<\/ul>\n<h3 data-start=\"1926\" data-end=\"1938\"><strong>Ugradnja<\/strong><\/h3>\n<ul>\n<li data-start=\"1941\" data-end=\"2031\">Mogu\u0107nosti postavljanja:<br data-start=\"1965\" data-end=\"1968\" \/>iznad zemlje, poluukopan ili ukopan<\/li>\n<li data-start=\"2034\" data-end=\"2133\"><strong>Obavezna betonska plo\u010da dimenzija:<\/strong><br data-start=\"2068\" data-end=\"2071\" \/><strong>632 \u00d7 457 \u00d7 H17 cm<\/strong><br data-start=\"2095\" data-end=\"2098\" \/><strong>(zapremina betona: 4,33 m\u00b3)<\/strong><\/li>\n<\/ul>\n<p>*Monta\u017ea bazena 800 eur. + tro\u0161ak prevoza do mesta lokacije<\/p>\n<p>&nbsp;<\/p>\n<p><a href=\"https:\/\/izgradnjabazena.rs\/wp-content\/uploads\/2022\/06\/gre-sertifikat-1-ece38.png\"><img fetchpriority=\"high\" decoding=\"async\" class=\"alignnone size-medium wp-image-19740\" src=\"https:\/\/izgradnjabazena.rs\/wp-content\/uploads\/2022\/06\/gre-sertifikat-1-ece38-208x300.png\" alt=\"\" width=\"208\" height=\"300\" \/><\/a> <a href=\"https:\/\/izgradnjabazena.rs\/wp-content\/uploads\/2022\/06\/gre-sertifikat-2-c3281.png\"><img decoding=\"async\" class=\"alignnone size-medium wp-image-19741\" src=\"https:\/\/izgradnjabazena.rs\/wp-content\/uploads\/2022\/06\/gre-sertifikat-2-c3281-263x300.png\" alt=\"\" width=\"263\" height=\"300\" \/><\/a> <a href=\"https:\/\/izgradnjabazena.rs\/wp-content\/uploads\/2022\/06\/gre-sertifikat-3-c9461.png\"><img decoding=\"async\" class=\"alignnone size-medium wp-image-19742\" src=\"https:\/\/izgradnjabazena.rs\/wp-content\/uploads\/2022\/06\/gre-sertifikat-3-c9461-270x300.png\" alt=\"\" width=\"270\" height=\"300\" \/><\/a><\/p>","protected":false},"excerpt":{"rendered":"<p>GRE SAFRAN 2 \u2013 OVALNI DRVENI BAZEN 620 \u00d7 395 \u00d7 136 cm Kao evropski lider u proizvodnji drvenih bazena, kompanija GRE nudi vrhunske bazene proizvedene u Francuskoj od pa\u017eljivo odabranog francuskog belog (divljeg) bora. Drvo je prirodan, odr\u017eiv i ekolo\u0161ki materijal, poznat po svojoj izdr\u017eljivosti i dugom veku trajanja. Jednostavna monta\u017ea i rusti\u010dna estetika [&hellip;]<\/p>\n","protected":false},"featured_media":23458,"template":"","meta":[],"product_brand":[],"product_cat":[5102,5103],"product_tag":[],"class_list":{"0":"post-23457","1":"product","2":"type-product","3":"status-publish","4":"has-post-thumbnail","6":"product_cat-drveni-bazeni","7":"product_cat-drveni-bazeni-set","9":"first","10":"instock","11":"sold-individually","12":"purchasable","13":"product-type-simple"},"_links":{"self":[{"href":"https:\/\/hidroterm.dmcsrbija.com\/ru\/wp-json\/wp\/v2\/product\/23457","targetHints":{"allow":["GET"]}}],"collection":[{"href":"https:\/\/hidroterm.dmcsrbija.com\/ru\/wp-json\/wp\/v2\/product"}],"about":[{"href":"https:\/\/hidroterm.dmcsrbija.com\/ru\/wp-json\/wp\/v2\/types\/product"}],"wp:featuredmedia":[{"embeddable":true,"href":"https:\/\/hidroterm.dmcsrbija.com\/ru\/wp-json\/wp\/v2\/media\/23458"}],"wp:attachment":[{"href":"https:\/\/hidroterm.dmcsrbija.com\/ru\/wp-json\/wp\/v2\/media?parent=23457"}],"wp:term":[{"taxonomy":"product_brand","embeddable":true,"href":"https:\/\/hidroterm.dmcsrbija.com\/ru\/wp-json\/wp\/v2\/product_brand?post=23457"},{"taxonomy":"product_cat","embeddable":true,"href":"https:\/\/hidroterm.dmcsrbija.com\/ru\/wp-json\/wp\/v2\/product_cat?post=23457"},{"taxonomy":"product_tag","embeddable":true,"href":"https:\/\/hidroterm.dmcsrbija.com\/ru\/wp-json\/wp\/v2\/product_tag?post=23457"}],"curies":[{"name":"wp","href":"https:\/\/api.w.org\/{rel}","templated":true}]}}