{"id":23455,"date":"2026-03-18T08:33:12","date_gmt":"2026-03-18T07:33:12","guid":{"rendered":"https:\/\/hidroterm.dmcsrbija.com\/proizvod\/varmela-set-ovalni-bazen-672-x-472-x-146m-790098\/"},"modified":"2026-03-18T08:33:13","modified_gmt":"2026-03-18T07:33:13","slug":"varmela-set-ovalni-bazen-672-x-472-x-146m-790098","status":"publish","type":"product","link":"https:\/\/hidroterm.dmcsrbija.com\/ru\/proizvod\/varmela-set-ovalni-bazen-672-x-472-x-146m-790098\/","title":{"rendered":"VARMELA SET OVALNI  BAZEN 6,72 X 4,72 X 1,46m (790098)"},"content":{"rendered":"<h2 data-start=\"112\" data-end=\"160\"><strong>GRE Veliki Drveni Bazen 672 \u00d7 472 \u00d7 146 cm<\/strong><\/h2>\n<p data-start=\"162\" data-end=\"470\">Kao evropski lider u proizvodnji drvenih bazena, kompanija GRE nudi vrhunske bazene proizvedene u Francuskoj od pa\u017eljivo odabranog francuskog belog (divljeg) bora. Drvo je prirodan, odr\u017eiv i ekolo\u0161ki materijal, poznat po svojoj izdr\u017eljivosti, dugom veku trajanja i otpornosti na spolja\u0161nje uticaje.<\/p>\n<p data-start=\"472\" data-end=\"696\">Jednostavna monta\u017ea i rusti\u010dna estetika \u010dine ovaj bazen idealnim dodatkom svakom vrtu ili dvori\u0161tu, spajaju\u0107i funkcionalnost i eleganciju. Bazen dolazi sa kompletnom opremom koja omogu\u0107ava bezbedno i dugotrajno kori\u0161\u0107enje.<\/p>\n<h3 data-start=\"703\" data-end=\"716\"><strong>Dimenzije<\/strong><\/h3>\n<ul>\n<li data-start=\"719\" data-end=\"765\">Spolja\u0161nje dimenzije: 672 \u00d7 472 \u00d7 146 cm<\/li>\n<li data-start=\"768\" data-end=\"814\">Unutra\u0161nje dimenzije: 623 \u00d7 423 \u00d7 142 cm<\/li>\n<li data-start=\"817\" data-end=\"844\">Zapremina vode: 31 m\u00b3<\/li>\n<\/ul>\n<h3 data-start=\"851\" data-end=\"877\"><strong>Oprema uklju\u010dena u set<\/strong><\/h3>\n<ul>\n<li data-start=\"880\" data-end=\"944\">Plava PVC obloga sa anti-UV tretmanom, debljine 75\/100<\/li>\n<li data-start=\"947\" data-end=\"1033\">Pe\u0161\u010dani filter \u2013 protok 8 m\u00b3\/h<\/li>\n<li data-start=\"1036\" data-end=\"1117\">Drvene spolja\u0161nje merdevine i unutra\u0161nje merdevine od ner\u0111aju\u0107eg \u010delika<\/li>\n<li data-start=\"1120\" data-end=\"1156\">Za\u0161tita za dno i zidove bazena<\/li>\n<li data-start=\"1159\" data-end=\"1255\">Konstrukcija od francuskog bora \u2013 klasa IV, sa PEFC sertifikatom<\/li>\n<li data-start=\"1258\" data-end=\"1274\">Metalna obloga<\/li>\n<li data-start=\"1277\" data-end=\"1307\">Ugra\u0111ena skimer jedinica<\/li>\n<li data-start=\"1310\" data-end=\"1328\">Priklju\u010dna creva<\/li>\n<\/ul>\n<h3 data-start=\"1335\" data-end=\"1348\"><strong>Garancija<\/strong><\/h3>\n<ul>\n<li data-start=\"1351\" data-end=\"1446\">10 godina produ\u017eene garancije na o\u0161te\u0107enja izazvana napadima insekata i truljenjem drveta<\/li>\n<li data-start=\"1449\" data-end=\"1543\">2 godine garancije na drvenu konstrukciju<\/li>\n<\/ul>\n<h3 data-start=\"1550\" data-end=\"1562\"><strong>Ugradnja<\/strong><\/h3>\n<ul>\n<li data-start=\"1565\" data-end=\"1655\">Mogu\u0107nosti postavljanja:<br data-start=\"1589\" data-end=\"1592\" \/>iznad zemlje, poluukopan ili ukopan<\/li>\n<li data-start=\"1658\" data-end=\"1762\"><strong>Obavezna betonska plo\u010da dimenzija:<\/strong><br data-start=\"1692\" data-end=\"1695\" \/><strong>682 \u00d7 532 \u00d7 H cm (<em data-start=\"1719\" data-end=\"1759\">proveriti visinu u skladu sa projektom<\/em>)<\/strong><\/li>\n<\/ul>\n<p>*Monta\u017ea bazena 800 eur. + tro\u0161ak prevoza do mesta lokacije<\/p>\n<p>&nbsp;<\/p>\n<p>&nbsp;<\/p>\n<p><a href=\"https:\/\/izgradnjabazena.rs\/wp-content\/uploads\/2022\/06\/gre-sertifikat-1-ece38.png\"><img fetchpriority=\"high\" decoding=\"async\" class=\"alignnone size-medium wp-image-19740\" src=\"https:\/\/izgradnjabazena.rs\/wp-content\/uploads\/2022\/06\/gre-sertifikat-1-ece38-208x300.png\" alt=\"\" width=\"208\" height=\"300\" \/><\/a> <a href=\"https:\/\/izgradnjabazena.rs\/wp-content\/uploads\/2022\/06\/gre-sertifikat-2-c3281.png\"><img decoding=\"async\" class=\"alignnone size-medium wp-image-19741\" src=\"https:\/\/izgradnjabazena.rs\/wp-content\/uploads\/2022\/06\/gre-sertifikat-2-c3281-263x300.png\" alt=\"\" width=\"263\" height=\"300\" \/><\/a> <a href=\"https:\/\/izgradnjabazena.rs\/wp-content\/uploads\/2022\/06\/gre-sertifikat-3-c9461.png\"><img decoding=\"async\" class=\"alignnone size-medium wp-image-19742\" src=\"https:\/\/izgradnjabazena.rs\/wp-content\/uploads\/2022\/06\/gre-sertifikat-3-c9461-270x300.png\" alt=\"\" width=\"270\" height=\"300\" \/><\/a><\/p>","protected":false},"excerpt":{"rendered":"<p>GRE Veliki Drveni Bazen 672 \u00d7 472 \u00d7 146 cm Kao evropski lider u proizvodnji drvenih bazena, kompanija GRE nudi vrhunske bazene proizvedene u Francuskoj od pa\u017eljivo odabranog francuskog belog (divljeg) bora. Drvo je prirodan, odr\u017eiv i ekolo\u0161ki materijal, poznat po svojoj izdr\u017eljivosti, dugom veku trajanja i otpornosti na spolja\u0161nje uticaje. Jednostavna monta\u017ea i rusti\u010dna [&hellip;]<\/p>\n","protected":false},"featured_media":23456,"template":"","meta":[],"product_brand":[],"product_cat":[5102,5103],"product_tag":[],"class_list":{"0":"post-23455","1":"product","2":"type-product","3":"status-publish","4":"has-post-thumbnail","6":"product_cat-drveni-bazeni","7":"product_cat-drveni-bazeni-set","9":"first","10":"instock","11":"sold-individually","12":"purchasable","13":"product-type-simple"},"_links":{"self":[{"href":"https:\/\/hidroterm.dmcsrbija.com\/ru\/wp-json\/wp\/v2\/product\/23455","targetHints":{"allow":["GET"]}}],"collection":[{"href":"https:\/\/hidroterm.dmcsrbija.com\/ru\/wp-json\/wp\/v2\/product"}],"about":[{"href":"https:\/\/hidroterm.dmcsrbija.com\/ru\/wp-json\/wp\/v2\/types\/product"}],"wp:featuredmedia":[{"embeddable":true,"href":"https:\/\/hidroterm.dmcsrbija.com\/ru\/wp-json\/wp\/v2\/media\/23456"}],"wp:attachment":[{"href":"https:\/\/hidroterm.dmcsrbija.com\/ru\/wp-json\/wp\/v2\/media?parent=23455"}],"wp:term":[{"taxonomy":"product_brand","embeddable":true,"href":"https:\/\/hidroterm.dmcsrbija.com\/ru\/wp-json\/wp\/v2\/product_brand?post=23455"},{"taxonomy":"product_cat","embeddable":true,"href":"https:\/\/hidroterm.dmcsrbija.com\/ru\/wp-json\/wp\/v2\/product_cat?post=23455"},{"taxonomy":"product_tag","embeddable":true,"href":"https:\/\/hidroterm.dmcsrbija.com\/ru\/wp-json\/wp\/v2\/product_tag?post=23455"}],"curies":[{"name":"wp","href":"https:\/\/api.w.org\/{rel}","templated":true}]}}