{"id":23451,"date":"2026-03-18T08:33:12","date_gmt":"2026-03-18T07:33:12","guid":{"rendered":"https:\/\/hidroterm.dmcsrbija.com\/proizvod\/vanille-2-set-okrugli-bazen-r-40-x-119m-80002\/"},"modified":"2026-03-18T08:33:12","modified_gmt":"2026-03-18T07:33:12","slug":"vanille-2-set-okrugli-bazen-r-40-x-119m-80002","status":"publish","type":"product","link":"https:\/\/hidroterm.dmcsrbija.com\/ru\/proizvod\/vanille-2-set-okrugli-bazen-r-40-x-119m-80002\/","title":{"rendered":"VANILLE 2 SET OKRUGLI BAZEN R 4,0 X 1,19m (80002)"},"content":{"rendered":"<h2 data-start=\"102\" data-end=\"146\"><strong>GRE Okrugli Drveni Bazen \u00d8400 \u00d7 119 cm<\/strong><\/h2>\n<p data-start=\"148\" data-end=\"440\">Kao evropski lider u proizvodnji drvenih bazena, kompanija GRE nudi visokokvalitetne bazene proizvedene u Francuskoj od pa\u017eljivo odabranog francuskog belog (divljeg) bora. Drvo je prirodan, odr\u017eiv i ekolo\u0161ki materijal, poznat po svojoj \u010dvrsto\u0107i, izdr\u017eljivosti i dugom veku trajanja.<\/p>\n<p data-start=\"442\" data-end=\"673\">Jednostavna monta\u017ea i rusti\u010dna estetika \u010dine ovaj drveni bazen idealnim dodatkom svakom vrtu ili dvori\u0161tu, spajaju\u0107i funkcionalnost i eleganciju. Bazen dolazi sa kompletnom opremom koja omogu\u0107ava bezbedno i dugotrajno kori\u0161\u0107enje.<\/p>\n<h3 data-start=\"680\" data-end=\"693\"><strong>Dimenzije<\/strong><\/h3>\n<ul>\n<li data-start=\"696\" data-end=\"737\">Spolja\u0161nje dimenzije: \u00d8400 \u00d7 119 cm<\/li>\n<li data-start=\"740\" data-end=\"781\">Unutra\u0161nje dimenzije: \u00d8343 \u00d7 116 cm<\/li>\n<li data-start=\"784\" data-end=\"810\">Zapremina vode: 8 m\u00b3<\/li>\n<\/ul>\n<h3 data-start=\"817\" data-end=\"843\"><strong>Oprema uklju\u010dena u set<\/strong><\/h3>\n<ul>\n<li data-start=\"846\" data-end=\"910\">Plava PVC obloga sa anti-UV tretmanom, debljine 50\/100<\/li>\n<li data-start=\"913\" data-end=\"1017\">Pe\u0161\u010dani filter \u2013 protok 4 m\u00b3\/h<\/li>\n<li data-start=\"1020\" data-end=\"1101\">Drvene spolja\u0161nje merdevine i unutra\u0161nje merdevine od ner\u0111aju\u0107eg \u010delika<\/li>\n<li data-start=\"1104\" data-end=\"1140\">Za\u0161tita za dno i zidove bazena<\/li>\n<li data-start=\"1143\" data-end=\"1239\">Konstrukcija od francuskog bora \u2013 klasa IV, sa PEFC sertifikatom<\/li>\n<li data-start=\"1242\" data-end=\"1258\">Metalna obloga<\/li>\n<li data-start=\"1261\" data-end=\"1291\">Ugra\u0111ena skimer jedinica<\/li>\n<li data-start=\"1294\" data-end=\"1312\">Priklju\u010dna creva<\/li>\n<\/ul>\n<h3 data-start=\"1319\" data-end=\"1332\"><strong>Garancija<\/strong><\/h3>\n<ul>\n<li data-start=\"1335\" data-end=\"1432\">10 godina produ\u017eene garancije na o\u0161te\u0107enja uzrokovana napadima insekata i truljenjem drveta<\/li>\n<li data-start=\"1435\" data-end=\"1529\">2 godine garancije na drvenu konstrukciju<\/li>\n<\/ul>\n<h3 data-start=\"1536\" data-end=\"1548\"><strong>Ugradnja<\/strong><\/h3>\n<ul>\n<li data-start=\"1551\" data-end=\"1641\">Mogu\u0107nosti postavljanja:<br data-start=\"1575\" data-end=\"1578\" \/>iznad zemlje, poluukopan ili ukopan<\/li>\n<li data-start=\"1644\" data-end=\"1751\"><strong>Betonska plo\u010da \u2013 obavezno:<\/strong><br data-start=\"1676\" data-end=\"1679\" \/><strong>dimenzije 356 \u00d7 356 \u00d7 H10 cm<\/strong><br data-start=\"1713\" data-end=\"1716\" \/><strong>(zapremina betona: 1,27 m\u00b3)<\/strong><\/li>\n<\/ul>\n<p>*Monta\u017ea bazena 600 eur. + tro\u0161ak prevoza do mesta lokacije<\/p>\n<p>&nbsp;<\/p>\n<p>&nbsp;<\/p>\n<p><a href=\"https:\/\/izgradnjabazena.rs\/wp-content\/uploads\/2022\/06\/gre-sertifikat-1-ece38.png\"><img fetchpriority=\"high\" decoding=\"async\" class=\"alignnone size-medium wp-image-19740\" src=\"https:\/\/izgradnjabazena.rs\/wp-content\/uploads\/2022\/06\/gre-sertifikat-1-ece38-208x300.png\" alt=\"\" width=\"208\" height=\"300\" \/><\/a> <a href=\"https:\/\/izgradnjabazena.rs\/wp-content\/uploads\/2022\/06\/gre-sertifikat-2-c3281.png\"><img decoding=\"async\" class=\"alignnone size-medium wp-image-19741\" src=\"https:\/\/izgradnjabazena.rs\/wp-content\/uploads\/2022\/06\/gre-sertifikat-2-c3281-263x300.png\" alt=\"\" width=\"263\" height=\"300\" \/><\/a> <a href=\"https:\/\/izgradnjabazena.rs\/wp-content\/uploads\/2022\/06\/gre-sertifikat-3-c9461.png\"><img decoding=\"async\" class=\"alignnone size-medium wp-image-19742\" src=\"https:\/\/izgradnjabazena.rs\/wp-content\/uploads\/2022\/06\/gre-sertifikat-3-c9461-270x300.png\" alt=\"\" width=\"270\" height=\"300\" \/><\/a><\/p>","protected":false},"excerpt":{"rendered":"<p>GRE Okrugli Drveni Bazen \u00d8400 \u00d7 119 cm Kao evropski lider u proizvodnji drvenih bazena, kompanija GRE nudi visokokvalitetne bazene proizvedene u Francuskoj od pa\u017eljivo odabranog francuskog belog (divljeg) bora. Drvo je prirodan, odr\u017eiv i ekolo\u0161ki materijal, poznat po svojoj \u010dvrsto\u0107i, izdr\u017eljivosti i dugom veku trajanja. Jednostavna monta\u017ea i rusti\u010dna estetika \u010dine ovaj drveni bazen [&hellip;]<\/p>\n","protected":false},"featured_media":23452,"template":"","meta":[],"product_brand":[],"product_cat":[5102,5103],"product_tag":[],"class_list":{"0":"post-23451","1":"product","2":"type-product","3":"status-publish","4":"has-post-thumbnail","6":"product_cat-drveni-bazeni","7":"product_cat-drveni-bazeni-set","9":"first","10":"instock","11":"sold-individually","12":"purchasable","13":"product-type-simple"},"_links":{"self":[{"href":"https:\/\/hidroterm.dmcsrbija.com\/ru\/wp-json\/wp\/v2\/product\/23451","targetHints":{"allow":["GET"]}}],"collection":[{"href":"https:\/\/hidroterm.dmcsrbija.com\/ru\/wp-json\/wp\/v2\/product"}],"about":[{"href":"https:\/\/hidroterm.dmcsrbija.com\/ru\/wp-json\/wp\/v2\/types\/product"}],"wp:featuredmedia":[{"embeddable":true,"href":"https:\/\/hidroterm.dmcsrbija.com\/ru\/wp-json\/wp\/v2\/media\/23452"}],"wp:attachment":[{"href":"https:\/\/hidroterm.dmcsrbija.com\/ru\/wp-json\/wp\/v2\/media?parent=23451"}],"wp:term":[{"taxonomy":"product_brand","embeddable":true,"href":"https:\/\/hidroterm.dmcsrbija.com\/ru\/wp-json\/wp\/v2\/product_brand?post=23451"},{"taxonomy":"product_cat","embeddable":true,"href":"https:\/\/hidroterm.dmcsrbija.com\/ru\/wp-json\/wp\/v2\/product_cat?post=23451"},{"taxonomy":"product_tag","embeddable":true,"href":"https:\/\/hidroterm.dmcsrbija.com\/ru\/wp-json\/wp\/v2\/product_tag?post=23451"}],"curies":[{"name":"wp","href":"https:\/\/api.w.org\/{rel}","templated":true}]}}