{"id":23449,"date":"2026-03-18T08:33:12","date_gmt":"2026-03-18T07:33:12","guid":{"rendered":"https:\/\/hidroterm.dmcsrbija.com\/proizvod\/violette-2-set-okrugli-bazen-r-50-x-127m-800003\/"},"modified":"2026-03-18T08:33:12","modified_gmt":"2026-03-18T07:33:12","slug":"violette-2-set-okrugli-bazen-r-50-x-127m-800003","status":"publish","type":"product","link":"https:\/\/hidroterm.dmcsrbija.com\/ru\/proizvod\/violette-2-set-okrugli-bazen-r-50-x-127m-800003\/","title":{"rendered":"VIOLETTE 2 SET OKRUGLI BAZEN R 5,0 X 1,27m (800003)"},"content":{"rendered":"<h2 data-start=\"97\" data-end=\"141\"><strong>GRE Okrugli Drveni Bazen \u00d8500 \u00d7 127 cm<\/strong><\/h2>\n<p data-start=\"143\" data-end=\"425\">Kao evropski lider u proizvodnji drvenih bazena, kompanija GRE nudi visokokvalitetne bazene proizvedene u Francuskoj od pa\u017eljivo odabranog francuskog belog (divljeg) bora. Drvo je prirodan, odr\u017eiv i ekolo\u0161ki materijal, poznat po svojoj izdr\u017eljivosti i dugom veku trajanja.<\/p>\n<p data-start=\"427\" data-end=\"651\">Jednostavna monta\u017ea i rusti\u010dna estetika \u010dine ovaj bazen idealnim dodatkom svakom vrtu ili dvori\u0161tu, spajaju\u0107i funkcionalnost i eleganciju. Model dolazi sa kompletnom opremom koja omogu\u0107ava bezbedno i dugotrajno kori\u0161\u0107enje.<\/p>\n<h3 data-start=\"658\" data-end=\"671\"><strong>Dimenzije<\/strong><\/h3>\n<ul>\n<li data-start=\"674\" data-end=\"715\">Spolja\u0161nje dimenzije: \u00d8500 \u00d7 127 cm<\/li>\n<li data-start=\"718\" data-end=\"759\">Unutra\u0161nje dimenzije: \u00d8442 \u00d7 124 cm<\/li>\n<li data-start=\"762\" data-end=\"791\">Zapremina vode: 15,5 m\u00b3<\/li>\n<\/ul>\n<h3 data-start=\"798\" data-end=\"824\"><strong>Oprema uklju\u010dena u set<\/strong><\/h3>\n<ul>\n<li data-start=\"827\" data-end=\"891\">Plava PVC obloga sa anti-UV tretmanom, debljine 75\/100<\/li>\n<li data-start=\"894\" data-end=\"980\">Pe\u0161\u010dani filter \u2013 protok 6 m\u00b3\/h<\/li>\n<li data-start=\"983\" data-end=\"1064\">Drvene spolja\u0161nje merdevine i unutra\u0161nje merdevine od ner\u0111aju\u0107eg \u010delika<\/li>\n<li data-start=\"1067\" data-end=\"1103\">Za\u0161tita za dno i zidove bazena<\/li>\n<li data-start=\"1106\" data-end=\"1202\">Konstrukcija od\u00a0francuskog bora \u2013 klasa IV, sa PEFC sertifikatom<\/li>\n<li data-start=\"1205\" data-end=\"1221\">Metalna obloga<\/li>\n<li data-start=\"1224\" data-end=\"1254\">Ugra\u0111ena skimer jedinica<\/li>\n<li data-start=\"1257\" data-end=\"1275\">Priklju\u010dna creva<\/li>\n<\/ul>\n<h3 data-start=\"1282\" data-end=\"1295\"><strong>Garancija<\/strong><\/h3>\n<ul>\n<li>10 godina produ\u017eene garancije na o\u0161te\u0107enja uzrokovana napadima insekata i truljenjem drveta<\/li>\n<li>2 godine garancije na drvenu konstrukciju<\/li>\n<\/ul>\n<h3 data-start=\"1499\" data-end=\"1511\"><strong>Ugradnja<\/strong><\/h3>\n<ul>\n<li data-start=\"1514\" data-end=\"1604\">Mogu\u0107nosti postavljanja:<br data-start=\"1538\" data-end=\"1541\" \/>iznad zemlje, poluukopan ili ukopan<\/li>\n<li data-start=\"1607\" data-end=\"1714\"><strong>Betonska plo\u010da \u2013 opcionalno:<\/strong><br data-start=\"1639\" data-end=\"1642\" \/><strong>dimenzije 467 \u00d7 467 \u00d7 H10 cm<\/strong><br data-start=\"1676\" data-end=\"1679\" \/><strong>(zapremina betona: 2,18 m\u00b3)<\/strong><\/li>\n<\/ul>\n<p>*Monta\u017ea bazena 600 eur. + tro\u0161ak prevoza do mesta lokacije<\/p>\n<p>&nbsp;<\/p>\n<p><a href=\"https:\/\/izgradnjabazena.rs\/wp-content\/uploads\/2022\/06\/gre-sertifikat-1-ece38.png\"><img fetchpriority=\"high\" decoding=\"async\" class=\"alignnone size-medium wp-image-19740\" src=\"https:\/\/izgradnjabazena.rs\/wp-content\/uploads\/2022\/06\/gre-sertifikat-1-ece38-208x300.png\" alt=\"\" width=\"208\" height=\"300\" \/><\/a> <a href=\"https:\/\/izgradnjabazena.rs\/wp-content\/uploads\/2022\/06\/gre-sertifikat-2-c3281.png\"><img decoding=\"async\" class=\"alignnone size-medium wp-image-19741\" src=\"https:\/\/izgradnjabazena.rs\/wp-content\/uploads\/2022\/06\/gre-sertifikat-2-c3281-263x300.png\" alt=\"\" width=\"263\" height=\"300\" \/><\/a> <a href=\"https:\/\/izgradnjabazena.rs\/wp-content\/uploads\/2022\/06\/gre-sertifikat-3-c9461.png\"><img decoding=\"async\" class=\"alignnone size-medium wp-image-19742\" src=\"https:\/\/izgradnjabazena.rs\/wp-content\/uploads\/2022\/06\/gre-sertifikat-3-c9461-270x300.png\" alt=\"\" width=\"270\" height=\"300\" \/><\/a><\/p>","protected":false},"excerpt":{"rendered":"<p>GRE Okrugli Drveni Bazen \u00d8500 \u00d7 127 cm Kao evropski lider u proizvodnji drvenih bazena, kompanija GRE nudi visokokvalitetne bazene proizvedene u Francuskoj od pa\u017eljivo odabranog francuskog belog (divljeg) bora. Drvo je prirodan, odr\u017eiv i ekolo\u0161ki materijal, poznat po svojoj izdr\u017eljivosti i dugom veku trajanja. Jednostavna monta\u017ea i rusti\u010dna estetika \u010dine ovaj bazen idealnim dodatkom [&hellip;]<\/p>\n","protected":false},"featured_media":23450,"template":"","meta":[],"product_brand":[],"product_cat":[5102,5103],"product_tag":[],"class_list":{"0":"post-23449","1":"product","2":"type-product","3":"status-publish","4":"has-post-thumbnail","6":"product_cat-drveni-bazeni","7":"product_cat-drveni-bazeni-set","9":"first","10":"instock","11":"sold-individually","12":"purchasable","13":"product-type-simple"},"_links":{"self":[{"href":"https:\/\/hidroterm.dmcsrbija.com\/ru\/wp-json\/wp\/v2\/product\/23449","targetHints":{"allow":["GET"]}}],"collection":[{"href":"https:\/\/hidroterm.dmcsrbija.com\/ru\/wp-json\/wp\/v2\/product"}],"about":[{"href":"https:\/\/hidroterm.dmcsrbija.com\/ru\/wp-json\/wp\/v2\/types\/product"}],"wp:featuredmedia":[{"embeddable":true,"href":"https:\/\/hidroterm.dmcsrbija.com\/ru\/wp-json\/wp\/v2\/media\/23450"}],"wp:attachment":[{"href":"https:\/\/hidroterm.dmcsrbija.com\/ru\/wp-json\/wp\/v2\/media?parent=23449"}],"wp:term":[{"taxonomy":"product_brand","embeddable":true,"href":"https:\/\/hidroterm.dmcsrbija.com\/ru\/wp-json\/wp\/v2\/product_brand?post=23449"},{"taxonomy":"product_cat","embeddable":true,"href":"https:\/\/hidroterm.dmcsrbija.com\/ru\/wp-json\/wp\/v2\/product_cat?post=23449"},{"taxonomy":"product_tag","embeddable":true,"href":"https:\/\/hidroterm.dmcsrbija.com\/ru\/wp-json\/wp\/v2\/product_tag?post=23449"}],"curies":[{"name":"wp","href":"https:\/\/api.w.org\/{rel}","templated":true}]}}