{"id":23430,"date":"2026-03-18T08:33:05","date_gmt":"2026-03-18T07:33:05","guid":{"rendered":"https:\/\/hidroterm.dmcsrbija.com\/proizvod\/skimer-motorizovani-za-nadzemne-bazene-70w-3-4m3-gre-ar124\/"},"modified":"2026-03-18T08:33:09","modified_gmt":"2026-03-18T07:33:09","slug":"skimer-motorizovani-za-nadzemne-bazene-70w-3-4m3-gre-ar124","status":"publish","type":"product","link":"https:\/\/hidroterm.dmcsrbija.com\/ru\/proizvod\/skimer-motorizovani-za-nadzemne-bazene-70w-3-4m3-gre-ar124\/","title":{"rendered":"Skimer motorizovani za nadzemne bazene 70W 3-4m3 GRE (AR124)"},"content":{"rendered":"<h2><strong>Skimer motorizovani za nadzemne bazene 70W 3-4m3 GRE<\/strong><\/h2>\n<p>Kertrid\u017e filteri ili skim filteri su jeftiniji proizvodi od pe\u0161\u010danih filtera,a posebno su dizajnirani za nadzemne bazene sa zapreminom vode od 30 m\u00b3. Veoma su jednostavni za upotrebu, a njihovo odr\u017eavanje podrazumeva \u010di\u0161\u0107enje ili zamenu kertrid\u017ea ili filtera kada je za\u010depljen prekomernom prljav\u0161tinom. Radi tako \u0161to sakuplja vodu sa vrha koja se, nakon filtriranja, vra\u0107a u bazen. Ima kapacitet filtriranja 3800l\/h pri snazi od 70 W. Postoje dva nosa\u010da koji olak\u0161avaju instalaciju.<br \/>\nProtok filtera (m\u00b3\/h): Od 3 do 4 m\u00b3\/h<\/p>\n<h3><strong>Karakteristike:<\/strong><\/h3>\n<ul>\n<li>unutrasnji viseci skimer<\/li>\n<li>namenjen nadzemnim bazenima<\/li>\n<li>filter protoka :3m3-4m3\/h<\/li>\n<li>za bazene do 30m3<\/li>\n<li>jednostavno i lako odr\u017eavanje<\/li>\n<li>kapacitet filtriranja :3 800l\/h<\/li>\n<li>snaga 70w<\/li>\n<li>rezervni filter :AR82<\/li>\n<li>boja : plava<\/li>\n<\/ul>","protected":false},"excerpt":{"rendered":"<p data-start=\"226\" data-end=\"390\">Motorizovani skimer GRE snage 70 W namenjen je nadzemnim bazenima i omogu\u0107ava efikasno uklanjanje povr\u0161inskih ne\u010disto\u0107a bez potrebe za dodatnom filtracionom pumpom.<\/p>","protected":false},"featured_media":23431,"template":"","meta":[],"product_brand":[],"product_cat":[4966],"product_tag":[],"class_list":{"0":"post-23430","1":"product","2":"type-product","3":"status-publish","4":"has-post-thumbnail","6":"product_cat-skimeri","8":"first","9":"instock","10":"sold-individually","11":"purchasable","12":"product-type-simple"},"_links":{"self":[{"href":"https:\/\/hidroterm.dmcsrbija.com\/ru\/wp-json\/wp\/v2\/product\/23430","targetHints":{"allow":["GET"]}}],"collection":[{"href":"https:\/\/hidroterm.dmcsrbija.com\/ru\/wp-json\/wp\/v2\/product"}],"about":[{"href":"https:\/\/hidroterm.dmcsrbija.com\/ru\/wp-json\/wp\/v2\/types\/product"}],"wp:featuredmedia":[{"embeddable":true,"href":"https:\/\/hidroterm.dmcsrbija.com\/ru\/wp-json\/wp\/v2\/media\/23431"}],"wp:attachment":[{"href":"https:\/\/hidroterm.dmcsrbija.com\/ru\/wp-json\/wp\/v2\/media?parent=23430"}],"wp:term":[{"taxonomy":"product_brand","embeddable":true,"href":"https:\/\/hidroterm.dmcsrbija.com\/ru\/wp-json\/wp\/v2\/product_brand?post=23430"},{"taxonomy":"product_cat","embeddable":true,"href":"https:\/\/hidroterm.dmcsrbija.com\/ru\/wp-json\/wp\/v2\/product_cat?post=23430"},{"taxonomy":"product_tag","embeddable":true,"href":"https:\/\/hidroterm.dmcsrbija.com\/ru\/wp-json\/wp\/v2\/product_tag?post=23430"}],"curies":[{"name":"wp","href":"https:\/\/api.w.org\/{rel}","templated":true}]}}