{"id":23428,"date":"2026-03-18T08:33:05","date_gmt":"2026-03-18T07:33:05","guid":{"rendered":"https:\/\/hidroterm.dmcsrbija.com\/proizvod\/skim-filter-za-nadzemne-bazene-70w-3-4m3-gre-ar125\/"},"modified":"2026-03-18T08:33:08","modified_gmt":"2026-03-18T07:33:08","slug":"skim-filter-za-nadzemne-bazene-70w-3-4m3-gre-ar125","status":"publish","type":"product","link":"https:\/\/hidroterm.dmcsrbija.com\/ru\/proizvod\/skim-filter-za-nadzemne-bazene-70w-3-4m3-gre-ar125\/","title":{"rendered":"Skim filter za nadzemne bazene 70W 3-4m3 Gre (AR125)"},"content":{"rendered":"<h2><strong>Skim filter za nadzemne bazene 70W 3-4m3 Gre<\/strong><\/h2>\n<p>Kertrid\u017e filteri ili skim filteri su jeftiniji proizvodi od pe\u0161\u010danih filtera, a posebno su dizajnirani za nadzemne bazene sa srednje niskom zapreminom vode. Veoma su jednostavni za upotrebu, a njihovo odr\u017eavanje podrazumeva \u010di\u0161\u0107enje ili zamenu kertrid\u017ea ili filtera kada je za\u010depljen prekomernom prljav\u0161tinom. Radi tako \u0161to sakuplja vodu sa vrha koja se, nakon filtriranja, vra\u0107a u bazen.<\/p>\n<p>Ima kapacitet filtriranja 3800 l\/h pri snazi od 70 W i obavlja funkcije skimera i pre\u010dista\u010da.<\/p>\n<h3><strong>Karakteristike:<\/strong><\/h3>\n<ul>\n<li>filter protoka : 3m3-4m3\/h<\/li>\n<li>kapacitet filtriranja :3 800 l\/h<\/li>\n<li>snaga :70W<\/li>\n<li>rezervni filter :AP82<\/li>\n<li>boja : bela<\/li>\n<\/ul>","protected":false},"excerpt":{"rendered":"<p>Skim filter za nadzemne bazene 70W 3-4m3 Gre Kertrid\u017e filteri ili skim filteri su jeftiniji proizvodi od pe\u0161\u010danih filtera, a posebno su dizajnirani za nadzemne bazene sa srednje niskom zapreminom vode. Veoma su jednostavni za upotrebu, a njihovo odr\u017eavanje podrazumeva \u010di\u0161\u0107enje ili zamenu kertrid\u017ea ili filtera kada je za\u010depljen prekomernom prljav\u0161tinom. Radi tako \u0161to sakuplja [&hellip;]<\/p>\n","protected":false},"featured_media":23429,"template":"","meta":[],"product_brand":[],"product_cat":[4966],"product_tag":[],"class_list":{"0":"post-23428","1":"product","2":"type-product","3":"status-publish","4":"has-post-thumbnail","6":"product_cat-skimeri","8":"first","9":"instock","10":"sold-individually","11":"purchasable","12":"product-type-simple"},"_links":{"self":[{"href":"https:\/\/hidroterm.dmcsrbija.com\/ru\/wp-json\/wp\/v2\/product\/23428","targetHints":{"allow":["GET"]}}],"collection":[{"href":"https:\/\/hidroterm.dmcsrbija.com\/ru\/wp-json\/wp\/v2\/product"}],"about":[{"href":"https:\/\/hidroterm.dmcsrbija.com\/ru\/wp-json\/wp\/v2\/types\/product"}],"wp:featuredmedia":[{"embeddable":true,"href":"https:\/\/hidroterm.dmcsrbija.com\/ru\/wp-json\/wp\/v2\/media\/23429"}],"wp:attachment":[{"href":"https:\/\/hidroterm.dmcsrbija.com\/ru\/wp-json\/wp\/v2\/media?parent=23428"}],"wp:term":[{"taxonomy":"product_brand","embeddable":true,"href":"https:\/\/hidroterm.dmcsrbija.com\/ru\/wp-json\/wp\/v2\/product_brand?post=23428"},{"taxonomy":"product_cat","embeddable":true,"href":"https:\/\/hidroterm.dmcsrbija.com\/ru\/wp-json\/wp\/v2\/product_cat?post=23428"},{"taxonomy":"product_tag","embeddable":true,"href":"https:\/\/hidroterm.dmcsrbija.com\/ru\/wp-json\/wp\/v2\/product_tag?post=23428"}],"curies":[{"name":"wp","href":"https:\/\/api.w.org\/{rel}","templated":true}]}}