{"id":23426,"date":"2026-03-18T08:33:05","date_gmt":"2026-03-18T07:33:05","guid":{"rendered":"https:\/\/hidroterm.dmcsrbija.com\/proizvod\/klapna-za-mini-skimer-gre-ar501\/"},"modified":"2026-03-18T08:33:08","modified_gmt":"2026-03-18T07:33:08","slug":"klapna-za-mini-skimer-gre-ar501","status":"publish","type":"product","link":"https:\/\/hidroterm.dmcsrbija.com\/ru\/proizvod\/klapna-za-mini-skimer-gre-ar501\/","title":{"rendered":"Klapna za mini skimer GRE (AR501)"},"content":{"rendered":"<h2><strong>Klapna za mini skimer GRE (AR501)<\/strong><\/h2>\n<p data-start=\"375\" data-end=\"849\">Klapna za mini skimer GRE predstavlja va\u017ean rezervni deo mini skimera. Postavlja se unutar ku\u0107i\u0161ta skimer GRE i omogu\u0107ava nesmetan protok vode prema pumpi, dok spre\u010dava povrat vode u bazen kada pumpa nije u radu. Izra\u0111ena je od kvalitetne plastike otporne na UV zra\u010denje, bazensku hemiju i mehani\u010dka optere\u0107enja, \u0161to garantuje dugotrajnu i pouzdanu upotrebu. Redovna upotreba klapne \u0161titi bazensku pumpu i filter, smanjuje optere\u0107enje sistema i olak\u0161ava odr\u017eavanje bazena.<\/p>\n<p><strong>Dimenzije :<\/strong> 12 x 14.5 x 2cm<\/p>\n<h3 data-start=\"1160\" data-end=\"1183\"><strong data-start=\"1164\" data-end=\"1183\">Gde se ugra\u0111uje<\/strong><\/h3>\n<ul>\n<li data-start=\"1186\" data-end=\"1245\">Mini skimer GRE u monta\u017enim bazenima (beton i PVC lajner)<\/li>\n<li data-start=\"1248\" data-end=\"1279\">Privatni i manji javni bazeni<\/li>\n<\/ul>\n<p data-start=\"1281\" data-end=\"1366\">Ugra\u0111uje se unutar ku\u0107i\u0161ta mini skimera i lako se uklanja radi \u010di\u0161\u0107enja ili zamene.<\/p>\n<div id=\"gtx-trans\" style=\"position: absolute;left: 510px;top: 41px\"><\/div>","protected":false},"excerpt":{"rendered":"<p data-start=\"170\" data-end=\"345\">Klapna za mini skimer GRE omogu\u0107ava kontrolisan protok vode kroz mini skimer i spre\u010dava povratni tok vode, \u010dime \u0161titi pumpu i filter bazena i pove\u0107ava efikasnost filtracije.<\/p>","protected":false},"featured_media":23427,"template":"","meta":[],"product_brand":[],"product_cat":[5087,5088,5086],"product_tag":[],"class_list":{"0":"post-23426","1":"product","2":"type-product","3":"status-publish","4":"has-post-thumbnail","6":"product_cat-oprema-za-bazene-skimeribazeni","7":"product_cat-rezervni-delovi-za-bazensku-opremu-oprema-za-bazene-skimeribazeni","8":"product_cat-skimeribazeni","10":"first","11":"instock","12":"sold-individually","13":"purchasable","14":"product-type-simple"},"_links":{"self":[{"href":"https:\/\/hidroterm.dmcsrbija.com\/ru\/wp-json\/wp\/v2\/product\/23426","targetHints":{"allow":["GET"]}}],"collection":[{"href":"https:\/\/hidroterm.dmcsrbija.com\/ru\/wp-json\/wp\/v2\/product"}],"about":[{"href":"https:\/\/hidroterm.dmcsrbija.com\/ru\/wp-json\/wp\/v2\/types\/product"}],"wp:featuredmedia":[{"embeddable":true,"href":"https:\/\/hidroterm.dmcsrbija.com\/ru\/wp-json\/wp\/v2\/media\/23427"}],"wp:attachment":[{"href":"https:\/\/hidroterm.dmcsrbija.com\/ru\/wp-json\/wp\/v2\/media?parent=23426"}],"wp:term":[{"taxonomy":"product_brand","embeddable":true,"href":"https:\/\/hidroterm.dmcsrbija.com\/ru\/wp-json\/wp\/v2\/product_brand?post=23426"},{"taxonomy":"product_cat","embeddable":true,"href":"https:\/\/hidroterm.dmcsrbija.com\/ru\/wp-json\/wp\/v2\/product_cat?post=23426"},{"taxonomy":"product_tag","embeddable":true,"href":"https:\/\/hidroterm.dmcsrbija.com\/ru\/wp-json\/wp\/v2\/product_tag?post=23426"}],"curies":[{"name":"wp","href":"https:\/\/api.w.org\/{rel}","templated":true}]}}