{"id":23418,"date":"2026-03-18T08:33:05","date_gmt":"2026-03-18T07:33:05","guid":{"rendered":"https:\/\/hidroterm.dmcsrbija.com\/proizvod\/saht-set\/"},"modified":"2026-03-18T08:33:07","modified_gmt":"2026-03-18T07:33:07","slug":"saht-set","status":"publish","type":"product","link":"https:\/\/hidroterm.dmcsrbija.com\/ru\/proizvod\/saht-set\/","title":{"rendered":"\u0160aht set"},"content":{"rendered":"<h2>\u0160AHT SET 9m3\/h fi500 1 1\/2 0,75hp + el.orman \u0160 91cm x D 118cm x V 83cm<\/h2>\n<p>&nbsp;<\/p>\n<h3 class=\"\" data-start=\"257\" data-end=\"279\"><strong data-start=\"261\" data-end=\"279\">Specifikacije:<\/strong><\/h3>\n<ol data-start=\"280\" data-end=\"1722\">\n<li class=\"\" data-start=\"280\" data-end=\"878\">\n<p class=\"\" data-start=\"283\" data-end=\"296\"><strong data-start=\"283\" data-end=\"295\">\u0160aht set<\/strong>:<\/p>\n<ul data-start=\"300\" data-end=\"878\">\n<li class=\"\" data-start=\"300\" data-end=\"397\">\n<p class=\"\" data-start=\"302\" data-end=\"397\"><strong data-start=\"302\" data-end=\"312\">Protok<\/strong>: 9 m\u00b3\/h, \u0161to zna\u010di da \u0161aht mo\u017ee obraditi vodu u koli\u010dini od 9 kubnih metara po satu.<\/p>\n<\/li>\n<li class=\"\" data-start=\"401\" data-end=\"519\">\n<p class=\"\" data-start=\"403\" data-end=\"519\"><strong data-start=\"403\" data-end=\"414\">Pre\u010dnik<\/strong>: 500 mm (fi500), \u0161to ozna\u010dava veli\u010dinu otvora za instalaciju, odgovara sistemima sa cevima tog pre\u010dnika.<\/p>\n<\/li>\n<li class=\"\" data-start=\"523\" data-end=\"705\">\n<p class=\"\" data-start=\"525\" data-end=\"705\"><strong data-start=\"525\" data-end=\"534\">Motor<\/strong>: 0,75 kW (oko 1 hp &#8211; konjska snaga), \u0161to zna\u010di da motor koji pokre\u0107e pumpu ima snagu od 0,75 kW, dovoljno za ve\u0107e sisteme, ali nije previ\u0161e mo\u0107an za ekstremne kapacitete.<\/p>\n<\/li>\n<li class=\"\" data-start=\"709\" data-end=\"878\">\n<p class=\"\" data-start=\"711\" data-end=\"878\"><strong data-start=\"711\" data-end=\"720\">Pumpa<\/strong> mo\u017ee da primi kapacitet do <strong data-start=\"748\" data-end=\"759\">12 m\u00b3\/h<\/strong>, pa se mo\u017ee koristiti i za sisteme sa ve\u0107im protokom, pod uslovom da se nadogradi sa odgovaraju\u0107im pumpama i filtrima.<\/p>\n<\/li>\n<\/ul>\n<\/li>\n<li class=\"\" data-start=\"880\" data-end=\"1546\">\n<p class=\"\" data-start=\"883\" data-end=\"901\"><strong data-start=\"883\" data-end=\"900\">Elektro orman<\/strong>:<\/p>\n<ul data-start=\"905\" data-end=\"1546\">\n<li class=\"\" data-start=\"905\" data-end=\"964\">\n<p class=\"\" data-start=\"907\" data-end=\"964\"><strong data-start=\"907\" data-end=\"920\">Dimenzije<\/strong>: \u0160irina 91 cm, Dubina 118 cm, Visina 83 cm.<\/p>\n<\/li>\n<li class=\"\" data-start=\"968\" data-end=\"1130\">\n<p class=\"\" data-start=\"970\" data-end=\"1130\"><strong data-start=\"970\" data-end=\"997\">Uklju\u010duje elektro orman<\/strong>: Ovaj orman je zasnovan za sigurno sme\u0161tanje elektri\u010dnih komponenata, kao \u0161to su motor, pumpe i druge elektri\u010dne komponente sistema.<\/p>\n<\/li>\n<li class=\"\" data-start=\"1134\" data-end=\"1291\">\n<p class=\"\" data-start=\"1136\" data-end=\"1291\"><strong data-start=\"1136\" data-end=\"1164\">Sigurnosna brava i \u0161arka<\/strong>: Elektri\u010dni orman dolazi sa sigurnosnim mehanizmima za za\u0161titu od neovla\u0161\u0107enog pristupa, \u0161to je bitno za sigurnost tokom rada.<\/p>\n<\/li>\n<li class=\"\" data-start=\"1295\" data-end=\"1546\">\n<p class=\"\" data-start=\"1297\" data-end=\"1546\">Orman mo\u017ee biti <strong data-start=\"1313\" data-end=\"1333\">opremljen ili ne<\/strong>: Kada je opremljen, mo\u017ee sadr\u017eati potrebne elektri\u010dne komponente za rad pumpe, ali nije obuhva\u0107en filter materijalom poput peska ili stakla, \u0161to zna\u010di da je potrebno dodatno kupiti ove materijale ako su potrebni.<\/p>\n<\/li>\n<\/ul>\n<\/li>\n<li class=\"\" data-start=\"1548\" data-end=\"1722\">\n<p class=\"\" data-start=\"1551\" data-end=\"1722\"><strong data-start=\"1551\" data-end=\"1574\">Tehni\u010dka prostorija<\/strong>: Iako se \u0161aht set mo\u017ee isporu\u010diti prazna, mo\u017ee se opremiti razli\u010ditim komponentama prema potrebama, kao \u0161to su pumpe, filteri i elektri\u010dni ure\u0111aji.<\/p>\n<\/li>\n<\/ol>\n<h3 class=\"\" data-start=\"1724\" data-end=\"1749\"><strong data-start=\"1728\" data-end=\"1749\">Dodatne napomene:<\/strong><\/h3>\n<ul data-start=\"1750\" data-end=\"2006\">\n<li class=\"\" data-start=\"1750\" data-end=\"1891\">\n<p class=\"\" data-start=\"1752\" data-end=\"1891\">Cena seta ne uklju\u010duje <strong data-start=\"1775\" data-end=\"1814\">filter materijal (pesak ili staklo)<\/strong>, \u0161to zna\u010di da su ti materijali dodatni tro\u0161ak i moraju se nabaviti odvojeno.<\/p>\n<\/li>\n<li class=\"\" data-start=\"1892\" data-end=\"2006\">\n<p class=\"\" data-start=\"1894\" data-end=\"2006\"><strong data-start=\"1894\" data-end=\"1914\">Elektri\u010dni orman<\/strong> je ve\u0107 uklju\u010den u cenu, \u0161to olak\u0161ava instalaciju i obezbe\u0111uje sigurno upravljanje sistemom.<\/p>\n<\/li>\n<\/ul>\n<p>Kod: 1010402<\/p>","protected":false},"excerpt":{"rendered":"<p>\u0160aht set 9m\u00b3\/h fi500 sa motorom 0,75 kW, elektro ormanom (91x118x83 cm), i mogu\u0107no\u0161\u0107u prijema pumpe i filtera do 12m\u00b3\/h, isporu\u010duje se prazna ili opremljena, a cena ne uklju\u010duje filtersku ispunu (pesak\/staklo).<\/p>","protected":false},"featured_media":23419,"template":"","meta":[],"product_brand":[],"product_cat":[5101],"product_tag":[],"class_list":{"0":"post-23418","1":"product","2":"type-product","3":"status-publish","4":"has-post-thumbnail","6":"product_cat-saht-set-komplet","8":"first","9":"instock","10":"sold-individually","11":"purchasable","12":"product-type-simple"},"_links":{"self":[{"href":"https:\/\/hidroterm.dmcsrbija.com\/ru\/wp-json\/wp\/v2\/product\/23418","targetHints":{"allow":["GET"]}}],"collection":[{"href":"https:\/\/hidroterm.dmcsrbija.com\/ru\/wp-json\/wp\/v2\/product"}],"about":[{"href":"https:\/\/hidroterm.dmcsrbija.com\/ru\/wp-json\/wp\/v2\/types\/product"}],"wp:featuredmedia":[{"embeddable":true,"href":"https:\/\/hidroterm.dmcsrbija.com\/ru\/wp-json\/wp\/v2\/media\/23419"}],"wp:attachment":[{"href":"https:\/\/hidroterm.dmcsrbija.com\/ru\/wp-json\/wp\/v2\/media?parent=23418"}],"wp:term":[{"taxonomy":"product_brand","embeddable":true,"href":"https:\/\/hidroterm.dmcsrbija.com\/ru\/wp-json\/wp\/v2\/product_brand?post=23418"},{"taxonomy":"product_cat","embeddable":true,"href":"https:\/\/hidroterm.dmcsrbija.com\/ru\/wp-json\/wp\/v2\/product_cat?post=23418"},{"taxonomy":"product_tag","embeddable":true,"href":"https:\/\/hidroterm.dmcsrbija.com\/ru\/wp-json\/wp\/v2\/product_tag?post=23418"}],"curies":[{"name":"wp","href":"https:\/\/api.w.org\/{rel}","templated":true}]}}