{"id":23414,"date":"2026-03-18T08:33:05","date_gmt":"2026-03-18T07:33:05","guid":{"rendered":"https:\/\/hidroterm.dmcsrbija.com\/proizvod\/tester-na-listice-nero-2-u-1-50kom\/"},"modified":"2026-03-18T08:33:06","modified_gmt":"2026-03-18T07:33:06","slug":"tester-na-listice-nero-2-u-1-50kom","status":"publish","type":"product","link":"https:\/\/hidroterm.dmcsrbija.com\/ru\/proizvod\/tester-na-listice-nero-2-u-1-50kom\/","title":{"rendered":"Tester na listi\u0107e Nero 2 u 1 &#8211; 50kom"},"content":{"rendered":"<p><span data-mce-mark=\"1\">Tester na listi\u0107e sadr\u017ei 50 tester listova u pakovanju.<\/span><\/p>\n<p>Nivo pH u bazenu mora biti izme\u0111u 7,2-7,6. Ukoliko nivo pH nije u normali, dolazi do iritacije o\u010diju, svraba ko\u017ee, kupa\u010dima nije prijatno, a i bilo koja druga hemija da se dozira u vodi, ne\u0107e imati potpuni efekat.<\/p>\n<p>Nivo hlora u bazenu mora biti izmedju 1-3. Hlor se koristi kao dezinfekciono sredstvo.<\/p>\n<p>Nivo pH i hlora je mogu\u0107e utvrditi pomo\u0107u testera za utvr\u0111ivanje kvaliteta robe.<\/p>\n<p>Uputstvo za upotrebu: Potopiti listi\u0107 u vodu i nakon 2 sekunde izvaditi iz vode. Ne otresati vi\u0161ak vode sa listi\u0107a i dr\u017eite ga u horizontalnom polo\u017eaju 30 sekundi. Uporediti boju na listi\u0107u sa nijansama na grafikonu u narednih 30 sekundi kako biste dobili ta\u010dne rezultate. Vrednost po bojama je istaknuta na pakovanju.\u00a0 Pro\u010ditati na dnevnom svetlu.<\/p>\n<p>Nakon o\u010ditanih rezultata, dozirati potrebnu hemiju.<\/p>\n<p>&nbsp;<\/p>","protected":false},"excerpt":{"rendered":"<p>Tester na listi\u0107e omogu\u0107ava jednostavno i brzo merenje pH i nivoa hlora u bazenskoj vodi, uz jasne rezultate za pravilno doziranje hemije.<\/p>","protected":false},"featured_media":23415,"template":"","meta":[],"product_brand":[],"product_cat":[4986,4988,4987],"product_tag":[],"class_list":{"0":"post-23414","1":"product","2":"type-product","3":"status-publish","4":"has-post-thumbnail","6":"product_cat-hemija-za-bazene-bazeni","7":"product_cat-testeri-na-listice","8":"product_cat-testeri-za-bazene","10":"first","11":"instock","12":"sold-individually","13":"purchasable","14":"product-type-simple"},"_links":{"self":[{"href":"https:\/\/hidroterm.dmcsrbija.com\/ru\/wp-json\/wp\/v2\/product\/23414","targetHints":{"allow":["GET"]}}],"collection":[{"href":"https:\/\/hidroterm.dmcsrbija.com\/ru\/wp-json\/wp\/v2\/product"}],"about":[{"href":"https:\/\/hidroterm.dmcsrbija.com\/ru\/wp-json\/wp\/v2\/types\/product"}],"wp:featuredmedia":[{"embeddable":true,"href":"https:\/\/hidroterm.dmcsrbija.com\/ru\/wp-json\/wp\/v2\/media\/23415"}],"wp:attachment":[{"href":"https:\/\/hidroterm.dmcsrbija.com\/ru\/wp-json\/wp\/v2\/media?parent=23414"}],"wp:term":[{"taxonomy":"product_brand","embeddable":true,"href":"https:\/\/hidroterm.dmcsrbija.com\/ru\/wp-json\/wp\/v2\/product_brand?post=23414"},{"taxonomy":"product_cat","embeddable":true,"href":"https:\/\/hidroterm.dmcsrbija.com\/ru\/wp-json\/wp\/v2\/product_cat?post=23414"},{"taxonomy":"product_tag","embeddable":true,"href":"https:\/\/hidroterm.dmcsrbija.com\/ru\/wp-json\/wp\/v2\/product_tag?post=23414"}],"curies":[{"name":"wp","href":"https:\/\/api.w.org\/{rel}","templated":true}]}}