{"id":23410,"date":"2026-03-18T08:33:05","date_gmt":"2026-03-18T07:33:05","guid":{"rendered":"https:\/\/hidroterm.dmcsrbija.com\/proizvod\/toplotna-pumpa-nero-aic06-full-inverter-wi-fi-grejanje-i-hladjenje-od-15-do-30-m3-4-8-kw-iphc-15\/"},"modified":"2026-03-18T08:33:05","modified_gmt":"2026-03-18T07:33:05","slug":"toplotna-pumpa-nero-aic06-full-inverter-wi-fi-grejanje-i-hladjenje-od-15-do-30-m3-4-8-kw-iphc-15","status":"publish","type":"product","link":"https:\/\/hidroterm.dmcsrbija.com\/ru\/proizvod\/toplotna-pumpa-nero-aic06-full-inverter-wi-fi-grejanje-i-hladjenje-od-15-do-30-m3-4-8-kw-iphc-15\/","title":{"rendered":"Toplotna pumpa Nero AIC06 &#8211; Full inverter + Wi Fi &#8211; grejanje i hladjenje &#8211; od 15 do 30 m3 &#8211; 4.8 kW (IPHC 15)"},"content":{"rendered":"<h3 data-start=\"275\" data-end=\"358\">Toplotna pumpa Nero AIC06 \u2013 Full Inverter + Wi-Fi (4,8 kW) | Za bazene 15\u201330 m\u00b3<\/h3>\n<p data-start=\"360\" data-end=\"786\"><strong data-start=\"360\" data-end=\"389\">Nero AIC06 toplotna pumpa<\/strong> sa naprednom <strong data-start=\"403\" data-end=\"433\">Full Inverter tehnologijom<\/strong> i ugra\u0111enim <strong data-start=\"446\" data-end=\"468\">Wi-Fi upravljanjem<\/strong> predstavlja idealno re\u0161enje za grejanje i hla\u0111enje bazena zapremine <strong data-start=\"537\" data-end=\"555\">od 15 do 30 m\u00b3<\/strong>. Model koristi inovativnu <strong data-start=\"582\" data-end=\"611\">Aqua-Inverter tehnologiju<\/strong>, koja omogu\u0107ava inteligentno prilago\u0111avanje snage rada u zavisnosti od potreba, \u010dime se obezbe\u0111uje <strong data-start=\"711\" data-end=\"741\">maksimalna u\u0161teda energije<\/strong>, <strong data-start=\"743\" data-end=\"762\">nizak nivo buke<\/strong> i <strong data-start=\"765\" data-end=\"785\">dug vek trajanja<\/strong>.<\/p>\n<h4 data-start=\"788\" data-end=\"838\">Napredna tehnologija za maksimalnu efikasnost<\/h4>\n<p data-start=\"840\" data-end=\"1148\">Kompresor i ventilator ove pumpe rade u <strong data-start=\"880\" data-end=\"903\">promenljivoj brzini<\/strong>, \u0161to omogu\u0107ava fino pode\u0161avanje performansi \u2013 <strong data-start=\"950\" data-end=\"966\">herc po herc<\/strong> i <strong data-start=\"969\" data-end=\"985\">krug po krug<\/strong>. Na po\u010detku sezone pumpa radi punim kapacitetom kako bi brzo zagrejala vodu, dok kasnije prelazi u re\u017eim odr\u017eavanja temperature pri <strong data-start=\"1118\" data-end=\"1147\">manjoj potro\u0161nji energije<\/strong>.<\/p>\n<p data-start=\"1150\" data-end=\"1608\"><strong data-start=\"1153\" data-end=\"1175\">Prose\u010dan COP: 11,0<\/strong> \u2013 izuzetno visoka energetska efikasnost<br data-start=\"1215\" data-end=\"1218\" \/><strong data-start=\"1221\" data-end=\"1249\">Nivo buke: samo 46 dB(A)<\/strong> na 1 metar \u2013 10 puta ti\u0161a od klasi\u010dnih ON\/OFF modela<br data-start=\"1302\" data-end=\"1305\" \/><strong data-start=\"1309\" data-end=\"1339\">Raspon rada: -7\u00b0C do +43\u00b0C<\/strong> \u2013 pouzdan rad i u hladnijim klimatskim uslovima<br data-start=\"1387\" data-end=\"1390\" \/><strong data-start=\"1393\" data-end=\"1423\">Ekolo\u0161ki rashladni gas R32<\/strong> \u2013 efikasniji i manje \u0161tetan za okolinu<br data-start=\"1462\" data-end=\"1465\" \/><strong data-start=\"1468\" data-end=\"1491\">Ugra\u0111en Wi-Fi modul<\/strong> \u2013 daljinsko upravljanje putem aplikacije<br data-start=\"1532\" data-end=\"1535\" \/><strong data-start=\"1538\" data-end=\"1567\">Re\u017eim grejanja i hla\u0111enja<\/strong> \u2013 savr\u0161ena temperatura tokom cele sezone<\/p>\n<h4 data-start=\"1610\" data-end=\"1641\">Za\u0161to izabrati Nero AIC06?<\/h4>\n<ul data-start=\"1643\" data-end=\"1908\">\n<li data-start=\"1643\" data-end=\"1677\">\n<p data-start=\"1645\" data-end=\"1677\">Pogodna za bazene <strong data-start=\"1663\" data-end=\"1675\">do 30 m\u00b3<\/strong><\/p>\n<\/li>\n<li data-start=\"1678\" data-end=\"1750\">\n<p data-start=\"1680\" data-end=\"1750\"><strong data-start=\"1680\" data-end=\"1709\">Full inverter tehnologija<\/strong> \u2013 ti\u0161i, \u0161tedljiviji i dugotrajniji rad<\/p>\n<\/li>\n<li data-start=\"1751\" data-end=\"1794\">\n<p data-start=\"1753\" data-end=\"1794\"><strong data-start=\"1753\" data-end=\"1792\">Kompaktan dizajn i laka instalacija<\/strong><\/p>\n<\/li>\n<li data-start=\"1795\" data-end=\"1836\">\n<p data-start=\"1797\" data-end=\"1836\">Automatsko prilago\u0111avanje re\u017eima rada<\/p>\n<\/li>\n<li data-start=\"1837\" data-end=\"1908\">\n<p data-start=\"1839\" data-end=\"1908\"><strong data-start=\"1839\" data-end=\"1855\">10% ti\u0161i rad<\/strong> u pore\u0111enju sa starijim generacijama (BPNR modeli)<\/p>\n<\/li>\n<\/ul>\n<hr data-start=\"1910\" data-end=\"1913\" \/>\n<h3 data-start=\"1915\" data-end=\"1951\">U\u017eivajte u bazenu bez kompromisa<\/h3>\n<p data-start=\"1953\" data-end=\"2218\">Toplotna pumpa <strong data-start=\"1968\" data-end=\"1992\">Nero AIC06 (IPHC 15)<\/strong> pru\u017ea optimalnu kombinaciju <strong data-start=\"2021\" data-end=\"2047\">snage, ti\u0161ine i u\u0161tede<\/strong>, \u0161to je \u010dini savr\u0161enim izborom za manje i srednje bazene. Zahvaljuju\u0107i savremenoj tehnologiji i jednostavnom Wi-Fi upravljanju, pru\u017ea komfor i kontrolu na najvi\u0161em nivou.<\/p>\n<div>\n<h3><strong>GARANCIJA!!!<\/strong><\/h3>\n<h3><strong>7 godina kompresor, 7 godina izmenjivac, 2 godine ostala oprema<\/strong><\/h3>\n<\/div>","protected":false},"excerpt":{"rendered":"<p>Toplotna pumpa Nero AIC06 (4,8 kW) namenjena je grejanju i hla\u0111enju bazena od 15 do 30 m\u00b3. Full Inverter tehnologija, Wi-Fi upravljanje i ti\u0161i rad uz visok COP 11.<\/p>","protected":false},"featured_media":23411,"template":"","meta":[],"product_brand":[],"product_cat":[4961,5096],"product_tag":[],"class_list":{"0":"post-23410","1":"product","2":"type-product","3":"status-publish","4":"has-post-thumbnail","6":"product_cat-oprema-za-grejanje-vode","7":"product_cat-toplotne-pumpe-za-bazene","9":"first","10":"instock","11":"sold-individually","12":"purchasable","13":"product-type-simple"},"_links":{"self":[{"href":"https:\/\/hidroterm.dmcsrbija.com\/ru\/wp-json\/wp\/v2\/product\/23410","targetHints":{"allow":["GET"]}}],"collection":[{"href":"https:\/\/hidroterm.dmcsrbija.com\/ru\/wp-json\/wp\/v2\/product"}],"about":[{"href":"https:\/\/hidroterm.dmcsrbija.com\/ru\/wp-json\/wp\/v2\/types\/product"}],"wp:featuredmedia":[{"embeddable":true,"href":"https:\/\/hidroterm.dmcsrbija.com\/ru\/wp-json\/wp\/v2\/media\/23411"}],"wp:attachment":[{"href":"https:\/\/hidroterm.dmcsrbija.com\/ru\/wp-json\/wp\/v2\/media?parent=23410"}],"wp:term":[{"taxonomy":"product_brand","embeddable":true,"href":"https:\/\/hidroterm.dmcsrbija.com\/ru\/wp-json\/wp\/v2\/product_brand?post=23410"},{"taxonomy":"product_cat","embeddable":true,"href":"https:\/\/hidroterm.dmcsrbija.com\/ru\/wp-json\/wp\/v2\/product_cat?post=23410"},{"taxonomy":"product_tag","embeddable":true,"href":"https:\/\/hidroterm.dmcsrbija.com\/ru\/wp-json\/wp\/v2\/product_tag?post=23410"}],"curies":[{"name":"wp","href":"https:\/\/api.w.org\/{rel}","templated":true}]}}