{"id":23408,"date":"2026-03-18T08:33:05","date_gmt":"2026-03-18T07:33:05","guid":{"rendered":"https:\/\/hidroterm.dmcsrbija.com\/proizvod\/toplotna-pumpa-nero-bpnr07-grejanje-od-15-do-30-m3-5-kw-na-15-stepeni-comfort-inverter\/"},"modified":"2026-03-18T08:33:05","modified_gmt":"2026-03-18T07:33:05","slug":"toplotna-pumpa-nero-bpnr07-grejanje-od-15-do-30-m3-5-kw-na-15-stepeni-comfort-inverter","status":"publish","type":"product","link":"https:\/\/hidroterm.dmcsrbija.com\/ru\/proizvod\/toplotna-pumpa-nero-bpnr07-grejanje-od-15-do-30-m3-5-kw-na-15-stepeni-comfort-inverter\/","title":{"rendered":"Toplotna pumpa Nero BPNR07 &#8211; grejanje &#8211; od 15 do 30 m3 &#8211; 5 kW na 15 stepeni- Comfort Inverter"},"content":{"rendered":"<h2 data-start=\"108\" data-end=\"185\">Toplotna pumpa Nero BPNR07 \u2013 5\u202fkW | Comfort Inverter | Za bazene 15\u201330\u202fm\u00b3<\/h2>\n<p>&nbsp;<\/p>\n<p data-start=\"187\" data-end=\"469\"><strong data-start=\"187\" data-end=\"217\">Toplotna pumpa Nero BPNR07<\/strong> je efikasno i ekonomi\u010dno re\u0161enje za <strong data-start=\"254\" data-end=\"280\">grejanje bazenske vode<\/strong> u manjim bazenima zapremine <strong data-start=\"309\" data-end=\"324\">15 do 30 m\u00b3<\/strong>. Opremljena je <strong data-start=\"340\" data-end=\"373\">Comfort Inverter tehnologijom<\/strong>, koja omogu\u0107ava tihi rad, bolju kontrolu temperature i optimalnu potro\u0161nju elektri\u010dne energije.<\/p>\n<p data-start=\"471\" data-end=\"700\">Sa snagom od <strong data-start=\"484\" data-end=\"501\">5\u202fkW pri 15\u00b0C<\/strong>, ovaj model pru\u017ea stabilne performanse \u010dak i u prelaznim vremenskim uslovima. Dizajnirana je za korisnike koji \u017eele jednostavnost, dugotrajnost i komfor, bez kompromisa kada je u pitanju pouzdanost.<\/p>\n<hr data-start=\"702\" data-end=\"705\" \/>\n<h3 data-start=\"707\" data-end=\"737\">\u00a0Klju\u010dne karakteristike:<\/h3>\n<ul data-start=\"739\" data-end=\"1155\">\n<li data-start=\"739\" data-end=\"806\">\n<p data-start=\"741\" data-end=\"806\"><strong data-start=\"743\" data-end=\"768\">Snaga: 5\u202fkW pri 15\u202f\u00b0C<\/strong> \u2013 idealna za grejanje manjih bazena<\/p>\n<\/li>\n<li data-start=\"807\" data-end=\"841\">\n<p data-start=\"809\" data-end=\"841\"><strong data-start=\"811\" data-end=\"839\">Za bazene od 15 do 30 m\u00b3<\/strong><\/p>\n<\/li>\n<li data-start=\"842\" data-end=\"921\">\n<p data-start=\"844\" data-end=\"921\"><strong data-start=\"846\" data-end=\"878\">Comfort Inverter tehnologija<\/strong> \u2013 balans izme\u0111u efikasnosti i ti\u0161eg rada<\/p>\n<\/li>\n<li data-start=\"922\" data-end=\"997\">\n<p data-start=\"924\" data-end=\"997\"><strong data-start=\"926\" data-end=\"957\">Automatska regulacija snage<\/strong> \u2013 manja potro\u0161nja elektri\u010dne energije<\/p>\n<\/li>\n<li data-start=\"998\" data-end=\"1080\">\n<p data-start=\"1000\" data-end=\"1080\"><strong data-start=\"1002\" data-end=\"1032\">Ekolo\u0161ki rashladni gas R32<\/strong> \u2013 visoka efikasnost i manji uticaj na okolinu<\/p>\n<\/li>\n<li data-start=\"1081\" data-end=\"1155\">\n<p data-start=\"1083\" data-end=\"1155\"><strong data-start=\"1085\" data-end=\"1119\">Otpornost na spolja\u0161nje uslove<\/strong> \u2013 dug vek trajanja i bezbedan rad<\/p>\n<\/li>\n<\/ul>\n<hr data-start=\"1157\" data-end=\"1160\" \/>\n<h3 data-start=\"1162\" data-end=\"1209\">Kompaktno i tiho re\u0161enje za grejanje bazena<\/h3>\n<p data-start=\"1211\" data-end=\"1482\">Model <strong data-start=\"1217\" data-end=\"1227\">BPNR07<\/strong> je odli\u010dan izbor za korisnike koji \u017eele <strong data-start=\"1268\" data-end=\"1296\">stabilno grejanje bazena<\/strong> tokom ve\u0107eg dela godine bez dodatnih tro\u0161kova i komplikacija. Kompaktan dizajn omogu\u0107ava jednostavnu monta\u017eu, dok inverter tehnologija donosi bolje performanse i du\u017ei radni vek ure\u0111aja.<\/p>\n<h3><strong>GARANCIJA!!!<\/strong><\/h3>\n<h3><strong>5 godina izmenjivac, 2 godine ostala oprema<\/strong><\/h3>\n<div>\n<p>&nbsp;<\/p>\n<p>&nbsp;<\/p>\n<\/div>","protected":false},"excerpt":{"rendered":"<p>Toplotna pumpa Nero BPNR07 (5\u202fkW) sa Comfort Inverter tehnologijom idealna je za grejanje bazena od 15 do 30\u202fm\u00b3. Energetski efikasna, tiha i pouzdana \u2013 savr\u0161en izbor za manje bazene.<\/p>","protected":false},"featured_media":23409,"template":"","meta":[],"product_brand":[],"product_cat":[4961,5096],"product_tag":[],"class_list":{"0":"post-23408","1":"product","2":"type-product","3":"status-publish","4":"has-post-thumbnail","6":"product_cat-oprema-za-grejanje-vode","7":"product_cat-toplotne-pumpe-za-bazene","9":"first","10":"instock","11":"sold-individually","12":"purchasable","13":"product-type-simple"},"_links":{"self":[{"href":"https:\/\/hidroterm.dmcsrbija.com\/ru\/wp-json\/wp\/v2\/product\/23408","targetHints":{"allow":["GET"]}}],"collection":[{"href":"https:\/\/hidroterm.dmcsrbija.com\/ru\/wp-json\/wp\/v2\/product"}],"about":[{"href":"https:\/\/hidroterm.dmcsrbija.com\/ru\/wp-json\/wp\/v2\/types\/product"}],"wp:featuredmedia":[{"embeddable":true,"href":"https:\/\/hidroterm.dmcsrbija.com\/ru\/wp-json\/wp\/v2\/media\/23409"}],"wp:attachment":[{"href":"https:\/\/hidroterm.dmcsrbija.com\/ru\/wp-json\/wp\/v2\/media?parent=23408"}],"wp:term":[{"taxonomy":"product_brand","embeddable":true,"href":"https:\/\/hidroterm.dmcsrbija.com\/ru\/wp-json\/wp\/v2\/product_brand?post=23408"},{"taxonomy":"product_cat","embeddable":true,"href":"https:\/\/hidroterm.dmcsrbija.com\/ru\/wp-json\/wp\/v2\/product_cat?post=23408"},{"taxonomy":"product_tag","embeddable":true,"href":"https:\/\/hidroterm.dmcsrbija.com\/ru\/wp-json\/wp\/v2\/product_tag?post=23408"}],"curies":[{"name":"wp","href":"https:\/\/api.w.org\/{rel}","templated":true}]}}