{"id":23406,"date":"2026-03-18T08:32:58","date_gmt":"2026-03-18T07:32:58","guid":{"rendered":"https:\/\/hidroterm.dmcsrbija.com\/proizvod\/toplotna-pumpa-nero-mini-shp-do-28m3\/"},"modified":"2026-03-18T08:33:04","modified_gmt":"2026-03-18T07:33:04","slug":"toplotna-pumpa-nero-mini-shp-do-28m3","status":"publish","type":"product","link":"https:\/\/hidroterm.dmcsrbija.com\/ru\/proizvod\/toplotna-pumpa-nero-mini-shp-do-28m3\/","title":{"rendered":"Toplotna pumpa Nero Mini SHP (do 28m3)"},"content":{"rendered":"<h2 data-start=\"0\" data-end=\"112\">Toplotna pumpa Nero Mini SHP (do 28m3)<\/h2>\n<p class=\"\" data-start=\"0\" data-end=\"112\"><span class=\"relative -mx-px my-[-0.2rem] rounded px-px py-[0.2rem] transition-colors duration-100 ease-in-out\"><strong data-start=\"0\" data-end=\"27\" data-is-only-node=\"\">Toplotna pumpa Nero Mini SHP<\/strong> je idealno re\u0161enje za brzo, efikasno i ekolo\u0161ki prihvatljivo zagrevanje nadzemnih bazena do 28m\u00b3.<\/span> <span class=\"relative -mx-px my-[-0.2rem] rounded px-px py-[0.2rem] transition-colors duration-100 ease-in-out\">Kompaktna, prenosiva i jednostavna za instalaciju, ova pumpa omogu\u0107ava produ\u017eenu sezonu kupanja uz minimalne tro\u0161kove energije.<\/span><\/p>\n<article class=\"text-token-text-primary w-full\" dir=\"auto\" data-testid=\"conversation-turn-20\" data-scroll-anchor=\"true\">\n<div class=\"text-base my-auto mx-auto py-5 [--thread-content-margin:--spacing(4)] @[37rem]:[--thread-content-margin:--spacing(6)] @[72rem]:[--thread-content-margin:--spacing(16)] px-(--thread-content-margin)\">\n<div class=\"[--thread-content-max-width:32rem] @[34rem]:[--thread-content-max-width:40rem] @[64rem]:[--thread-content-max-width:48rem] mx-auto flex max-w-(--thread-content-max-width) flex-1 text-base gap-4 md:gap-5 lg:gap-6 group\/turn-messages focus-visible:outline-hidden\" tabindex=\"-1\">\n<div class=\"group\/conversation-turn relative flex w-full min-w-0 flex-col agent-turn\">\n<div class=\"relative flex-col gap-1 md:gap-3\">\n<div class=\"flex max-w-full flex-col grow\">\n<div class=\"min-h-8 text-message relative flex w-full flex-col items-end gap-2 text-start break-words whitespace-normal [.text-message+&amp;]:mt-5\" dir=\"auto\" data-message-author-role=\"assistant\" data-message-id=\"6e2d3932-9be0-4dfc-853c-057c13370045\" data-message-model-slug=\"gpt-4o\">\n<div class=\"flex w-full flex-col gap-1 empty:hidden first:pt-[3px]\">\n<div class=\"markdown prose dark:prose-invert w-full break-words light\">\n<p data-start=\"39\" data-end=\"292\" data-is-last-node=\"\" data-is-only-node=\"\"><strong data-start=\"39\" data-end=\"85\">Mini toplotna pumpa sa ekolo\u0161kim R32 gasom<\/strong><br data-start=\"85\" data-end=\"88\" \/>Toplotna pumpa koristi rashladni medijum <strong data-start=\"129\" data-end=\"136\">R32<\/strong>, koji doprinosi o\u010duvanju \u017eivotne sredine smanjenjem emisije gasova koji uti\u010du na globalno zagrevanje \u010dak do <strong data-start=\"245\" data-end=\"252\">75%<\/strong> u pore\u0111enju sa prethodnim generacijama.<\/p>\n<\/div>\n<\/div>\n<\/div>\n<\/div>\n<\/div>\n<\/div>\n<\/div>\n<\/div>\n<\/article>\n<div class=\"pointer-events-none h-px w-px\" aria-hidden=\"true\" data-edge=\"true\"><\/div>\n<hr class=\"\" data-start=\"114\" data-end=\"117\" \/>\n<h3 class=\"\" data-start=\"119\" data-end=\"148\">\u00a0Klju\u010dne karakteristike<\/h3>\n<ul data-start=\"150\" data-end=\"751\">\n<li class=\"\" data-start=\"150\" data-end=\"213\">\n<p class=\"\" data-start=\"152\" data-end=\"213\"><strong data-start=\"152\" data-end=\"174\">Kapacitet grejanja<\/strong>: <span class=\"relative -mx-px my-[-0.2rem] rounded px-px py-[0.2rem] transition-colors duration-100 ease-in-out\">5,8 kW pri 26\u00b0C spoljne temperature \/ 3,8 kW pri 15\u00b0C<\/span><\/p>\n<\/li>\n<li class=\"\" data-start=\"214\" data-end=\"282\">\n<p class=\"\" data-start=\"216\" data-end=\"282\"><strong data-start=\"216\" data-end=\"241\">Energetska efikasnost<\/strong>: <span class=\"relative -mx-px my-[-0.2rem] rounded px-px py-[0.2rem] transition-colors duration-100 ease-in-out\">Za svaki utro\u0161eni 1 kW elektri\u010dne energije, pumpa isporu\u010duje do 4,5 kW toplotne energije<\/span><\/p>\n<\/li>\n<li class=\"\" data-start=\"283\" data-end=\"354\">\n<p class=\"\" data-start=\"285\" data-end=\"354\"><strong data-start=\"285\" data-end=\"313\">Ekolo\u0161ki prihvatljiv rad<\/strong>: <span class=\"relative -mx-px my-[-0.2rem] rounded px-px py-[0.2rem] transition-colors duration-100 ease-in-out\">Koristi R32 rashladni gas, koji smanjuje emisiju gasova sa efektom staklene ba\u0161te do 75%<\/span><\/p>\n<\/li>\n<li class=\"\" data-start=\"355\" data-end=\"429\">\n<p class=\"\" data-start=\"357\" data-end=\"429\"><strong data-start=\"357\" data-end=\"388\">Maksimalna temperatura vode<\/strong>: <span class=\"relative -mx-px my-[-0.2rem] rounded px-px py-[0.2rem] transition-colors duration-100 ease-in-out\">Do 40\u00b0C<\/span><\/p>\n<\/li>\n<li class=\"\" data-start=\"430\" data-end=\"487\">\n<p class=\"\" data-start=\"432\" data-end=\"487\"><strong data-start=\"432\" data-end=\"446\">Priklju\u010dci<\/strong>: <span class=\"relative -mx-px my-[-0.2rem] rounded px-px py-[0.2rem] transition-colors duration-100 ease-in-out\">Kompatibilna sa cevima pre\u010dnika 32\/38 mm<\/span><\/p>\n<\/li>\n<li class=\"\" data-start=\"488\" data-end=\"541\">\n<p class=\"\" data-start=\"490\" data-end=\"541\"><strong data-start=\"490\" data-end=\"500\">Te\u017eina<\/strong>: <span class=\"relative -mx-px my-[-0.2rem] rounded px-px py-[0.2rem] transition-colors duration-100 ease-in-out\">38 kg<\/span><\/p>\n<\/li>\n<li class=\"\" data-start=\"542\" data-end=\"598\">\n<p class=\"\" data-start=\"544\" data-end=\"598\"><strong data-start=\"544\" data-end=\"557\">Dimenzije<\/strong>: <span class=\"relative -mx-px my-[-0.2rem] rounded px-px py-[0.2rem] transition-colors duration-100 ease-in-out\">48,4 x 44,5 x 50,3 cm<\/span><\/p>\n<\/li>\n<li class=\"\" data-start=\"599\" data-end=\"655\">\n<p class=\"\" data-start=\"601\" data-end=\"655\"><strong data-start=\"601\" data-end=\"614\">Napajanje<\/strong>: <span class=\"relative -mx-px my-[-0.2rem] rounded px-px py-[0.2rem] transition-colors duration-100 ease-in-out\">230 V \/ 1 faza \/ 50 Hz<\/span><\/p>\n<\/li>\n<li class=\"\" data-start=\"656\" data-end=\"751\">\n<p class=\"\" data-start=\"658\" data-end=\"751\"><strong data-start=\"658\" data-end=\"671\">Nivo buke<\/strong>: <span class=\"relative -mx-px my-[-0.2rem] rounded px-px py-[0.2rem] transition-colors duration-100 ease-in-out\">57 dB(A) na 1 metar<\/span><\/p>\n<\/li>\n<\/ul>\n<hr class=\"\" data-start=\"753\" data-end=\"756\" \/>\n<h3 class=\"\" data-start=\"758\" data-end=\"782\">\u00a0Prednosti upotrebe<\/h3>\n<ul data-start=\"784\" data-end=\"1143\">\n<li class=\"\" data-start=\"784\" data-end=\"854\">\n<p class=\"\" data-start=\"786\" data-end=\"854\"><strong data-start=\"786\" data-end=\"813\">Jednostavna instalacija<\/strong>: <span class=\"relative -mx-px my-[-0.2rem] rounded px-px py-[0.2rem] transition-colors duration-100 ease-in-out\">Bez potrebe za dodatnim alatima ili stru\u010dnom pomo\u0107i<\/span><\/p>\n<\/li>\n<li class=\"\" data-start=\"855\" data-end=\"913\">\n<p class=\"\" data-start=\"857\" data-end=\"913\"><strong data-start=\"857\" data-end=\"872\">Prenosivost<\/strong>: <span class=\"relative -mx-px my-[-0.2rem] rounded px-px py-[0.2rem] transition-colors duration-100 ease-in-out\">Lagana konstrukcija omogu\u0107ava lako preme\u0161tanje i skladi\u0161tenje<\/span><\/p>\n<\/li>\n<li class=\"\" data-start=\"914\" data-end=\"982\">\n<p class=\"\" data-start=\"916\" data-end=\"982\"><strong data-start=\"916\" data-end=\"941\">Energetska efikasnost<\/strong>: <span class=\"relative -mx-px my-[-0.2rem] rounded px-px py-[0.2rem] transition-colors duration-100 ease-in-out\">Zna\u010dajne u\u0161tede u pore\u0111enju sa tradicionalnim sistemima grejanja<\/span><\/p>\n<\/li>\n<li class=\"\" data-start=\"983\" data-end=\"1044\">\n<p class=\"\" data-start=\"985\" data-end=\"1044\"><strong data-start=\"985\" data-end=\"1003\">Ekolo\u0161ka svest<\/strong>: <span class=\"relative -mx-px my-[-0.2rem] rounded px-px py-[0.2rem] transition-colors duration-100 ease-in-out\">Kori\u0161\u0107enje R32 gasa doprinosi o\u010duvanju \u017eivotne sredine<\/span><\/p>\n<\/li>\n<li class=\"\" data-start=\"1045\" data-end=\"1143\">\n<p class=\"\" data-start=\"1047\" data-end=\"1143\"><strong data-start=\"1047\" data-end=\"1063\">RCD prekida\u010d<\/strong>: <span class=\"relative -mx-px my-[-0.2rem] rounded px-px py-[0.2rem] transition-colors duration-100 ease-in-out\">Pove\u0107ava sigurnost tokom kori\u0161\u0107enja<\/span><\/p>\n<\/li>\n<\/ul>\n<hr class=\"\" data-start=\"1145\" data-end=\"1148\" \/>\n<h3 class=\"\" data-start=\"1150\" data-end=\"1167\">\u00a0Garancija<\/h3>\n<p class=\"\" data-start=\"1169\" data-end=\"1247\"><span class=\"relative -mx-px my-[-0.2rem] rounded px-px py-[0.2rem] transition-colors duration-100 ease-in-out\"><strong data-start=\"0\" data-end=\"40\" data-is-last-node=\"\" data-is-only-node=\"\">2 godine garancije na sve komponente<\/strong><\/span><\/p>\n<div id=\"gtx-trans\" style=\"position: absolute; left: -64px; top: 40px;\"><\/div>\n","protected":false},"excerpt":{"rendered":"<p><strong data-start=\"0\" data-end=\"27\" data-is-only-node=\"\">Toplotna pumpa Nero Mini SHP\u00a0<\/strong> je kompaktno i energetski efikasno re\u0161enje za zagrevanje nadzemnih bazena do 28m\u00b3, koje koristi ekolo\u0161ki prihvatljiv R32 gas i omogu\u0107ava jednostavnu instalaciju i prenosivost, pru\u017eaju\u0107i maksimalnu udobnost uz minimalne tro\u0161kove.<\/p>","protected":false},"featured_media":23407,"template":"","meta":[],"product_brand":[],"product_cat":[4961,5096],"product_tag":[],"class_list":{"0":"post-23406","1":"product","2":"type-product","3":"status-publish","4":"has-post-thumbnail","6":"product_cat-oprema-za-grejanje-vode","7":"product_cat-toplotne-pumpe-za-bazene","9":"first","10":"instock","11":"sold-individually","12":"purchasable","13":"product-type-simple"},"_links":{"self":[{"href":"https:\/\/hidroterm.dmcsrbija.com\/ru\/wp-json\/wp\/v2\/product\/23406","targetHints":{"allow":["GET"]}}],"collection":[{"href":"https:\/\/hidroterm.dmcsrbija.com\/ru\/wp-json\/wp\/v2\/product"}],"about":[{"href":"https:\/\/hidroterm.dmcsrbija.com\/ru\/wp-json\/wp\/v2\/types\/product"}],"wp:featuredmedia":[{"embeddable":true,"href":"https:\/\/hidroterm.dmcsrbija.com\/ru\/wp-json\/wp\/v2\/media\/23407"}],"wp:attachment":[{"href":"https:\/\/hidroterm.dmcsrbija.com\/ru\/wp-json\/wp\/v2\/media?parent=23406"}],"wp:term":[{"taxonomy":"product_brand","embeddable":true,"href":"https:\/\/hidroterm.dmcsrbija.com\/ru\/wp-json\/wp\/v2\/product_brand?post=23406"},{"taxonomy":"product_cat","embeddable":true,"href":"https:\/\/hidroterm.dmcsrbija.com\/ru\/wp-json\/wp\/v2\/product_cat?post=23406"},{"taxonomy":"product_tag","embeddable":true,"href":"https:\/\/hidroterm.dmcsrbija.com\/ru\/wp-json\/wp\/v2\/product_tag?post=23406"}],"curies":[{"name":"wp","href":"https:\/\/api.w.org\/{rel}","templated":true}]}}