{"id":23402,"date":"2026-03-18T08:32:58","date_gmt":"2026-03-18T07:32:58","guid":{"rendered":"https:\/\/hidroterm.dmcsrbija.com\/proizvod\/gumeni-cep-gre-za-mlaznice-15\/"},"modified":"2026-03-18T08:33:03","modified_gmt":"2026-03-18T07:33:03","slug":"gumeni-cep-gre-za-mlaznice-15","status":"publish","type":"product","link":"https:\/\/hidroterm.dmcsrbija.com\/ru\/proizvod\/gumeni-cep-gre-za-mlaznice-15\/","title":{"rendered":"Gumeni \u010dep GRE za mlaznice 1,5&#8243;"},"content":{"rendered":"<p>Prilikom zimskog zatvaranja bazena potrebno je, pre postavke tegova protiv leda i zimskog prekriva\u010da, ispustiti vodu iz celokupnog cevnog razvoda.<\/p>\n<p>Potrebno je postaviti \u010depove na mlaznice, kako bi se celokupan cevni razvod za\u0161titio od mraza.<\/p>\n<p>\u010cepovi su namenjeni samo za skimerske bazene i koriste se za zatvaranje potisnih mlaznica.<\/p>\n<p>\u010cepovi su gumeni.<\/p>\n<p>\u010cepovi su marke Nero, renomiranog proizvo\u0111a\u010da bazenske opreme.<\/p>","protected":false},"excerpt":{"rendered":"<p>\u010cepovi su namenjeni samo za skimerke bazene i koriste se za zatvaranje potisnih mlaznica.<\/p>","protected":false},"featured_media":23403,"template":"","meta":[],"product_brand":[],"product_cat":[4971,4968,4969],"product_tag":[],"class_list":{"0":"post-23402","1":"product","2":"type-product","3":"status-publish","4":"has-post-thumbnail","6":"product_cat-dodatna-oprema-za-zimske-prekrivace","7":"product_cat-prekrivke-za-bazene","8":"product_cat-zimske-prekrivke-za-bazene","10":"first","11":"instock","12":"sold-individually","13":"purchasable","14":"product-type-simple"},"_links":{"self":[{"href":"https:\/\/hidroterm.dmcsrbija.com\/ru\/wp-json\/wp\/v2\/product\/23402","targetHints":{"allow":["GET"]}}],"collection":[{"href":"https:\/\/hidroterm.dmcsrbija.com\/ru\/wp-json\/wp\/v2\/product"}],"about":[{"href":"https:\/\/hidroterm.dmcsrbija.com\/ru\/wp-json\/wp\/v2\/types\/product"}],"wp:featuredmedia":[{"embeddable":true,"href":"https:\/\/hidroterm.dmcsrbija.com\/ru\/wp-json\/wp\/v2\/media\/23403"}],"wp:attachment":[{"href":"https:\/\/hidroterm.dmcsrbija.com\/ru\/wp-json\/wp\/v2\/media?parent=23402"}],"wp:term":[{"taxonomy":"product_brand","embeddable":true,"href":"https:\/\/hidroterm.dmcsrbija.com\/ru\/wp-json\/wp\/v2\/product_brand?post=23402"},{"taxonomy":"product_cat","embeddable":true,"href":"https:\/\/hidroterm.dmcsrbija.com\/ru\/wp-json\/wp\/v2\/product_cat?post=23402"},{"taxonomy":"product_tag","embeddable":true,"href":"https:\/\/hidroterm.dmcsrbija.com\/ru\/wp-json\/wp\/v2\/product_tag?post=23402"}],"curies":[{"name":"wp","href":"https:\/\/api.w.org\/{rel}","templated":true}]}}