{"id":23400,"date":"2026-03-18T08:32:58","date_gmt":"2026-03-18T07:32:58","guid":{"rendered":"https:\/\/hidroterm.dmcsrbija.com\/proizvod\/gizzmo-gre-zastita-za-skimere\/"},"modified":"2026-03-18T08:33:03","modified_gmt":"2026-03-18T07:33:03","slug":"gizzmo-gre-zastita-za-skimere","status":"publish","type":"product","link":"https:\/\/hidroterm.dmcsrbija.com\/ru\/proizvod\/gizzmo-gre-zastita-za-skimere\/","title":{"rendered":"Gizzmo GRE &#8211; za\u0161tita za skimere"},"content":{"rendered":"<p>Gizzmo je mali plovak protiv leda, koji se stavlja unutar skimera i \u0161titi ga od uticaja niskih temperatura.<\/p>\n<p>Obavezno se postavlja u skimer tokom hladnih meseci, kako bi se spre\u010dio prodor leda u cevni razvod bazena i izbeglo o\u0161te\u0107enje istog.<\/p>\n<p>Jedan gizzmo je dovoljan za jedan skimer.<\/p>\n<p>Broj gizzma zavisi od broja skimera na bazenu.<\/p>\n<p>Cena je po komadu.<\/p>","protected":false},"excerpt":{"rendered":"<p>Gizzmo je mali plovak protiv leda, koji se stavlja unutar skimera i \u0161titi ga od uticaja niskih temperatura.<\/p>","protected":false},"featured_media":23401,"template":"","meta":[],"product_brand":[],"product_cat":[4971,4968,4969],"product_tag":[],"class_list":{"0":"post-23400","1":"product","2":"type-product","3":"status-publish","4":"has-post-thumbnail","6":"product_cat-dodatna-oprema-za-zimske-prekrivace","7":"product_cat-prekrivke-za-bazene","8":"product_cat-zimske-prekrivke-za-bazene","10":"first","11":"instock","12":"sold-individually","13":"purchasable","14":"product-type-simple"},"_links":{"self":[{"href":"https:\/\/hidroterm.dmcsrbija.com\/ru\/wp-json\/wp\/v2\/product\/23400","targetHints":{"allow":["GET"]}}],"collection":[{"href":"https:\/\/hidroterm.dmcsrbija.com\/ru\/wp-json\/wp\/v2\/product"}],"about":[{"href":"https:\/\/hidroterm.dmcsrbija.com\/ru\/wp-json\/wp\/v2\/types\/product"}],"wp:featuredmedia":[{"embeddable":true,"href":"https:\/\/hidroterm.dmcsrbija.com\/ru\/wp-json\/wp\/v2\/media\/23401"}],"wp:attachment":[{"href":"https:\/\/hidroterm.dmcsrbija.com\/ru\/wp-json\/wp\/v2\/media?parent=23400"}],"wp:term":[{"taxonomy":"product_brand","embeddable":true,"href":"https:\/\/hidroterm.dmcsrbija.com\/ru\/wp-json\/wp\/v2\/product_brand?post=23400"},{"taxonomy":"product_cat","embeddable":true,"href":"https:\/\/hidroterm.dmcsrbija.com\/ru\/wp-json\/wp\/v2\/product_cat?post=23400"},{"taxonomy":"product_tag","embeddable":true,"href":"https:\/\/hidroterm.dmcsrbija.com\/ru\/wp-json\/wp\/v2\/product_tag?post=23400"}],"curies":[{"name":"wp","href":"https:\/\/api.w.org\/{rel}","templated":true}]}}