{"id":23396,"date":"2026-03-18T08:32:58","date_gmt":"2026-03-18T07:32:58","guid":{"rendered":"https:\/\/hidroterm.dmcsrbija.com\/proizvod\/zimski-prekrivac-gre\/"},"modified":"2026-03-18T08:33:03","modified_gmt":"2026-03-18T07:33:03","slug":"zimski-prekrivac-gre","status":"publish","type":"product","link":"https:\/\/hidroterm.dmcsrbija.com\/ru\/proizvod\/zimski-prekrivac-gre\/","title":{"rendered":"Zimski prekriva\u010d GRE"},"content":{"rendered":"<p>Prekrivke GRE su idealne za monta\u017ene bazene, ali se mogu koristiti i za za\u0161titu drugih tipova bazena. Ova verzija je tanja varijanta zimske prekrivke, koja je jednostavna za upotrebu i efikasna u za\u0161titi bazena tokom zimskih meseci.<\/p>\n<p>Komplet sadr\u017ei zimsku prekrivku i sajlu za pri\u010dvr\u0161\u0107ivanje oko spoljne ivice bazena, \u010dime se obezbe\u0111uje stabilnost i dugotrajna za\u0161tita.<\/p>\n<p>Prednosti kori\u0161\u0107enja zimske cerade za bazen su brojne: smanjuje potrebu za odr\u017eavanjem i \u0161tedi vreme i novac na hemiji i vodi. Tako\u0111e, spre\u010dava nakupljanje \u010destica i rast algi, \u0161to smanjuje potrebu za dodatnim \u010di\u0161\u0107enjem i kori\u0161\u0107enjem hemijskih sredstava. Ova cerada tako\u0111e \u0161titi bazen od o\u0161te\u0107enja izazvanih lo\u0161im vremenskim uslovima, poput snega, leda i jakih vetrova, \u010dime produ\u017eava vek trajanja va\u0161eg bazena.<\/p>\n<p>Idealna je za za\u0161titu bazena tokom du\u017eih perioda neupotrebe, kao \u0161to su zimski meseci ili izme\u0111u sezona.<\/p>\n<p>Za kompletan zimski tretman vode, pre postavljanja pokriva\u010da, potrebno je dozirati sezonsku hemiju (Winter Sleep i Dispenser).<\/p>\n<p><iframe title=\"Zimsko spremanje bazena . Za sva dodatna pitanja kontaktirajte nas na : 035\/250-570 , 011\/4417250\" width=\"563\" height=\"1000\" src=\"https:\/\/www.youtube.com\/embed\/R2RPfmoYSVk?feature=oembed\" frameborder=\"0\" allow=\"accelerometer; autoplay; clipboard-write; encrypted-media; gyroscope; picture-in-picture; web-share\" referrerpolicy=\"strict-origin-when-cross-origin\" allowfullscreen><\/iframe><\/p>\n<div id=\"gtx-trans\" style=\"position: absolute;left: -103px;top: 98px\"><\/div>","protected":false},"excerpt":{"rendered":"<p>Prekrivke GRE su idealne za monta\u017ene bazene, smanjuju potrebu za odr\u017eavanjem, \u0161tite od snega, leda i algi, i dolaze sa sajlom za jednostavno pri\u010dvr\u0161\u0107ivanje na spoljnim ivicama bazena.<\/p>","protected":false},"featured_media":23397,"template":"","meta":[],"product_brand":[],"product_cat":[4968,4969,5099],"product_tag":[],"class_list":{"0":"post-23396","1":"product","2":"type-product","3":"status-publish","4":"has-post-thumbnail","6":"product_cat-prekrivke-za-bazene","7":"product_cat-zimske-prekrivke-za-bazene","8":"product_cat-zimski-prekrivac-za-bazen-gre","10":"first","11":"instock","12":"sold-individually","13":"product-type-simple"},"_links":{"self":[{"href":"https:\/\/hidroterm.dmcsrbija.com\/ru\/wp-json\/wp\/v2\/product\/23396","targetHints":{"allow":["GET"]}}],"collection":[{"href":"https:\/\/hidroterm.dmcsrbija.com\/ru\/wp-json\/wp\/v2\/product"}],"about":[{"href":"https:\/\/hidroterm.dmcsrbija.com\/ru\/wp-json\/wp\/v2\/types\/product"}],"wp:featuredmedia":[{"embeddable":true,"href":"https:\/\/hidroterm.dmcsrbija.com\/ru\/wp-json\/wp\/v2\/media\/23397"}],"wp:attachment":[{"href":"https:\/\/hidroterm.dmcsrbija.com\/ru\/wp-json\/wp\/v2\/media?parent=23396"}],"wp:term":[{"taxonomy":"product_brand","embeddable":true,"href":"https:\/\/hidroterm.dmcsrbija.com\/ru\/wp-json\/wp\/v2\/product_brand?post=23396"},{"taxonomy":"product_cat","embeddable":true,"href":"https:\/\/hidroterm.dmcsrbija.com\/ru\/wp-json\/wp\/v2\/product_cat?post=23396"},{"taxonomy":"product_tag","embeddable":true,"href":"https:\/\/hidroterm.dmcsrbija.com\/ru\/wp-json\/wp\/v2\/product_tag?post=23396"}],"curies":[{"name":"wp","href":"https:\/\/api.w.org\/{rel}","templated":true}]}}