{"id":23392,"date":"2026-03-18T08:32:58","date_gmt":"2026-03-18T07:32:58","guid":{"rendered":"https:\/\/hidroterm.dmcsrbija.com\/proizvod\/dusek-za-decu-flamingo-140x138x98cm-summer-waves\/"},"modified":"2026-03-18T08:33:02","modified_gmt":"2026-03-18T07:33:02","slug":"dusek-za-decu-flamingo-140x138x98cm-summer-waves","status":"publish","type":"product","link":"https:\/\/hidroterm.dmcsrbija.com\/ru\/proizvod\/dusek-za-decu-flamingo-140x138x98cm-summer-waves\/","title":{"rendered":"Du\u0161ek za decu Flamingo 140x138x98cm Summer Waves"},"content":{"rendered":"<p>Du\u0161ek za decu Flamingo u dimenziji 140x138x98cm idealan za pla\u017eu i privatne bazene.<\/p>","protected":false},"excerpt":{"rendered":"<p>Du\u0161ek za decu Flamingo u dimenziji 140x138x98cm idealan za pla\u017eu i privatne bazene.<\/p>","protected":false},"featured_media":23393,"template":"","meta":[],"product_brand":[],"product_cat":[5098],"product_tag":[],"class_list":{"0":"post-23392","1":"product","2":"type-product","3":"status-publish","4":"has-post-thumbnail","6":"product_cat-oprema-za-plazu-i-plivanje","8":"first","9":"instock","10":"sold-individually","11":"purchasable","12":"product-type-simple"},"_links":{"self":[{"href":"https:\/\/hidroterm.dmcsrbija.com\/ru\/wp-json\/wp\/v2\/product\/23392","targetHints":{"allow":["GET"]}}],"collection":[{"href":"https:\/\/hidroterm.dmcsrbija.com\/ru\/wp-json\/wp\/v2\/product"}],"about":[{"href":"https:\/\/hidroterm.dmcsrbija.com\/ru\/wp-json\/wp\/v2\/types\/product"}],"wp:featuredmedia":[{"embeddable":true,"href":"https:\/\/hidroterm.dmcsrbija.com\/ru\/wp-json\/wp\/v2\/media\/23393"}],"wp:attachment":[{"href":"https:\/\/hidroterm.dmcsrbija.com\/ru\/wp-json\/wp\/v2\/media?parent=23392"}],"wp:term":[{"taxonomy":"product_brand","embeddable":true,"href":"https:\/\/hidroterm.dmcsrbija.com\/ru\/wp-json\/wp\/v2\/product_brand?post=23392"},{"taxonomy":"product_cat","embeddable":true,"href":"https:\/\/hidroterm.dmcsrbija.com\/ru\/wp-json\/wp\/v2\/product_cat?post=23392"},{"taxonomy":"product_tag","embeddable":true,"href":"https:\/\/hidroterm.dmcsrbija.com\/ru\/wp-json\/wp\/v2\/product_tag?post=23392"}],"curies":[{"name":"wp","href":"https:\/\/api.w.org\/{rel}","templated":true}]}}