{"id":23386,"date":"2026-03-18T08:32:58","date_gmt":"2026-03-18T07:32:58","guid":{"rendered":"https:\/\/hidroterm.dmcsrbija.com\/proizvod\/dusek-na-naduvavanje-merimaid-tail-178x61x14\/"},"modified":"2026-03-18T08:33:01","modified_gmt":"2026-03-18T07:33:01","slug":"dusek-na-naduvavanje-merimaid-tail-178x61x14","status":"publish","type":"product","link":"https:\/\/hidroterm.dmcsrbija.com\/ru\/proizvod\/dusek-na-naduvavanje-merimaid-tail-178x61x14\/","title":{"rendered":"Du\u0161ek na naduvavanje Merimaid Tail 178x61x14"},"content":{"rendered":"<p>Du\u0161ek na naduvavanje Merimaid Tail dimenzija 178x61x14mm idealan za kori\u0161\u0107enje na pla\u017ei ili bazenu.<\/p>","protected":false},"excerpt":{"rendered":"<p>Du\u0161ek na naduvavanje Merimaid Tail dimenzija 178x61x14mm idealan za kori\u0161\u0107enje na pla\u017ei ili bazenu.<\/p>","protected":false},"featured_media":23387,"template":"","meta":[],"product_brand":[],"product_cat":[5098],"product_tag":[],"class_list":{"0":"post-23386","1":"product","2":"type-product","3":"status-publish","4":"has-post-thumbnail","6":"product_cat-oprema-za-plazu-i-plivanje","8":"first","9":"instock","10":"sold-individually","11":"purchasable","12":"product-type-simple"},"_links":{"self":[{"href":"https:\/\/hidroterm.dmcsrbija.com\/ru\/wp-json\/wp\/v2\/product\/23386","targetHints":{"allow":["GET"]}}],"collection":[{"href":"https:\/\/hidroterm.dmcsrbija.com\/ru\/wp-json\/wp\/v2\/product"}],"about":[{"href":"https:\/\/hidroterm.dmcsrbija.com\/ru\/wp-json\/wp\/v2\/types\/product"}],"wp:featuredmedia":[{"embeddable":true,"href":"https:\/\/hidroterm.dmcsrbija.com\/ru\/wp-json\/wp\/v2\/media\/23387"}],"wp:attachment":[{"href":"https:\/\/hidroterm.dmcsrbija.com\/ru\/wp-json\/wp\/v2\/media?parent=23386"}],"wp:term":[{"taxonomy":"product_brand","embeddable":true,"href":"https:\/\/hidroterm.dmcsrbija.com\/ru\/wp-json\/wp\/v2\/product_brand?post=23386"},{"taxonomy":"product_cat","embeddable":true,"href":"https:\/\/hidroterm.dmcsrbija.com\/ru\/wp-json\/wp\/v2\/product_cat?post=23386"},{"taxonomy":"product_tag","embeddable":true,"href":"https:\/\/hidroterm.dmcsrbija.com\/ru\/wp-json\/wp\/v2\/product_tag?post=23386"}],"curies":[{"name":"wp","href":"https:\/\/api.w.org\/{rel}","templated":true}]}}