{"id":23384,"date":"2026-03-18T08:32:58","date_gmt":"2026-03-18T07:32:58","guid":{"rendered":"https:\/\/hidroterm.dmcsrbija.com\/proizvod\/filterska-ispuna-zeolit-05-12mm\/"},"modified":"2026-03-18T08:33:01","modified_gmt":"2026-03-18T07:33:01","slug":"filterska-ispuna-zeolit-05-12mm","status":"publish","type":"product","link":"https:\/\/hidroterm.dmcsrbija.com\/ru\/proizvod\/filterska-ispuna-zeolit-05-12mm\/","title":{"rendered":"Filterska ispuna Zeolit 0,5-1,2mm"},"content":{"rendered":"<h5 data-start=\"62\" data-end=\"120\">Zeolit \u2013 prirodna filtraciona ispuna za bazene 0,5-1,2mm<\/h5>\n<p data-start=\"122\" data-end=\"231\">Zeolit je 100% prirodna filtraciona ispuna iz Australije, poznata po najboljem stepenu filtracije na svetu.<\/p>\n<p data-start=\"233\" data-end=\"345\">Jedno pakovanje od 15 kg zeolita odgovara 20 kg staklenih granula. Koristi se odnos krupne i sitne ispune 1:3.<\/p>\n<p data-start=\"347\" data-end=\"564\">Prednosti zeolita uklju\u010duju smanjenje potro\u0161nje hemikalija do 35%, u\u0161tedu elektri\u010dne energije do 50%, pobolj\u0161anu higijenu vode i smanjenje iritacije o\u010diju. Tako\u0111e, zeolit je odbojan za \u017eivotinjski svet pored bazena.<\/p>\n<p data-start=\"566\" data-end=\"616\">Zamena ispune preporu\u010duje se na svakih 5 godina.<\/p>\n<p data-start=\"566\" data-end=\"616\">Cena je po pakovanju.<\/p>","protected":false},"excerpt":{"rendered":"<p>Zeolit \u2013 prirodna filtraciona ispuna za bazene 0,5-1,2mm Zeolit je 100% prirodna filtraciona ispuna iz Australije, poznata po najboljem stepenu filtracije na svetu. Jedno pakovanje od 15 kg zeolita odgovara 20 kg staklenih granula. Koristi se odnos krupne i sitne ispune 1:3. Prednosti zeolita uklju\u010duju smanjenje potro\u0161nje hemikalija do 35%, u\u0161tedu elektri\u010dne energije do 50%, [&hellip;]<\/p>\n","protected":false},"featured_media":23385,"template":"","meta":[],"product_brand":[],"product_cat":[4952],"product_tag":[],"class_list":{"0":"post-23384","1":"product","2":"type-product","3":"status-publish","4":"has-post-thumbnail","6":"product_cat-filterska-ispuna","8":"first","9":"instock","10":"sold-individually","11":"purchasable","12":"product-type-simple"},"_links":{"self":[{"href":"https:\/\/hidroterm.dmcsrbija.com\/ru\/wp-json\/wp\/v2\/product\/23384","targetHints":{"allow":["GET"]}}],"collection":[{"href":"https:\/\/hidroterm.dmcsrbija.com\/ru\/wp-json\/wp\/v2\/product"}],"about":[{"href":"https:\/\/hidroterm.dmcsrbija.com\/ru\/wp-json\/wp\/v2\/types\/product"}],"wp:featuredmedia":[{"embeddable":true,"href":"https:\/\/hidroterm.dmcsrbija.com\/ru\/wp-json\/wp\/v2\/media\/23385"}],"wp:attachment":[{"href":"https:\/\/hidroterm.dmcsrbija.com\/ru\/wp-json\/wp\/v2\/media?parent=23384"}],"wp:term":[{"taxonomy":"product_brand","embeddable":true,"href":"https:\/\/hidroterm.dmcsrbija.com\/ru\/wp-json\/wp\/v2\/product_brand?post=23384"},{"taxonomy":"product_cat","embeddable":true,"href":"https:\/\/hidroterm.dmcsrbija.com\/ru\/wp-json\/wp\/v2\/product_cat?post=23384"},{"taxonomy":"product_tag","embeddable":true,"href":"https:\/\/hidroterm.dmcsrbija.com\/ru\/wp-json\/wp\/v2\/product_tag?post=23384"}],"curies":[{"name":"wp","href":"https:\/\/api.w.org\/{rel}","templated":true}]}}