{"id":23382,"date":"2026-03-18T08:32:58","date_gmt":"2026-03-18T07:32:58","guid":{"rendered":"https:\/\/hidroterm.dmcsrbija.com\/proizvod\/potezno-vedro-za-saunu\/"},"modified":"2026-03-18T08:33:01","modified_gmt":"2026-03-18T07:33:01","slug":"potezno-vedro-za-saunu","status":"publish","type":"product","link":"https:\/\/hidroterm.dmcsrbija.com\/ru\/proizvod\/potezno-vedro-za-saunu\/","title":{"rendered":"Potezno vedro za saunu"},"content":{"rendered":"<h2 data-start=\"248\" data-end=\"320\"><strong data-start=\"255\" data-end=\"320\">Potezno vedro za saunu \u2013 osve\u017eenje nakon svakog sauna tretmana<\/strong><\/h2>\n<p>&nbsp;<\/p>\n<p data-start=\"322\" data-end=\"662\">Do\u017eivite pravi efekat finske saune uz <strong data-start=\"360\" data-end=\"385\">potezno vedro za saunu<\/strong> \u2013 atraktivnu i funkcionalnu instalaciju namenjenu za <strong data-start=\"439\" data-end=\"489\">polivanje\u00a0 vodom nakon izlaska iz saune<\/strong>. Jednim potezom ru\u010dke, vedro se naginje i osloba\u0111a slap hladne vode koji trenutno osve\u017eava telo i stimuli\u0161e cirkulaciju, pru\u017eaju\u0107i ose\u0107aj potpunog bu\u0111enja i regeneracije.<\/p>\n<p data-start=\"721\" data-end=\"1120\">Vedro je izra\u0111eno od <strong data-start=\"742\" data-end=\"772\">vrhunskog prohroma (inoxa)<\/strong> sa spoljnim okvirom i ru\u010dkom za jednostavno kori\u0161\u0107enje. Unutra\u0161nji deo poseduje <strong data-start=\"853\" data-end=\"878\">vodonepropusnu posudu<\/strong>, koja obezbe\u0111uje bezbedno i dugotrajno funkcionisanje \u010dak i u uslovima visoke vlage.<br data-start=\"963\" data-end=\"966\" \/>Zahvaljuju\u0107i robusnoj konstrukciji i otpornosti na koroziju, potezno vedro je idealan izbor za <strong data-start=\"1060\" data-end=\"1117\">privatne i profesionalne saune, wellness i spa centre<\/strong>.<\/p>\n<h3 data-start=\"1247\" data-end=\"1293\"><strong data-start=\"1257\" data-end=\"1293\">Prednosti poteznog vedra za saunu<\/strong><\/h3>\n<ul data-start=\"1295\" data-end=\"1559\">\n<li data-start=\"1295\" data-end=\"1345\">\n<p data-start=\"1297\" data-end=\"1345\">Omogu\u0107ava brzo i potpuno osve\u017eenje nakon saune<\/p>\n<\/li>\n<li data-start=\"1346\" data-end=\"1402\">\n<p data-start=\"1348\" data-end=\"1402\">Stimuli\u0161e krvotok i podsti\u010de detoksikaciju organizma<\/p>\n<\/li>\n<li data-start=\"1403\" data-end=\"1443\">\n<p data-start=\"1405\" data-end=\"1443\">Jednostavno za upotrebu i odr\u017eavanje<\/p>\n<\/li>\n<li data-start=\"1444\" data-end=\"1500\">\n<p data-start=\"1446\" data-end=\"1500\">Izra\u0111eno od ner\u0111aju\u0107eg \u010delika \u2013 dugotrajno i otporno<\/p>\n<\/li>\n<li data-start=\"1501\" data-end=\"1559\">\n<p data-start=\"1503\" data-end=\"1559\">Atraktivan dodatak koji upotpunjuje izgled svake saune<\/p>\n<\/li>\n<\/ul>\n<h3 data-start=\"1566\" data-end=\"1609\"><\/h3>\n<p data-start=\"1611\" data-end=\"1811\">Kombinacija toplote i hladno\u0107e donosi balans tela i uma. Uz <strong data-start=\"1671\" data-end=\"1696\">potezno vedro za saunu<\/strong>, svaka sesija zavr\u0161ava savr\u0161enim kontrastnim osve\u017eenjem koje ja\u010da organizam i pove\u0107ava blagodeti sauna tretmana.<\/p>","protected":false},"excerpt":{"rendered":"<p>Elegantno inox potezno vedro za saunu donosi savr\u0161en zavr\u0161etak svakog sauna tretmana \u2013 osve\u017eenje hladnim slapom vode za potpuni balans tela i uma.<\/p>","protected":false},"featured_media":23383,"template":"","meta":[],"product_brand":[],"product_cat":[5020,5097,5019],"product_tag":[],"class_list":{"0":"post-23382","1":"product","2":"type-product","3":"status-publish","4":"has-post-thumbnail","6":"product_cat-oprema-za-saune","7":"product_cat-potezna-vedra-za-saune","8":"product_cat-saune","10":"first","11":"instock","12":"sold-individually","13":"purchasable","14":"product-type-simple"},"_links":{"self":[{"href":"https:\/\/hidroterm.dmcsrbija.com\/ru\/wp-json\/wp\/v2\/product\/23382","targetHints":{"allow":["GET"]}}],"collection":[{"href":"https:\/\/hidroterm.dmcsrbija.com\/ru\/wp-json\/wp\/v2\/product"}],"about":[{"href":"https:\/\/hidroterm.dmcsrbija.com\/ru\/wp-json\/wp\/v2\/types\/product"}],"wp:featuredmedia":[{"embeddable":true,"href":"https:\/\/hidroterm.dmcsrbija.com\/ru\/wp-json\/wp\/v2\/media\/23383"}],"wp:attachment":[{"href":"https:\/\/hidroterm.dmcsrbija.com\/ru\/wp-json\/wp\/v2\/media?parent=23382"}],"wp:term":[{"taxonomy":"product_brand","embeddable":true,"href":"https:\/\/hidroterm.dmcsrbija.com\/ru\/wp-json\/wp\/v2\/product_brand?post=23382"},{"taxonomy":"product_cat","embeddable":true,"href":"https:\/\/hidroterm.dmcsrbija.com\/ru\/wp-json\/wp\/v2\/product_cat?post=23382"},{"taxonomy":"product_tag","embeddable":true,"href":"https:\/\/hidroterm.dmcsrbija.com\/ru\/wp-json\/wp\/v2\/product_tag?post=23382"}],"curies":[{"name":"wp","href":"https:\/\/api.w.org\/{rel}","templated":true}]}}