{"id":23380,"date":"2026-03-18T08:32:58","date_gmt":"2026-03-18T07:32:58","guid":{"rendered":"https:\/\/hidroterm.dmcsrbija.com\/proizvod\/atrakcija-vodeni-pistolj-top\/"},"modified":"2026-03-18T08:33:01","modified_gmt":"2026-03-18T07:33:01","slug":"atrakcija-vodeni-pistolj-top","status":"publish","type":"product","link":"https:\/\/hidroterm.dmcsrbija.com\/ru\/proizvod\/atrakcija-vodeni-pistolj-top\/","title":{"rendered":"Atrakcija vodeni pistolj\/top"},"content":{"rendered":"<p>Vodeni pistolj\/top za bazene od inoxa AISI304.<\/p>\n<p>Namenjen je dodatnoj zabavi i razonodi u bazenu.<\/p>\n<p>Upotpunice se uzivanje u bazenu i stvoriti zabavu kako za najmladje, tako i za starije.<\/p>\n<p>Deca uzivaju u letnjim danima u prskanju i igranju. Priu\u0161tite im pravo zadovoljstvo i atrakciju koju nema svako.<\/p>\n<p>&#8211; Priklju\u010dak za pi\u0161tolj je crevo na 35mm.<\/p>\n<p>&#8211; Proizvo\u0111a\u010d Finn Forest.<\/p>\n<p>&#8211; Namenjen je bazene koji u sebi nemaju elektrolizu.<\/p>\n<p>&nbsp;<\/p>","protected":false},"excerpt":{"rendered":"<p>Vodeni pistolj\/top za bazene od inoxa AISI304. Namenjen je dodatnoj zabavi i razonodi u bazenu. Upotpunice se uzivanje u bazenu i stvoriti zabavu kako za najmladje, tako i za starije. Deca uzivaju u letnjim danima u prskanju i igranju. Priu\u0161tite im pravo zadovoljstvo i atrakciju koju nema svako. &#8211; Priklju\u010dak za pi\u0161tolj je crevo na [&hellip;]<\/p>\n","protected":false},"featured_media":23381,"template":"","meta":[],"product_brand":[],"product_cat":[5048,5046],"product_tag":[],"class_list":{"0":"post-23380","1":"product","2":"type-product","3":"status-publish","4":"has-post-thumbnail","6":"product_cat-vodene-atrakcije","7":"product_cat-vodene-atrakcije-za-bazene","9":"first","10":"instock","11":"sold-individually","12":"purchasable","13":"product-type-simple"},"_links":{"self":[{"href":"https:\/\/hidroterm.dmcsrbija.com\/ru\/wp-json\/wp\/v2\/product\/23380","targetHints":{"allow":["GET"]}}],"collection":[{"href":"https:\/\/hidroterm.dmcsrbija.com\/ru\/wp-json\/wp\/v2\/product"}],"about":[{"href":"https:\/\/hidroterm.dmcsrbija.com\/ru\/wp-json\/wp\/v2\/types\/product"}],"wp:featuredmedia":[{"embeddable":true,"href":"https:\/\/hidroterm.dmcsrbija.com\/ru\/wp-json\/wp\/v2\/media\/23381"}],"wp:attachment":[{"href":"https:\/\/hidroterm.dmcsrbija.com\/ru\/wp-json\/wp\/v2\/media?parent=23380"}],"wp:term":[{"taxonomy":"product_brand","embeddable":true,"href":"https:\/\/hidroterm.dmcsrbija.com\/ru\/wp-json\/wp\/v2\/product_brand?post=23380"},{"taxonomy":"product_cat","embeddable":true,"href":"https:\/\/hidroterm.dmcsrbija.com\/ru\/wp-json\/wp\/v2\/product_cat?post=23380"},{"taxonomy":"product_tag","embeddable":true,"href":"https:\/\/hidroterm.dmcsrbija.com\/ru\/wp-json\/wp\/v2\/product_tag?post=23380"}],"curies":[{"name":"wp","href":"https:\/\/api.w.org\/{rel}","templated":true}]}}