{"id":23378,"date":"2026-03-18T08:32:58","date_gmt":"2026-03-18T07:32:58","guid":{"rendered":"https:\/\/hidroterm.dmcsrbija.com\/proizvod\/atrakcija-pecurka-pvc\/"},"modified":"2026-03-18T08:33:00","modified_gmt":"2026-03-18T07:33:00","slug":"atrakcija-pecurka-pvc","status":"publish","type":"product","link":"https:\/\/hidroterm.dmcsrbija.com\/ru\/proizvod\/atrakcija-pecurka-pvc\/","title":{"rendered":"Atrakcija pe\u010durka PVC"},"content":{"rendered":"<p>Vodena atrakcija u obliku pe\u010durke izra\u0111ena od PVC-a.<\/p>\n<p>Vodene atrakcije za ulep\u0161avanje bazenskog prostora i pad vode u bazenu.<\/p>\n<p>Pecurkom mo\u017eete svojoj deci napraviti pravo u\u017eivanje u bazenu. Deca uzivaju u letnjim danima u prskanju i igranju. Priu\u0161tite im pravo zadovoljstvo i atrakciju koju nema svako.<\/p>\n<p><span style=\"font-size: 10pt;\"><em>*Za rad ovih atrakcija potrebno je obezbediti dodatnu pumpu i odgovaraju\u0107u instalaciju.<\/em><\/span><\/p>","protected":false},"excerpt":{"rendered":"<p>Vodena atrakcija u obliku pe\u010durke izra\u0111ena od PVC-a. Vodene atrakcije za ulep\u0161avanje bazenskog prostora i pad vode u bazenu. Pecurkom mo\u017eete svojoj deci napraviti pravo u\u017eivanje u bazenu. Deca uzivaju u letnjim danima u prskanju i igranju. Priu\u0161tite im pravo zadovoljstvo i atrakciju koju nema svako. *Za rad ovih atrakcija potrebno je obezbediti dodatnu pumpu [&hellip;]<\/p>\n","protected":false},"featured_media":23379,"template":"","meta":[],"product_brand":[],"product_cat":[5048,5046],"product_tag":[],"class_list":{"0":"post-23378","1":"product","2":"type-product","3":"status-publish","4":"has-post-thumbnail","6":"product_cat-vodene-atrakcije","7":"product_cat-vodene-atrakcije-za-bazene","9":"first","10":"instock","11":"sold-individually","12":"product-type-simple"},"_links":{"self":[{"href":"https:\/\/hidroterm.dmcsrbija.com\/ru\/wp-json\/wp\/v2\/product\/23378","targetHints":{"allow":["GET"]}}],"collection":[{"href":"https:\/\/hidroterm.dmcsrbija.com\/ru\/wp-json\/wp\/v2\/product"}],"about":[{"href":"https:\/\/hidroterm.dmcsrbija.com\/ru\/wp-json\/wp\/v2\/types\/product"}],"wp:featuredmedia":[{"embeddable":true,"href":"https:\/\/hidroterm.dmcsrbija.com\/ru\/wp-json\/wp\/v2\/media\/23379"}],"wp:attachment":[{"href":"https:\/\/hidroterm.dmcsrbija.com\/ru\/wp-json\/wp\/v2\/media?parent=23378"}],"wp:term":[{"taxonomy":"product_brand","embeddable":true,"href":"https:\/\/hidroterm.dmcsrbija.com\/ru\/wp-json\/wp\/v2\/product_brand?post=23378"},{"taxonomy":"product_cat","embeddable":true,"href":"https:\/\/hidroterm.dmcsrbija.com\/ru\/wp-json\/wp\/v2\/product_cat?post=23378"},{"taxonomy":"product_tag","embeddable":true,"href":"https:\/\/hidroterm.dmcsrbija.com\/ru\/wp-json\/wp\/v2\/product_tag?post=23378"}],"curies":[{"name":"wp","href":"https:\/\/api.w.org\/{rel}","templated":true}]}}