{"id":23376,"date":"2026-03-18T08:32:58","date_gmt":"2026-03-18T07:32:58","guid":{"rendered":"https:\/\/hidroterm.dmcsrbija.com\/proizvod\/sauna-pec-sa-eksternom-digitalnom-kontrolom-sav-12kw\/"},"modified":"2026-03-18T08:33:00","modified_gmt":"2026-03-18T07:33:00","slug":"sauna-pec-sa-eksternom-digitalnom-kontrolom-sav-12kw","status":"publish","type":"product","link":"https:\/\/hidroterm.dmcsrbija.com\/ru\/proizvod\/sauna-pec-sa-eksternom-digitalnom-kontrolom-sav-12kw\/","title":{"rendered":"Sauna pe\u0107 sa eksternom digitalnom kontrolom SAV 12KW"},"content":{"rendered":"<h2 data-start=\"153\" data-end=\"209\">Sauna pe\u0107 sa eksternom digitalnom kontrolom SAV 12 kW<\/h2>\n<p data-start=\"211\" data-end=\"520\">Sauna pe\u0107 <strong data-start=\"221\" data-end=\"240\">SAV snage 12 kW<\/strong> namenjena je zagrevanju <strong data-start=\"265\" data-end=\"281\">javnih sauna<\/strong> i predstavlja klju\u010dni element za postizanje visoke temperature i odgovaraju\u0107e vla\u017enosti karakteristi\u010dne za tradicionalno sauna okru\u017eenje. Ova pe\u0107 omogu\u0107ava stabilne uslove za kori\u0161\u0107enje saune i prijatnu, opu\u0161taju\u0107u atmosferu za korisnike.<\/p>\n<p data-start=\"522\" data-end=\"758\">Pe\u0107 je <strong data-start=\"529\" data-end=\"541\">trofazna<\/strong>, snage <strong data-start=\"549\" data-end=\"558\">12 kW<\/strong>, i pogodna je za sauna prostorije zapremine <strong data-start=\"603\" data-end=\"621\">od 10 do 18 m\u00b3<\/strong>. Nakon zagrevanja, temperatura u sauni dosti\u017ee uobi\u010dajeni raspon <strong data-start=\"687\" data-end=\"705\">od 70 do 100\u00b0C<\/strong>, obezbe\u0111uju\u0107i pouzdan i efikasan rad u kontinuitetu.<\/p>\n<p data-start=\"760\" data-end=\"1013\">Model <strong data-start=\"766\" data-end=\"773\">SAV<\/strong> koristi <strong data-start=\"782\" data-end=\"823\">eksternu digitalnu kontrolnu jedinicu<\/strong>, koja <strong data-start=\"830\" data-end=\"861\">nije integrisana u samu pe\u0107<\/strong> i <strong data-start=\"864\" data-end=\"886\">ne dolazi u paketu<\/strong>, ve\u0107 se nabavlja zasebno. Ovakav sistem kontrole omogu\u0107ava precizno upravljanje radom pe\u0107i u skladu sa zahtevima javnih sauna.<\/p>\n<p data-start=\"1015\" data-end=\"1233\">Sauna pe\u0107 je konstruisana tako da bude <strong data-start=\"1054\" data-end=\"1115\">bezbedna i otporna na visoke temperature i pove\u0107anu vlagu<\/strong>, \u010dime se obezbe\u0111uje dugotrajan i stabilan rad. <strong data-start=\"1163\" data-end=\"1212\">Vulkansko sauna kamenje nije uklju\u010deno u cenu<\/strong> i kupuje se posebno.<\/p>\n<h3 data-start=\"1240\" data-end=\"1274\">Prednosti sauna pe\u0107i SAV 12 kW<\/h3>\n<ul data-start=\"1276\" data-end=\"1545\">\n<li data-start=\"1276\" data-end=\"1330\">\n<p data-start=\"1278\" data-end=\"1330\"><strong data-start=\"1278\" data-end=\"1293\">Snaga 12 kW<\/strong> \u2013 pouzdano zagrevanje javnih sauna<\/p>\n<\/li>\n<li data-start=\"1331\" data-end=\"1390\">\n<p data-start=\"1333\" data-end=\"1390\"><strong data-start=\"1333\" data-end=\"1364\">Eksterna digitalna kontrola<\/strong> \u2013 nije uklju\u010dena u cenu<\/p>\n<\/li>\n<li data-start=\"1391\" data-end=\"1417\">\n<p data-start=\"1393\" data-end=\"1417\"><strong data-start=\"1393\" data-end=\"1415\">Trofazno napajanje<\/strong><\/p>\n<\/li>\n<li data-start=\"1418\" data-end=\"1462\">\n<p data-start=\"1420\" data-end=\"1462\">Pogodna za sauna prostorije <strong data-start=\"1448\" data-end=\"1460\">10\u201318 m\u00b3<\/strong><\/p>\n<\/li>\n<li data-start=\"1463\" data-end=\"1517\">\n<p data-start=\"1465\" data-end=\"1517\">Otporna konstrukcija za visoke temperature i vlagu<\/p>\n<\/li>\n<li data-start=\"1518\" data-end=\"1545\">\n<p data-start=\"1520\" data-end=\"1545\">Stabilan i bezbedan rad<\/p>\n<\/li>\n<\/ul>\n<h3 data-start=\"1552\" data-end=\"1579\">Tehni\u010dke karakteristike<\/h3>\n<ul data-start=\"1581\" data-end=\"1920\">\n<li data-start=\"1581\" data-end=\"1599\">\n<p data-start=\"1583\" data-end=\"1599\"><strong data-start=\"1583\" data-end=\"1593\">Model:<\/strong> SAV<\/p>\n<\/li>\n<li data-start=\"1600\" data-end=\"1620\">\n<p data-start=\"1602\" data-end=\"1620\"><strong data-start=\"1602\" data-end=\"1612\">Snaga:<\/strong> 12 kW<\/p>\n<\/li>\n<li data-start=\"1621\" data-end=\"1648\">\n<p data-start=\"1623\" data-end=\"1648\"><strong data-start=\"1623\" data-end=\"1637\">Napajanje:<\/strong> Trofazno<\/p>\n<\/li>\n<li data-start=\"1649\" data-end=\"1727\">\n<p data-start=\"1651\" data-end=\"1727\"><strong data-start=\"1651\" data-end=\"1664\">Kontrola:<\/strong> Eksterna digitalna (nije integrisana, nije uklju\u010dena u cenu)<\/p>\n<\/li>\n<li data-start=\"1728\" data-end=\"1773\">\n<p data-start=\"1730\" data-end=\"1773\"><strong data-start=\"1730\" data-end=\"1762\">Preporu\u010dena zapremina saune:<\/strong> 10\u201318 m\u00b3<\/p>\n<\/li>\n<li data-start=\"1774\" data-end=\"1819\">\n<p data-start=\"1776\" data-end=\"1819\"><strong data-start=\"1776\" data-end=\"1798\">Radna temperatura:<\/strong> pribli\u017eno 70\u2013100\u00b0C<\/p>\n<\/li>\n<li data-start=\"1820\" data-end=\"1847\">\n<p data-start=\"1822\" data-end=\"1847\"><strong data-start=\"1822\" data-end=\"1833\">Namena:<\/strong> Javne saune<\/p>\n<\/li>\n<li data-start=\"1848\" data-end=\"1892\">\n<p data-start=\"1850\" data-end=\"1892\"><strong data-start=\"1850\" data-end=\"1868\">Sauna kamenje:<\/strong> nije uklju\u010deno u cenu<\/p>\n<\/li>\n<li data-start=\"1893\" data-end=\"1920\">\n<p data-start=\"1895\" data-end=\"1920\"><strong data-start=\"1895\" data-end=\"1909\">Garancija:<\/strong> 2 godine<\/p>\n<\/li>\n<\/ul>","protected":false},"excerpt":{"rendered":"<p>Sauna pe\u0107 SAV 12 kW sa eksternom digitalnom kontrolom namenjena je javnim saunama. Trofazna konstrukcija omogu\u0107ava pouzdano zagrevanje sauna zapremine 10\u201318 m\u00b3, uz radnu temperaturu od 70 do 100\u00b0C. Eksterna kontrola omogu\u0107ava precizno upravljanje radom pe\u0107i, dok njena otpornost na visoke temperature i vlagu garantuje dugotrajan i bezbedan rad. Vulkansko kamenje se kupuje posebno.<\/p>","protected":false},"featured_media":23377,"template":"","meta":[],"product_brand":[],"product_cat":[5020,5021,5019],"product_tag":[],"class_list":{"0":"post-23376","1":"product","2":"type-product","3":"status-publish","4":"has-post-thumbnail","6":"product_cat-oprema-za-saune","7":"product_cat-peci-za-saunu","8":"product_cat-saune","10":"first","11":"instock","12":"sold-individually","13":"purchasable","14":"product-type-simple"},"_links":{"self":[{"href":"https:\/\/hidroterm.dmcsrbija.com\/ru\/wp-json\/wp\/v2\/product\/23376","targetHints":{"allow":["GET"]}}],"collection":[{"href":"https:\/\/hidroterm.dmcsrbija.com\/ru\/wp-json\/wp\/v2\/product"}],"about":[{"href":"https:\/\/hidroterm.dmcsrbija.com\/ru\/wp-json\/wp\/v2\/types\/product"}],"wp:featuredmedia":[{"embeddable":true,"href":"https:\/\/hidroterm.dmcsrbija.com\/ru\/wp-json\/wp\/v2\/media\/23377"}],"wp:attachment":[{"href":"https:\/\/hidroterm.dmcsrbija.com\/ru\/wp-json\/wp\/v2\/media?parent=23376"}],"wp:term":[{"taxonomy":"product_brand","embeddable":true,"href":"https:\/\/hidroterm.dmcsrbija.com\/ru\/wp-json\/wp\/v2\/product_brand?post=23376"},{"taxonomy":"product_cat","embeddable":true,"href":"https:\/\/hidroterm.dmcsrbija.com\/ru\/wp-json\/wp\/v2\/product_cat?post=23376"},{"taxonomy":"product_tag","embeddable":true,"href":"https:\/\/hidroterm.dmcsrbija.com\/ru\/wp-json\/wp\/v2\/product_tag?post=23376"}],"curies":[{"name":"wp","href":"https:\/\/api.w.org\/{rel}","templated":true}]}}