{"id":23366,"date":"2026-03-18T08:32:49","date_gmt":"2026-03-18T07:32:49","guid":{"rendered":"https:\/\/hidroterm.dmcsrbija.com\/proizvod\/eksterna-kontrola-i-konektor-za-sauna-pec-od-3-9kw\/"},"modified":"2026-03-18T08:32:56","modified_gmt":"2026-03-18T07:32:56","slug":"eksterna-kontrola-i-konektor-za-sauna-pec-od-3-9kw","status":"publish","type":"product","link":"https:\/\/hidroterm.dmcsrbija.com\/ru\/proizvod\/eksterna-kontrola-i-konektor-za-sauna-pec-od-3-9kw\/","title":{"rendered":"Eksterna kontrola i konektor za sauna pec od 3-9kw"},"content":{"rendered":"<h3 data-start=\"182\" data-end=\"243\">Eksterna kontrola i konektor za sauna pe\u0107 3\u20139 kW \u2013 FLW-90<\/h3>\n<p data-start=\"245\" data-end=\"483\">Eksterna kontrola i konektor <strong data-start=\"274\" data-end=\"284\">FLW-90<\/strong> namenjeni su upravljanju <strong data-start=\"310\" data-end=\"345\">sauna pe\u0107ima snage od 3 do 9 kW<\/strong> koje <strong data-start=\"351\" data-end=\"392\">nemaju integrisanu (internu) kontrolu<\/strong>. Ovi proizvodi se <strong data-start=\"411\" data-end=\"434\">prodaju pojedina\u010dno<\/strong> i <strong data-start=\"437\" data-end=\"482\">ne isporu\u010duju se u kompletu sa sauna pe\u0107i<\/strong>.<\/p>\n<p data-start=\"485\" data-end=\"790\">Eksterna kontrola, poznata i kao <strong data-start=\"518\" data-end=\"571\">komanda odnosno upravlja\u010dka jedinica za sauna pe\u0107<\/strong>, predstavlja <strong data-start=\"585\" data-end=\"605\">spoljnu jedinicu<\/strong> koja se montira <strong data-start=\"622\" data-end=\"648\">izvan prostorije saune<\/strong>, \u010dime se omogu\u0107ava jednostavno i bezbedno upravljanje radom pe\u0107i, kao i za\u0161tita elektronike od visokih temperatura i vlage prisutnih u sauni.<\/p>\n<p data-start=\"792\" data-end=\"831\">Putem eksterne kontrole korisnici mogu:<\/p>\n<ul data-start=\"832\" data-end=\"959\">\n<li data-start=\"832\" data-end=\"872\">\n<p data-start=\"834\" data-end=\"872\">uklju\u010divati i isklju\u010divati sauna pe\u0107<\/p>\n<\/li>\n<li data-start=\"873\" data-end=\"911\">\n<p data-start=\"875\" data-end=\"911\">pode\u0161avati radnu temperaturu saune<\/p>\n<\/li>\n<li data-start=\"912\" data-end=\"959\">\n<p data-start=\"914\" data-end=\"959\">upravljati osnovnim radnim parametrima pe\u0107i<\/p>\n<\/li>\n<\/ul>\n<p data-start=\"961\" data-end=\"1104\">Konektor slu\u017ei za pravilno i sigurno povezivanje sauna pe\u0107i sa eksternom kontrolom, obezbe\u0111uju\u0107i stabilan prenos komandi i pouzdan rad sistema.<\/p>\n<p data-start=\"1106\" data-end=\"1332\">Eksterna digitalna kontrola FLW-90 projektovana je za upotrebu u zahtevnim uslovima rada sauna i izra\u0111ena je tako da obezbedi <strong data-start=\"1232\" data-end=\"1258\">siguran i stabilan rad<\/strong>, uz otpornost na povi\u0161ene temperature i vlagu u skladu sa svojom namenom.<\/p>\n<p data-start=\"1334\" data-end=\"1469\">Ovaj sistem je <strong data-start=\"1349\" data-end=\"1423\">neophodan za pravilan rad sauna pe\u0107i snage 3\u20139 kW bez interne kontrole<\/strong>, u skladu sa tehni\u010dkim zahtevima proizvo\u0111a\u010da.<\/p>\n<p>&nbsp;<\/p>\n<p>&nbsp;<\/p>","protected":false},"excerpt":{"rendered":"<p>Eksterna kontrola i konektor FLW-90 za sauna pe\u0107i snage 3\u20139 kW bez interne kontrole. Omogu\u0107ava sigurno upravljanje radom pe\u0107i i pode\u0161avanje temperature i osnovnih parametara saune.<\/p>","protected":false},"featured_media":23367,"template":"","meta":[],"product_brand":[],"product_cat":[5025,5020,5019],"product_tag":[],"class_list":{"0":"post-23366","1":"product","2":"type-product","3":"status-publish","4":"has-post-thumbnail","6":"product_cat-kontrole-za-sauna-peci","7":"product_cat-oprema-za-saune","8":"product_cat-saune","10":"first","11":"instock","12":"sold-individually","13":"purchasable","14":"product-type-simple"},"_links":{"self":[{"href":"https:\/\/hidroterm.dmcsrbija.com\/ru\/wp-json\/wp\/v2\/product\/23366","targetHints":{"allow":["GET"]}}],"collection":[{"href":"https:\/\/hidroterm.dmcsrbija.com\/ru\/wp-json\/wp\/v2\/product"}],"about":[{"href":"https:\/\/hidroterm.dmcsrbija.com\/ru\/wp-json\/wp\/v2\/types\/product"}],"wp:featuredmedia":[{"embeddable":true,"href":"https:\/\/hidroterm.dmcsrbija.com\/ru\/wp-json\/wp\/v2\/media\/23367"}],"wp:attachment":[{"href":"https:\/\/hidroterm.dmcsrbija.com\/ru\/wp-json\/wp\/v2\/media?parent=23366"}],"wp:term":[{"taxonomy":"product_brand","embeddable":true,"href":"https:\/\/hidroterm.dmcsrbija.com\/ru\/wp-json\/wp\/v2\/product_brand?post=23366"},{"taxonomy":"product_cat","embeddable":true,"href":"https:\/\/hidroterm.dmcsrbija.com\/ru\/wp-json\/wp\/v2\/product_cat?post=23366"},{"taxonomy":"product_tag","embeddable":true,"href":"https:\/\/hidroterm.dmcsrbija.com\/ru\/wp-json\/wp\/v2\/product_tag?post=23366"}],"curies":[{"name":"wp","href":"https:\/\/api.w.org\/{rel}","templated":true}]}}