{"id":23350,"date":"2026-03-18T08:32:49","date_gmt":"2026-03-18T07:32:49","guid":{"rendered":"https:\/\/hidroterm.dmcsrbija.com\/proizvod\/turbo-jet-emaux-dodatna-oprema-set-za-montazu-za-afs40-afs55-8030109\/"},"modified":"2026-03-18T08:32:53","modified_gmt":"2026-03-18T07:32:53","slug":"turbo-jet-emaux-dodatna-oprema-set-za-montazu-za-afs40-afs55-8030109","status":"publish","type":"product","link":"https:\/\/hidroterm.dmcsrbija.com\/ru\/proizvod\/turbo-jet-emaux-dodatna-oprema-set-za-montazu-za-afs40-afs55-8030109\/","title":{"rendered":"Turbo Jet Emaux Dodatna oprema-Set za monta\u017eu za AFS40 &amp; AFS55-8030109"},"content":{"rendered":"<h3 data-start=\"110\" data-end=\"187\">Turbo Jet Emaux \u2013 set za ugradnju pumpe za bazene AFS40 i AFS55 (8030109)<\/h3>\n<p data-start=\"189\" data-end=\"491\"><strong data-start=\"189\" data-end=\"240\">Turbo Jet Emaux set za ugradnju pumpe (8030109)<\/strong> namenjen je pravilnoj i sigurnoj instalaciji <strong data-start=\"286\" data-end=\"309\">pumpi AFS40 i AFS55<\/strong> koje se koriste u Turbo Jet protivstrujnim sistemima za bazene. Ovaj originalni Emaux deo obezbe\u0111uje stabilno postavljanje pumpe i optimalne uslove za njen pouzdan i dugotrajan rad.<\/p>\n<p data-start=\"493\" data-end=\"687\">Set je projektovan tako da omogu\u0107i preciznu monta\u017eu pumpe u skladu sa fabri\u010dkim specifikacijama, \u010dime se posti\u017ee maksimalna efikasnost protoka vode i o\u010duvanje performansi protivstrujnog sistema.<\/p>\n<h3 data-start=\"694\" data-end=\"738\">Sigurna monta\u017ea i potpuna kompatibilnost<\/h3>\n<p data-start=\"740\" data-end=\"1035\">Kori\u0161\u0107enjem <strong data-start=\"752\" data-end=\"796\">originalnog Emaux seta za ugradnju pumpe<\/strong>, obezbe\u0111uje se potpuna kompatibilnost sa modelima <strong data-start=\"847\" data-end=\"864\">AFS40 i AFS55<\/strong>, kao i bezbedan rad sistema u privatnim i komercijalnim bazenima. Set je idealan izbor prilikom nove instalacije, zamene postoje\u0107eg seta ili servisiranja Turbo Jet pumpi.<\/p>\n<h3 data-start=\"1042\" data-end=\"1068\">Osnovne karakteristike<\/h3>\n<ul data-start=\"1070\" data-end=\"1347\">\n<li data-start=\"1070\" data-end=\"1134\">\n<p data-start=\"1072\" data-end=\"1134\"><strong data-start=\"1072\" data-end=\"1092\">Naziv proizvoda:<\/strong> Turbo Jet Emaux \u2013 set za ugradnju AFS40 i AFS55<\/p>\n<\/li>\n<li data-start=\"1135\" data-end=\"1175\">\n<p data-start=\"1137\" data-end=\"1175\"><strong data-start=\"1137\" data-end=\"1148\">Namena:<\/strong> Ugradnja pumpe za bazene<\/p>\n<\/li>\n<li data-start=\"1176\" data-end=\"1219\">\n<p data-start=\"1178\" data-end=\"1219\"><strong data-start=\"1178\" data-end=\"1197\">Kompatibilnost:<\/strong> Emaux AFS40 i AFS55<\/p>\n<\/li>\n<li data-start=\"1220\" data-end=\"1252\">\n<p data-start=\"1222\" data-end=\"1252\"><strong data-start=\"1222\" data-end=\"1242\">\u0160ifra proizvoda:<\/strong> 8030109<\/p>\n<\/li>\n<li data-start=\"1253\" data-end=\"1299\">\n<p data-start=\"1255\" data-end=\"1299\"><strong data-start=\"1255\" data-end=\"1273\">Tip proizvoda:<\/strong> Originalni monta\u017eni deo<\/p>\n<\/li>\n<li data-start=\"1300\" data-end=\"1347\">\n<p data-start=\"1302\" data-end=\"1347\"><strong data-start=\"1302\" data-end=\"1314\">Primena:<\/strong> Privatni i komercijalni bazeni<\/p>\n<\/li>\n<\/ul>\n<p>Turbo jet je mogu\u0107e montirati sa jednom ili dve pumpe.<\/p>","protected":false},"excerpt":{"rendered":"<p>Turbo Jet Emaux set za ugradnju pumpe (8030109) namenjen je monta\u017ei pumpi AFS40 i AFS55 u protivstrujnim sistemima za bazene. Obezbe\u0111uje sigurnu instalaciju i pouzdan rad pumpe i turno jet sistema.<\/p>","protected":false},"featured_media":23351,"template":"","meta":[],"product_brand":[],"product_cat":[5089,4964],"product_tag":[],"class_list":{"0":"post-23350","1":"product","2":"type-product","3":"status-publish","4":"has-post-thumbnail","6":"product_cat-turbo-jet-emaux","7":"product_cat-turbo-jet-uredjaji-za-plivanje-u-mestu","9":"first","10":"instock","11":"sold-individually","12":"purchasable","13":"product-type-simple"},"_links":{"self":[{"href":"https:\/\/hidroterm.dmcsrbija.com\/ru\/wp-json\/wp\/v2\/product\/23350","targetHints":{"allow":["GET"]}}],"collection":[{"href":"https:\/\/hidroterm.dmcsrbija.com\/ru\/wp-json\/wp\/v2\/product"}],"about":[{"href":"https:\/\/hidroterm.dmcsrbija.com\/ru\/wp-json\/wp\/v2\/types\/product"}],"wp:featuredmedia":[{"embeddable":true,"href":"https:\/\/hidroterm.dmcsrbija.com\/ru\/wp-json\/wp\/v2\/media\/23351"}],"wp:attachment":[{"href":"https:\/\/hidroterm.dmcsrbija.com\/ru\/wp-json\/wp\/v2\/media?parent=23350"}],"wp:term":[{"taxonomy":"product_brand","embeddable":true,"href":"https:\/\/hidroterm.dmcsrbija.com\/ru\/wp-json\/wp\/v2\/product_brand?post=23350"},{"taxonomy":"product_cat","embeddable":true,"href":"https:\/\/hidroterm.dmcsrbija.com\/ru\/wp-json\/wp\/v2\/product_cat?post=23350"},{"taxonomy":"product_tag","embeddable":true,"href":"https:\/\/hidroterm.dmcsrbija.com\/ru\/wp-json\/wp\/v2\/product_tag?post=23350"}],"curies":[{"name":"wp","href":"https:\/\/api.w.org\/{rel}","templated":true}]}}