{"id":23332,"date":"2026-03-18T08:32:49","date_gmt":"2026-03-18T07:32:49","guid":{"rendered":"https:\/\/hidroterm.dmcsrbija.com\/proizvod\/pumpa-emaux-aqua-mini-sa-predfilterom-5m3-h-ii\/"},"modified":"2026-03-18T08:32:50","modified_gmt":"2026-03-18T07:32:50","slug":"pumpa-emaux-aqua-mini-sa-predfilterom-5m3-h-ii","status":"publish","type":"product","link":"https:\/\/hidroterm.dmcsrbija.com\/ru\/proizvod\/pumpa-emaux-aqua-mini-sa-predfilterom-5m3-h-ii\/","title":{"rendered":"Pumpa Emaux Aqua Mini sa predfilterom 5m3\/h II"},"content":{"rendered":"<h1 data-start=\"202\" data-end=\"298\">Pumpa sa predfilterom i prozirnim poklopcem \u2013 Efikasno odr\u017eavanje i dugotrajna pouzdanost<\/h1>\n<p class=\"\" data-start=\"300\" data-end=\"457\"><span class=\"relative -mx-px my-[-0.2rem] rounded px-px py-[0.2rem] transition-colors duration-100 ease-in-out\">Ova pumpa sa predfilterom i prozirnim poklopcem omogu\u0107ava jednostavno odr\u017eavanje i dugoro\u010dnu pouzdanost.<\/span> <span class=\"relative -mx-px my-[-0.2rem] rounded px-px py-[0.2rem] transition-colors duration-100 ease-in-out\">Idealna je za primene u kojima su efikasnost i jednostavnost odr\u017eavanja klju\u010dni.<\/span> <span class=\"relative -mx-px my-[-0.2rem] rounded px-px py-[0.2rem] transition-colors duration-100 ease-in-out\">Opremljena je spojnicama i fleksibilnim adapterima za creva, \u0161to omogu\u0107ava laku integraciju u razli\u010dite sisteme.<\/span>\u200b<\/p>\n<p class=\"\" data-start=\"459\" data-end=\"656\"><span class=\"relative -mx-px my-[-0.2rem] rounded px-px py-[0.2rem] transition-colors duration-100 ease-in-out\">Serija pumpi &#8220;EMAUX AQUA-MINI&#8221; posebno je dizajnirana za bazene iznad zemlje.<\/span> <span class=\"relative -mx-px my-[-0.2rem] rounded px-px py-[0.2rem] transition-colors duration-100 ease-in-out\">Opremljena je predfilterom sa prozirnim poklopcem za lak\u0161e odr\u017eavanje.<\/span> <span class=\"relative -mx-px my-[-0.2rem] rounded px-px py-[0.2rem] transition-colors duration-100 ease-in-out\">Kako bi se smanjili tro\u0161kovi rada, pumpa funkcioni\u0161e sa niskom potro\u0161njom energije i niskim nivoom buke.<\/span> <span class=\"relative -mx-px my-[-0.2rem] rounded px-px py-[0.2rem] transition-colors duration-100 ease-in-out\">Standardna povezanost je 1.5\u201d sa dodatnim adapterom od 1 in\u010da za fleksibilnu povezanost sa usisiva\u010dkom crevom.<\/span><\/p>\n<p class=\"\" data-start=\"459\" data-end=\"656\">\u200b<\/p>\n<h2 data-start=\"658\" data-end=\"689\">\u00a0Klju\u010dne karakteristike:<\/h2>\n<p>&nbsp;<\/p>\n<ul data-start=\"691\" data-end=\"1244\">\n<li class=\"\" data-start=\"691\" data-end=\"765\">\n<p class=\"\" data-start=\"693\" data-end=\"765\"><strong data-start=\"693\" data-end=\"724\">Asinhroni motor sa dva pola<\/strong>: <span class=\"relative -mx-px my-[-0.2rem] rounded px-px py-[0.2rem] transition-colors duration-100 ease-in-out\">Pru\u017ea visok nivo efikasnosti i dugotrajnosti.<\/span><\/p>\n<\/li>\n<li class=\"\" data-start=\"766\" data-end=\"850\">\n<p class=\"\" data-start=\"768\" data-end=\"850\"><strong data-start=\"768\" data-end=\"809\">Dostupna u 50Hz ili 60Hz sa 220V\/110V<\/strong>: <span class=\"relative -mx-px my-[-0.2rem] rounded px-px py-[0.2rem] transition-colors duration-100 ease-in-out\">Fleksibilnost u izboru napona i frekvencije.<\/span><\/p>\n<\/li>\n<li class=\"\" data-start=\"851\" data-end=\"921\">\n<p class=\"\" data-start=\"853\" data-end=\"921\"><strong data-start=\"853\" data-end=\"880\">Klasa izolacije 130 (B)<\/strong>: <span class=\"relative -mx-px my-[-0.2rem] rounded px-px py-[0.2rem] transition-colors duration-100 ease-in-out\">Osigurava visok stepen za\u0161tite motora od pregrevanja.<\/span><\/p>\n<\/li>\n<li class=\"\" data-start=\"922\" data-end=\"994\">\n<p class=\"\" data-start=\"924\" data-end=\"994\"><strong data-start=\"924\" data-end=\"953\">IPx5 vodootporan standard<\/strong>: <span class=\"relative -mx-px my-[-0.2rem] rounded px-px py-[0.2rem] transition-colors duration-100 ease-in-out\">Ova pumpa je otporna na vodu, \u0161to je \u010dini pogodnom za rad u vla\u017enim i zahtevnim uslovima.<\/span><\/p>\n<\/li>\n<li class=\"\" data-start=\"995\" data-end=\"1067\">\n<p class=\"\" data-start=\"997\" data-end=\"1067\"><strong data-start=\"997\" data-end=\"1026\">Ugra\u0111ena termi\u010dka za\u0161tita<\/strong>: <span class=\"relative -mx-px my-[-0.2rem] rounded px-px py-[0.2rem] transition-colors duration-100 ease-in-out\">Spre\u010dava pregrevanje motora, pove\u0107avaju\u0107i sigurnost i dugotrajnost.<\/span><\/p>\n<\/li>\n<li class=\"\" data-start=\"1068\" data-end=\"1131\">\n<p class=\"\" data-start=\"1070\" data-end=\"1131\"><strong data-start=\"1070\" data-end=\"1090\">Spoljni hladnjak<\/strong>: <span class=\"relative -mx-px my-[-0.2rem] rounded px-px py-[0.2rem] transition-colors duration-100 ease-in-out\">Omogu\u0107ava bolje rashla\u0111ivanje i stabilan rad tokom du\u017eeg vremena.<\/span><\/p>\n<\/li>\n<li class=\"\" data-start=\"1132\" data-end=\"1244\">\n<p class=\"\" data-start=\"1134\" data-end=\"1244\"><strong data-start=\"1134\" data-end=\"1157\">Kompatibilan dizajn<\/strong>: <span class=\"relative -mx-px my-[-0.2rem] rounded px-px py-[0.2rem] transition-colors duration-100 ease-in-out\">Poseban dizajn omogu\u0107ava jednostavno postavljanje i integraciju sa razli\u010ditim ure\u0111ajima.<\/span>\u200b<\/p>\n<\/li>\n<\/ul>\n<p class=\"\" data-start=\"1246\" data-end=\"1371\"><span class=\"relative -mx-px my-[-0.2rem] rounded px-px py-[0.2rem] transition-colors duration-100 ease-in-out\">Ovaj model pumpe nudi visoku pouzdanost, efikasnost i dugotrajnu upotrebu.<\/span> <span class=\"relative -mx-px my-[-0.2rem] rounded px-px py-[0.2rem] transition-colors duration-100 ease-in-out\">Idealna je za industrijske, komercijalne i privatne potrebe gde je potreban visok nivo sigurnosti i performansi.<\/span><\/p>\n","protected":false},"excerpt":{"rendered":"<p>Pumpa sa predfilterom, prozirnim poklopcem i asinhronim motorom, vodootporna je (IPx5), sa termi\u010dkom za\u0161titom i spoljnim hladnjakom, idealna za jednostavno odr\u017eavanje i dugoro\u010dnu pouzdanost.<\/p>","protected":false},"featured_media":23333,"template":"","meta":[],"product_brand":[],"product_cat":[4953],"product_tag":[],"class_list":{"0":"post-23332","1":"product","2":"type-product","3":"status-publish","4":"has-post-thumbnail","6":"product_cat-pumpe-za-bazene","8":"first","9":"instock","10":"sold-individually","11":"purchasable","12":"product-type-simple"},"_links":{"self":[{"href":"https:\/\/hidroterm.dmcsrbija.com\/ru\/wp-json\/wp\/v2\/product\/23332","targetHints":{"allow":["GET"]}}],"collection":[{"href":"https:\/\/hidroterm.dmcsrbija.com\/ru\/wp-json\/wp\/v2\/product"}],"about":[{"href":"https:\/\/hidroterm.dmcsrbija.com\/ru\/wp-json\/wp\/v2\/types\/product"}],"wp:featuredmedia":[{"embeddable":true,"href":"https:\/\/hidroterm.dmcsrbija.com\/ru\/wp-json\/wp\/v2\/media\/23333"}],"wp:attachment":[{"href":"https:\/\/hidroterm.dmcsrbija.com\/ru\/wp-json\/wp\/v2\/media?parent=23332"}],"wp:term":[{"taxonomy":"product_brand","embeddable":true,"href":"https:\/\/hidroterm.dmcsrbija.com\/ru\/wp-json\/wp\/v2\/product_brand?post=23332"},{"taxonomy":"product_cat","embeddable":true,"href":"https:\/\/hidroterm.dmcsrbija.com\/ru\/wp-json\/wp\/v2\/product_cat?post=23332"},{"taxonomy":"product_tag","embeddable":true,"href":"https:\/\/hidroterm.dmcsrbija.com\/ru\/wp-json\/wp\/v2\/product_tag?post=23332"}],"curies":[{"name":"wp","href":"https:\/\/api.w.org\/{rel}","templated":true}]}}