{"id":23326,"date":"2026-03-18T08:32:38","date_gmt":"2026-03-18T07:32:38","guid":{"rendered":"https:\/\/hidroterm.dmcsrbija.com\/proizvod\/sauna-sa-klupama-od-lipe-13-x-13-m-1-7m2\/"},"modified":"2026-03-18T08:32:48","modified_gmt":"2026-03-18T07:32:48","slug":"sauna-sa-klupama-od-lipe-13-x-13-m-1-7m2","status":"publish","type":"product","link":"https:\/\/hidroterm.dmcsrbija.com\/ru\/proizvod\/sauna-sa-klupama-od-lipe-13-x-13-m-1-7m2\/","title":{"rendered":"Sauna sa klupama od lipe &#8211; 1,3 x 1,3 m &#8211; 1.7m2"},"content":{"rendered":"<p>Saune po meri od lipe se odnose na izradu saune koriste\u0107i drvo lipa. Lipa je vrsta drvenog materijala koja se cesto koristi za izradu saunskih kabina zbog svojih karakteristika.<\/p>\n<p>Lipa je mekano drvo koje je popularno u saunama zbog svoje svetle boje i finih tekstura. Ima prirodnu otpornost na truljenje i insekte, \u0161to ga \u010dini pogodnim za vla\u017ene uslove u sauni. Lipa je tako\u0111e poznat po tome \u0161to se ne zagreva previ\u0161e na visokim temperaturama, sto pruza udobnost pri sedenju ili lezanju na klupama.<\/p>\n<p>Lipa ima dobra termalna svojstva, \u0161to zna\u010di da dobro zadr\u017eava toplotu u sauni. Takodje, aspen drvo ima prirodnu sposobnost da upija vlagu, sto poma\u017ee u odrzavanju odgovarajuce vlaznosti u sauni.<\/p>\n<p>Lipa ima prirodnu svetlu boju, obicno sa blagim zuckastim ili belicastim tonovima. Njegove fine i ravnomerne teksture daju sauni prirodan i elegantan izgled. Aspen drvo se cesto obradjuje kako bi se postigla glatka povrsina i poboljsala estetika.<\/p>\n<p><strong>Dimenzija saune: 1,3 x 1,3 m &#8211; 1.7m2 &#8211; 3.6kW<\/strong><\/p>\n<p>Sauna po meri se izradjuje u oformljenom prostoru sa klupama od lipe. U cenu je uklju\u010den sav potreban materijal za monta\u017eu, oprema i ugradnja.<\/p>\n<p>U sklupu saune se dobijaju: sauna pec, abazur i lampa, termometar i hidrometar, vedro i kutlaca.<\/p>\n<p>* Cene su bez PDV-a.<\/p>","protected":false},"excerpt":{"rendered":"<p>Saune po meri od lipe se odnose na izradu saune koriste\u0107i drvo lipa. Lipa je vrsta drvenog materijala koja se cesto koristi za izradu saunskih kabina zbog svojih karakteristika. Lipa je mekano drvo koje je popularno u saunama zbog svoje svetle boje i finih tekstura. Ima prirodnu otpornost na truljenje i insekte, \u0161to ga \u010dini [&hellip;]<\/p>\n","protected":false},"featured_media":23327,"template":"","meta":[],"product_brand":[],"product_cat":[5019,5080],"product_tag":[],"class_list":{"0":"post-23326","1":"product","2":"type-product","3":"status-publish","4":"has-post-thumbnail","6":"product_cat-saune","7":"product_cat-saune-po-meri","9":"first","10":"instock","11":"sold-individually","12":"purchasable","13":"product-type-simple"},"_links":{"self":[{"href":"https:\/\/hidroterm.dmcsrbija.com\/ru\/wp-json\/wp\/v2\/product\/23326","targetHints":{"allow":["GET"]}}],"collection":[{"href":"https:\/\/hidroterm.dmcsrbija.com\/ru\/wp-json\/wp\/v2\/product"}],"about":[{"href":"https:\/\/hidroterm.dmcsrbija.com\/ru\/wp-json\/wp\/v2\/types\/product"}],"wp:featuredmedia":[{"embeddable":true,"href":"https:\/\/hidroterm.dmcsrbija.com\/ru\/wp-json\/wp\/v2\/media\/23327"}],"wp:attachment":[{"href":"https:\/\/hidroterm.dmcsrbija.com\/ru\/wp-json\/wp\/v2\/media?parent=23326"}],"wp:term":[{"taxonomy":"product_brand","embeddable":true,"href":"https:\/\/hidroterm.dmcsrbija.com\/ru\/wp-json\/wp\/v2\/product_brand?post=23326"},{"taxonomy":"product_cat","embeddable":true,"href":"https:\/\/hidroterm.dmcsrbija.com\/ru\/wp-json\/wp\/v2\/product_cat?post=23326"},{"taxonomy":"product_tag","embeddable":true,"href":"https:\/\/hidroterm.dmcsrbija.com\/ru\/wp-json\/wp\/v2\/product_tag?post=23326"}],"curies":[{"name":"wp","href":"https:\/\/api.w.org\/{rel}","templated":true}]}}