{"id":23324,"date":"2026-03-18T08:32:38","date_gmt":"2026-03-18T07:32:38","guid":{"rendered":"https:\/\/hidroterm.dmcsrbija.com\/proizvod\/sauna-sa-klupama-od-finske-omorike-13-x-13-m-1-7m2\/"},"modified":"2026-03-18T08:32:48","modified_gmt":"2026-03-18T07:32:48","slug":"sauna-sa-klupama-od-finske-omorike-13-x-13-m-1-7m2","status":"publish","type":"product","link":"https:\/\/hidroterm.dmcsrbija.com\/ru\/proizvod\/sauna-sa-klupama-od-finske-omorike-13-x-13-m-1-7m2\/","title":{"rendered":"Sauna sa klupama od finske omorike-1,3 x 1,3 m &#8211; 1.7m2"},"content":{"rendered":"<p>Sauna je prostorija koja se koristi za termalne tretmane, ukljucujuci suvo ili vlazno zagrevanje tela.<\/p>\n<p>Temperatura u saunama se krece izmedju 70\u00b0C i 100\u00b0C. Ova visoka temperatura uzrokuje znojenje i zagrevanje tela.<\/p>\n<p>Sauna od finske omorike je vrsta sauna koja je izra\u0111ena od drvenih panela od finske omorike. Finska omorika (Picea abies) se cesto koristi za izradu saunskih kabina zbog svojih prirodnih karakteristika, izdrzljivosti, stabilnosti i estetskog izgleda.<\/p>\n<p>Finska omorika ima dobra termalna svojstva, \u0161to zna\u010di da je dobar izolator toplote. To je va\u017eno za odr\u017eavanje visoke temperature unutar saune i smanjenje gubitka toplote. Tako\u0111e, drvo finske omorike ima prirodnu sposobnost da upija vlagu, \u0161to poma\u017ee u odr\u017eavanju odgovaraju\u0107e vla\u017enosti u sauni.<\/p>\n<p>Finska omorika ima lep i karakteristi\u010dan izgled sa svojim tamnijim tonovima sme\u0111e boje, sa prelepim linijama i teksturama drveta. Sauna od finske omorike mo\u017ee stvoriti prirodnu i rusti\u010dnu atmosferu, pru\u017eaju\u0107i toplinu i eleganciju prostoru.<\/p>\n<p><strong>Dimenzija saune je:\u00a01,3 x 1,3 m &#8211; 1.7m2 &#8211; 3.6kW\u00a0<\/strong><\/p>\n<p>Sauna po meri se izra\u0111uje u oformljenom prostoru sa klupama od finske omorike. U cenu je uklju\u010den sav potreban materijal za monta\u017eu, oprema i ugradnja.<\/p>\n<p>U sklupu saune se dobijaju: sauna pe\u0107, aba\u017eur i lampa, termometar i hidrometar, vedro i kutla\u010da.<\/p>\n<p>* Cene su bez PDV-a.<\/p>","protected":false},"excerpt":{"rendered":"<p>Sauna je prostorija koja se koristi za termalne tretmane, ukljucujuci suvo ili vlazno zagrevanje tela. Temperatura u saunama se krece izmedju 70\u00b0C i 100\u00b0C. Ova visoka temperatura uzrokuje znojenje i zagrevanje tela. Sauna od finske omorike je vrsta sauna koja je izra\u0111ena od drvenih panela od finske omorike. Finska omorika (Picea abies) se cesto koristi [&hellip;]<\/p>\n","protected":false},"featured_media":23325,"template":"","meta":[],"product_brand":[],"product_cat":[5019,5080],"product_tag":[],"class_list":{"0":"post-23324","1":"product","2":"type-product","3":"status-publish","4":"has-post-thumbnail","6":"product_cat-saune","7":"product_cat-saune-po-meri","9":"first","10":"instock","11":"sold-individually","12":"purchasable","13":"product-type-simple"},"_links":{"self":[{"href":"https:\/\/hidroterm.dmcsrbija.com\/ru\/wp-json\/wp\/v2\/product\/23324","targetHints":{"allow":["GET"]}}],"collection":[{"href":"https:\/\/hidroterm.dmcsrbija.com\/ru\/wp-json\/wp\/v2\/product"}],"about":[{"href":"https:\/\/hidroterm.dmcsrbija.com\/ru\/wp-json\/wp\/v2\/types\/product"}],"wp:featuredmedia":[{"embeddable":true,"href":"https:\/\/hidroterm.dmcsrbija.com\/ru\/wp-json\/wp\/v2\/media\/23325"}],"wp:attachment":[{"href":"https:\/\/hidroterm.dmcsrbija.com\/ru\/wp-json\/wp\/v2\/media?parent=23324"}],"wp:term":[{"taxonomy":"product_brand","embeddable":true,"href":"https:\/\/hidroterm.dmcsrbija.com\/ru\/wp-json\/wp\/v2\/product_brand?post=23324"},{"taxonomy":"product_cat","embeddable":true,"href":"https:\/\/hidroterm.dmcsrbija.com\/ru\/wp-json\/wp\/v2\/product_cat?post=23324"},{"taxonomy":"product_tag","embeddable":true,"href":"https:\/\/hidroterm.dmcsrbija.com\/ru\/wp-json\/wp\/v2\/product_tag?post=23324"}],"curies":[{"name":"wp","href":"https:\/\/api.w.org\/{rel}","templated":true}]}}