{"id":23320,"date":"2026-03-18T08:32:38","date_gmt":"2026-03-18T07:32:38","guid":{"rendered":"https:\/\/hidroterm.dmcsrbija.com\/proizvod\/lepak-i-folija-za-krpljenje-bazena-gre-v12\/"},"modified":"2026-03-18T08:32:46","modified_gmt":"2026-03-18T07:32:46","slug":"lepak-i-folija-za-krpljenje-bazena-gre-v12","status":"publish","type":"product","link":"https:\/\/hidroterm.dmcsrbija.com\/ru\/proizvod\/lepak-i-folija-za-krpljenje-bazena-gre-v12\/","title":{"rendered":"Lepak i folija za krpljenje bazena Gre (V12)"},"content":{"rendered":"<p>Komplet za popravku obloga od PVC-a. Mo\u017ee se nanositi pod vodom.<\/p>\n<p>Uklju\u010duje: lepak, flastere i \u010depove.<\/p>\n<p>Sadr\u017eaj lepila: 5 ml<\/p>\n<p>Dimenzija: 6,5 x 2 cm.<\/p>","protected":false},"excerpt":{"rendered":"<p>Komplet za popravku obloga od PVC-a. Mo\u017ee se nanositi pod vodom. Uklju\u010duje: lepak, flastere i \u010depove. Sadr\u017eaj lepila: 5 ml Dimenzija: 6,5 x 2 cm.<\/p>","protected":false},"featured_media":23321,"template":"","meta":[],"product_brand":[],"product_cat":[5079,4982],"product_tag":[],"class_list":{"0":"post-23320","1":"product","2":"type-product","3":"status-publish","4":"has-post-thumbnail","6":"product_cat-lepak-i-folija-za-krpljenje-bazena","7":"product_cat-oprema-za-odrzavanje-bazena","9":"first","10":"instock","11":"sold-individually","12":"purchasable","13":"product-type-simple"},"_links":{"self":[{"href":"https:\/\/hidroterm.dmcsrbija.com\/ru\/wp-json\/wp\/v2\/product\/23320","targetHints":{"allow":["GET"]}}],"collection":[{"href":"https:\/\/hidroterm.dmcsrbija.com\/ru\/wp-json\/wp\/v2\/product"}],"about":[{"href":"https:\/\/hidroterm.dmcsrbija.com\/ru\/wp-json\/wp\/v2\/types\/product"}],"wp:featuredmedia":[{"embeddable":true,"href":"https:\/\/hidroterm.dmcsrbija.com\/ru\/wp-json\/wp\/v2\/media\/23321"}],"wp:attachment":[{"href":"https:\/\/hidroterm.dmcsrbija.com\/ru\/wp-json\/wp\/v2\/media?parent=23320"}],"wp:term":[{"taxonomy":"product_brand","embeddable":true,"href":"https:\/\/hidroterm.dmcsrbija.com\/ru\/wp-json\/wp\/v2\/product_brand?post=23320"},{"taxonomy":"product_cat","embeddable":true,"href":"https:\/\/hidroterm.dmcsrbija.com\/ru\/wp-json\/wp\/v2\/product_cat?post=23320"},{"taxonomy":"product_tag","embeddable":true,"href":"https:\/\/hidroterm.dmcsrbija.com\/ru\/wp-json\/wp\/v2\/product_tag?post=23320"}],"curies":[{"name":"wp","href":"https:\/\/api.w.org\/{rel}","templated":true}]}}