{"id":23312,"date":"2026-03-18T08:32:38","date_gmt":"2026-03-18T07:32:38","guid":{"rendered":"https:\/\/hidroterm.dmcsrbija.com\/proizvod\/adapter-nastavak-emaux-za-crevo-50x38-32mm-91609006\/"},"modified":"2026-03-18T08:32:41","modified_gmt":"2026-03-18T07:32:41","slug":"adapter-nastavak-emaux-za-crevo-50x38-32mm-91609006","status":"publish","type":"product","link":"https:\/\/hidroterm.dmcsrbija.com\/ru\/proizvod\/adapter-nastavak-emaux-za-crevo-50x38-32mm-91609006\/","title":{"rendered":"Adapter\/Nastavak Emaux za crevo 50&#215;38\/32mm 91609006"},"content":{"rendered":"<p>Adapter Emaux 50&#215;38\/32 mm (91609006) omogu\u0107ava povezivanje creva razli\u010ditih pre\u010dnika (32 mm i 38 mm) na priklju\u010dke od 50 mm. Idealan za prilago\u0111avanje bazenskih sistema pumpi, filtera i druge opreme. Izra\u0111en od izdr\u017eljive plastike otporne na hemikalije i pritisak.<\/p>","protected":false},"excerpt":{"rendered":"<p>Adapter Emaux 50&#215;38\/32 mm (91609006) omogu\u0107ava povezivanje creva razli\u010ditih pre\u010dnika (32 mm i 38 mm) na priklju\u010dke od 50 mm. Idealan za prilago\u0111avanje bazenskih sistema pumpi, filtera i druge opreme. Izra\u0111en od izdr\u017eljive plastike otporne na hemikalije i pritisak.<\/p>","protected":false},"featured_media":23313,"template":"","meta":[],"product_brand":[],"product_cat":[4989,4982],"product_tag":[],"class_list":{"0":"post-23312","1":"product","2":"type-product","3":"status-publish","4":"has-post-thumbnail","6":"product_cat-nastavci","7":"product_cat-oprema-za-odrzavanje-bazena","9":"first","10":"instock","11":"sold-individually","12":"purchasable","13":"product-type-simple"},"_links":{"self":[{"href":"https:\/\/hidroterm.dmcsrbija.com\/ru\/wp-json\/wp\/v2\/product\/23312","targetHints":{"allow":["GET"]}}],"collection":[{"href":"https:\/\/hidroterm.dmcsrbija.com\/ru\/wp-json\/wp\/v2\/product"}],"about":[{"href":"https:\/\/hidroterm.dmcsrbija.com\/ru\/wp-json\/wp\/v2\/types\/product"}],"wp:featuredmedia":[{"embeddable":true,"href":"https:\/\/hidroterm.dmcsrbija.com\/ru\/wp-json\/wp\/v2\/media\/23313"}],"wp:attachment":[{"href":"https:\/\/hidroterm.dmcsrbija.com\/ru\/wp-json\/wp\/v2\/media?parent=23312"}],"wp:term":[{"taxonomy":"product_brand","embeddable":true,"href":"https:\/\/hidroterm.dmcsrbija.com\/ru\/wp-json\/wp\/v2\/product_brand?post=23312"},{"taxonomy":"product_cat","embeddable":true,"href":"https:\/\/hidroterm.dmcsrbija.com\/ru\/wp-json\/wp\/v2\/product_cat?post=23312"},{"taxonomy":"product_tag","embeddable":true,"href":"https:\/\/hidroterm.dmcsrbija.com\/ru\/wp-json\/wp\/v2\/product_tag?post=23312"}],"curies":[{"name":"wp","href":"https:\/\/api.w.org\/{rel}","templated":true}]}}