{"id":23304,"date":"2026-03-18T08:32:38","date_gmt":"2026-03-18T07:32:38","guid":{"rendered":"https:\/\/hidroterm.dmcsrbija.com\/proizvod\/elektroliza-zodiac-exo-iq\/"},"modified":"2026-03-18T08:32:40","modified_gmt":"2026-03-18T07:32:40","slug":"elektroliza-zodiac-exo-iq","status":"publish","type":"product","link":"https:\/\/hidroterm.dmcsrbija.com\/ru\/proizvod\/elektroliza-zodiac-exo-iq\/","title":{"rendered":"Elektroliza Zodiac eXO iQ"},"content":{"rendered":"<h2 data-start=\"215\" data-end=\"280\">Elektroliza Zodiac eXO iQ \u2013 Napredna elektroza za bazene sa slanom vodom<\/h2>\n<p data-start=\"282\" data-end=\"738\"><strong data-start=\"282\" data-end=\"299\">Zodiac eXO iQ<\/strong> je inovativni sistem za <strong data-start=\"324\" data-end=\"344\">elektrolizu soli<\/strong> dizajniran za automatsku dezinfekciju bazenske vode, kombinuju\u0107i efikasno stvaranje hlora sa pametnom kontrolom i intuitivnim upravljanjem. Ova serija ure\u0111aja daje pouzdanu za\u0161titu bazena kroz elektrolizu slane vode, pri \u010demu se proizvodi aktivni hlor direktno u sistemu filtracije, bez potrebe za dodavanjem klasi\u010dnog hlora u obliku tableta ili te\u010dnosti.<\/p>\n<p data-start=\"740\" data-end=\"1092\">Proces elektrolize podrazumeva propu\u0161tanje slane vode kroz <strong data-start=\"799\" data-end=\"824\">electroliti\u010dku \u0107eliju<\/strong>, gde elektri\u010dni naboj pretvara <strong data-start=\"856\" data-end=\"880\">natrijum\u2011hlorid (so)<\/strong> u gasoviti hlor. Taj gas se potom u vodi pretvara u <strong data-start=\"933\" data-end=\"956\">natrijum hipohlorit<\/strong>, koji deluje kao efikasno sredstvo za dezinfekciju, uklanjaju\u0107i mikroorganizme, alge i zaga\u0111enja.<\/p>\n<p data-start=\"1094\" data-end=\"1511\">Zodiac eXO iQ je poznat po <strong data-start=\"1121\" data-end=\"1171\">naprednoj elektronici i korisni\u010dkom interfejsu<\/strong> koji omogu\u0107ava jednostavno pode\u0161avanje, pra\u0107enje i kontrolu parametara vode. Ovaj sistem se mo\u017ee integrisati sa aplikacijom iAquaLink\u00ae za <strong data-start=\"1310\" data-end=\"1386\">daljinsko upravljanje filtracijom, rasvetom i drugim bazenskim ure\u0111ajima<\/strong> direktno preko mobilnog telefona, \u0161to ga \u010dini izuzetno modernim i prakti\u010dnim re\u0161enjem.<\/p>\n<h3 data-start=\"1518\" data-end=\"1551\">Dostupni modeli Zodiac eXO iQ<\/h3>\n<div class=\"TyagGW_tableContainer\">\n<div class=\"group TyagGW_tableWrapper flex flex-col-reverse w-fit\" tabindex=\"-1\">\n<table class=\"w-fit min-w-(--thread-content-width)\" data-start=\"1553\" data-end=\"2142\">\n<thead data-start=\"1553\" data-end=\"1651\">\n<tr data-start=\"1553\" data-end=\"1651\">\n<th data-start=\"1553\" data-end=\"1563\" data-col-size=\"sm\">\u0160ifra<\/th>\n<th data-start=\"1563\" data-end=\"1586\" data-col-size=\"sm\">Model<\/th>\n<th data-start=\"1586\" data-end=\"1599\" data-col-size=\"sm\">Kod<\/th>\n<th data-start=\"1599\" data-end=\"1630\" data-col-size=\"sm\">Preporu\u010dena zapremina bazena<\/th>\n<th data-start=\"1630\" data-end=\"1651\" data-col-size=\"sm\">Proizvodnja hlora<\/th>\n<\/tr>\n<\/thead>\n<tbody data-start=\"1751\" data-end=\"2142\">\n<tr data-start=\"1751\" data-end=\"1848\">\n<td data-start=\"1751\" data-end=\"1761\" data-col-size=\"sm\">0006729<\/td>\n<td data-start=\"1761\" data-end=\"1784\" data-col-size=\"sm\">eXO iQ 10<\/td>\n<td data-start=\"1784\" data-end=\"1797\" data-col-size=\"sm\">WW000162<\/td>\n<td data-start=\"1797\" data-end=\"1828\" data-col-size=\"sm\">do 40 m\u00b3<\/td>\n<td data-start=\"1828\" data-end=\"1848\" data-col-size=\"sm\">10 g\/h<\/td>\n<\/tr>\n<tr data-start=\"1849\" data-end=\"1946\">\n<td data-start=\"1849\" data-end=\"1859\" data-col-size=\"sm\">0007505<\/td>\n<td data-start=\"1859\" data-end=\"1882\" data-col-size=\"sm\">eXO iQ 18<\/td>\n<td data-start=\"1882\" data-end=\"1895\" data-col-size=\"sm\">WW000163<\/td>\n<td data-start=\"1895\" data-end=\"1926\" data-col-size=\"sm\">do 70 m\u00b3<\/td>\n<td data-start=\"1926\" data-end=\"1946\" data-col-size=\"sm\">18 g\/h<\/td>\n<\/tr>\n<tr data-start=\"1947\" data-end=\"2044\">\n<td data-start=\"1947\" data-end=\"1957\" data-col-size=\"sm\">0006750<\/td>\n<td data-start=\"1957\" data-end=\"1980\" data-col-size=\"sm\">eXO iQ 22<\/td>\n<td data-start=\"1980\" data-end=\"1993\" data-col-size=\"sm\">WW000164<\/td>\n<td data-start=\"1993\" data-end=\"2024\" data-col-size=\"sm\">do 100 m\u00b3<\/td>\n<td data-start=\"2024\" data-end=\"2044\" data-col-size=\"sm\">22 g\/h<\/td>\n<\/tr>\n<tr data-start=\"2045\" data-end=\"2142\">\n<td data-start=\"2045\" data-end=\"2055\" data-col-size=\"sm\">0007503<\/td>\n<td data-start=\"2055\" data-end=\"2078\" data-col-size=\"sm\">eXO iQ 35<\/td>\n<td data-start=\"2078\" data-end=\"2091\" data-col-size=\"sm\">WW000165<\/td>\n<td data-start=\"2091\" data-end=\"2122\" data-col-size=\"sm\">do 150 m\u00b3<\/td>\n<td data-start=\"2122\" data-end=\"2142\" data-col-size=\"sm\">35 g\/h<\/td>\n<\/tr>\n<\/tbody>\n<\/table>\n<\/div>\n<\/div>\n<p data-start=\"2144\" data-end=\"2327\">Sve jedinice rade na principu elektrolize slane vode i predstavljaju skalabilno re\u0161enje za razli\u010dite veli\u010dine privatnih i rezidencijalnih bazena.<\/p>\n<h3 data-start=\"2334\" data-end=\"2380\">Glavne prednosti Zodiac eXO iQ elektrolize<\/h3>\n<p data-start=\"2382\" data-end=\"3260\"><strong data-start=\"2384\" data-end=\"2417\">Automatska dezinfekcija vode:<\/strong> kontinuirano proizvodi aktivni hlor direktno u sistemu bazenske vode, \u0161to smanjuje potrebu za manuelnim dodavanjem hemije. <br data-start=\"2578\" data-end=\"2581\" \/><strong data-start=\"2583\" data-end=\"2624\">Integracija sa pametnim upravljanjem:<\/strong> mo\u017ee se povezati s aplikacijom iAquaLink\u00ae za daljinsko pra\u0107enje i kontrolu parametara filtera, rasvete i drugih ure\u0111aja. <br data-start=\"2783\" data-end=\"2786\" \/><strong data-start=\"2788\" data-end=\"2818\">Prijatna voda za plivanje:<\/strong> voda tretirana elektrolizom soli je mek\u0161a, bez intenzivnog mirisa klora i manje iritira o\u010di. <br data-start=\"2949\" data-end=\"2952\" \/><strong data-start=\"2954\" data-end=\"2979\">Podesivi re\u017eimi rada:<\/strong> omogu\u0107avaju optimizaciju rada ure\u0111aja prema potrebama sezone i koli\u010dini korisnika. <br data-start=\"3100\" data-end=\"3103\" \/><strong data-start=\"3105\" data-end=\"3141\">Napredna elektronika i kontrola:<\/strong> jednostavno korisni\u010dko su\u010delje i vi\u0161ejezi\u010dni LCD ekran za jasne prikaze statusa.<\/p>\n<h3 data-start=\"3267\" data-end=\"3300\">Za\u0161to izabrati Zodiac eXO iQ?<\/h3>\n<p data-start=\"3302\" data-end=\"3708\">Zodiac eXO iQ predstavlja <strong data-start=\"3328\" data-end=\"3398\">sveobuhvatno re\u0161enje za dezinfekciju bazena putem elektrolize soli<\/strong>, pogodnu za vlasnike koji \u017eele <strong data-start=\"3430\" data-end=\"3487\">pouzdanu, automatsku i pametnu kontrolu bazenske vode<\/strong>. Bilo da imate mali bazen od 40\u202fm\u00b3 ili ve\u0107i prostor do 150\u202fm\u00b3, serija eXO iQ nudi model prilago\u0111en va\u0161im potrebama, uz modernu tehnologiju i mogu\u0107nost upravljanja putem aplikacije.<\/p>","protected":false},"excerpt":{"rendered":"<p>Zodiac eXO iQ je pametan sistem za elektrolizu soli za bazene od 40 do 150\u202fm\u00b3. Automatski proizvodi aktivni hlor, odr\u017eava vodu \u010distom i higijenski sigurnom, a tretirana voda ne iritira o\u010di niti isu\u0161uje ko\u017eu.<\/p>","protected":false},"featured_media":23305,"template":"","meta":[],"product_brand":[],"product_cat":[5066,4975],"product_tag":[],"class_list":{"0":"post-23304","1":"product","2":"type-product","3":"status-publish","4":"has-post-thumbnail","6":"product_cat-elektroliza-slana-vodu-u-bazenu","7":"product_cat-oprema-za-doziranje","9":"first","10":"instock","11":"sold-individually","12":"product-type-simple"},"_links":{"self":[{"href":"https:\/\/hidroterm.dmcsrbija.com\/ru\/wp-json\/wp\/v2\/product\/23304","targetHints":{"allow":["GET"]}}],"collection":[{"href":"https:\/\/hidroterm.dmcsrbija.com\/ru\/wp-json\/wp\/v2\/product"}],"about":[{"href":"https:\/\/hidroterm.dmcsrbija.com\/ru\/wp-json\/wp\/v2\/types\/product"}],"wp:featuredmedia":[{"embeddable":true,"href":"https:\/\/hidroterm.dmcsrbija.com\/ru\/wp-json\/wp\/v2\/media\/23305"}],"wp:attachment":[{"href":"https:\/\/hidroterm.dmcsrbija.com\/ru\/wp-json\/wp\/v2\/media?parent=23304"}],"wp:term":[{"taxonomy":"product_brand","embeddable":true,"href":"https:\/\/hidroterm.dmcsrbija.com\/ru\/wp-json\/wp\/v2\/product_brand?post=23304"},{"taxonomy":"product_cat","embeddable":true,"href":"https:\/\/hidroterm.dmcsrbija.com\/ru\/wp-json\/wp\/v2\/product_cat?post=23304"},{"taxonomy":"product_tag","embeddable":true,"href":"https:\/\/hidroterm.dmcsrbija.com\/ru\/wp-json\/wp\/v2\/product_tag?post=23304"}],"curies":[{"name":"wp","href":"https:\/\/api.w.org\/{rel}","templated":true}]}}