{"id":23302,"date":"2026-03-18T08:32:38","date_gmt":"2026-03-18T07:32:38","guid":{"rendered":"https:\/\/hidroterm.dmcsrbija.com\/proizvod\/elektroliza-zodiac-ei2\/"},"modified":"2026-03-18T08:32:40","modified_gmt":"2026-03-18T07:32:40","slug":"elektroliza-zodiac-ei2","status":"publish","type":"product","link":"https:\/\/hidroterm.dmcsrbija.com\/ru\/proizvod\/elektroliza-zodiac-ei2\/","title":{"rendered":"Elektroliza Zodiac Ei2"},"content":{"rendered":"<h2 data-start=\"156\" data-end=\"210\">Elektroliza Zodiac Ei2 \u2013 Solni hlorinator za bazene<\/h2>\n<p data-start=\"212\" data-end=\"577\"><strong data-start=\"212\" data-end=\"226\">Zodiac Ei2<\/strong> je pouzdan sistem za <strong data-start=\"248\" data-end=\"268\">elektrolizu soli<\/strong> namenjen automatskoj dezinfekciji vode u bazenima. Ovaj model je idealan izbor za privatne bazene <strong data-start=\"367\" data-end=\"379\">do 50\u202fm\u00b3<\/strong>, a njegova tehnologija omogu\u0107ava stabilnu proizvodnju aktivnog hlora bez potrebe za klasi\u010dnim hlorom, \u0161to zna\u010dajno olak\u0161ava odr\u017eavanje kvaliteta bazenske vode.<\/p>\n<p data-start=\"579\" data-end=\"1007\">Elektroliza funkcioni\u0161e tako \u0161to se <strong data-start=\"615\" data-end=\"696\">slana voda propu\u0161ta kroz elektroliti\u010dku \u0107eliju pod slabim elektri\u010dnim naponom<\/strong>, pri \u010demu se <strong data-start=\"710\" data-end=\"734\">natrijum\u2011hlorid (so)<\/strong> u vodi pretvara u <strong data-start=\"753\" data-end=\"770\">gasoviti hlor<\/strong>, koji se dalje u vodi pretvara u <strong data-start=\"804\" data-end=\"840\">natrijum hipohlorit (te\u010dni hlor)<\/strong>. Ovaj proces omogu\u0107ava efikasnu dezinfekciju vode, elimini\u0161u\u0107i mikroorganizme i odr\u017eavaju\u0107i \u010distu i sigurnu povr\u0161inu za kupanje.<\/p>\n<h3 data-start=\"1014\" data-end=\"1050\">Glavne karakteristike Zodiac Ei2<\/h3>\n<ul data-start=\"1052\" data-end=\"2132\">\n<li data-start=\"1052\" data-end=\"1141\">\n<p data-start=\"1054\" data-end=\"1141\"><strong data-start=\"1054\" data-end=\"1087\">Preporu\u010dena zapremina bazena:<\/strong> do <strong data-start=\"1091\" data-end=\"1100\">50\u202fm\u00b3<\/strong>.<\/p>\n<\/li>\n<li data-start=\"1142\" data-end=\"1272\">\n<p data-start=\"1144\" data-end=\"1272\"><strong data-start=\"1144\" data-end=\"1178\">Preporu\u010dena snaga cirkulacije:<\/strong> 5\u202f\u2013\u202f18\u202fm\u00b3\/h (uz obilaznu granu za maksimalni protok).<\/p>\n<\/li>\n<li data-start=\"1273\" data-end=\"1408\">\n<p data-start=\"1275\" data-end=\"1408\"><strong data-start=\"1275\" data-end=\"1313\">Ugra\u0111eni prekida\u010d senzora protoka:<\/strong> automatski zaustavlja rad pri nedovoljnoj cirkulaciji.<\/p>\n<\/li>\n<li data-start=\"1409\" data-end=\"1514\">\n<p data-start=\"1411\" data-end=\"1514\"><strong data-start=\"1411\" data-end=\"1437\">Alarm za malu slanost:<\/strong> upozorava na nizak nivo soli u vodi.<\/p>\n<\/li>\n<li data-start=\"1515\" data-end=\"1605\">\n<p data-start=\"1517\" data-end=\"1605\"><strong data-start=\"1517\" data-end=\"1550\">Maksimalni pritisak u \u0107eliji:<\/strong> <strong data-start=\"1551\" data-end=\"1564\">2,75 bara<\/strong>.<\/p>\n<\/li>\n<li data-start=\"1606\" data-end=\"1697\">\n<p data-start=\"1608\" data-end=\"1697\"><strong data-start=\"1608\" data-end=\"1635\">Radna temperatura vode:<\/strong> od <strong data-start=\"1639\" data-end=\"1656\">5\u202f\u00b0C do 40\u202f\u00b0C<\/strong>.<\/p>\n<\/li>\n<li data-start=\"1698\" data-end=\"1824\">\n<p data-start=\"1700\" data-end=\"1824\"><strong data-start=\"1700\" data-end=\"1724\">Samo\u010di\u0161c\u0301u\u0107a \u0107elija:<\/strong> izra\u0111ena od <strong data-start=\"1737\" data-end=\"1758\">legure titanijuma<\/strong> sa povratnim polaritetom.<\/p>\n<\/li>\n<li data-start=\"1825\" data-end=\"1919\">\n<p data-start=\"1827\" data-end=\"1919\"><strong data-start=\"1827\" data-end=\"1852\">O\u010dekivani vek \u0107elije:<\/strong> oko <strong data-start=\"1857\" data-end=\"1878\">7\u202f500 radnih sati<\/strong>.<\/p>\n<\/li>\n<li data-start=\"1920\" data-end=\"2024\">\n<p data-start=\"1922\" data-end=\"2024\"><strong data-start=\"1922\" data-end=\"1953\">Proizvodnja aktivnog hlora:<\/strong> <strong data-start=\"1954\" data-end=\"1964\">12\u202fg\/h<\/strong> za osnovni model.<\/p>\n<\/li>\n<li data-start=\"2025\" data-end=\"2132\">\n<p data-start=\"2027\" data-end=\"2132\"><strong data-start=\"2027\" data-end=\"2044\">Du\u017eina kabla:<\/strong> <strong data-start=\"2045\" data-end=\"2054\">1,8\u202fm<\/strong> izme\u0111u \u0107elije i kontrolne jedinice.<\/p>\n<\/li>\n<\/ul>\n<h3 data-start=\"2139\" data-end=\"2174\">Prednosti kori\u0161\u0107enja Zodiac Ei2<\/h3>\n<p data-start=\"2176\" data-end=\"2489\"><strong data-start=\"2176\" data-end=\"2190\">Zodiac Ei2<\/strong> kombinuje efikasnu dezinfekciju sa jednostavnim odr\u017eavanjem. Samo\u010di\u0161c\u0301uc\u0301a \u0107elija sa titanijumskim elektrodama produ\u017eava radni vek sistema i smanjuje potrebu za \u010di\u0161c\u0301enjem kamenca, dok ugra\u0111eni senzori za protok i slanost doprinose pouzdanom i sigurnom radu.<\/p>\n<p data-start=\"2491\" data-end=\"2748\">Jedna od klju\u010dnih prednosti elektrolize je <strong data-start=\"2534\" data-end=\"2564\">prijatnija voda za kupanje<\/strong> \u2013 tretirana slanom elektrolizom, voda <strong data-start=\"2603\" data-end=\"2639\">ne iritira o\u010di niti isu\u0161uje ko\u017eu<\/strong>, \u0161to je \u010dini idealnom za svakodnevno kori\u0161\u0107enje i porodice sa decom.<\/p>\n<h3 data-start=\"2755\" data-end=\"2785\">Za\u0161to izabrati Zodiac Ei2?<\/h3>\n<ul data-start=\"2787\" data-end=\"3292\">\n<li data-start=\"2787\" data-end=\"2891\">\n<p data-start=\"2789\" data-end=\"2891\"><strong data-start=\"2789\" data-end=\"2816\">Automatska dezinfekcija<\/strong> bez potrebe za klasi\u010dnim hlorom.<\/p>\n<\/li>\n<li data-start=\"2892\" data-end=\"3028\">\n<p data-start=\"2894\" data-end=\"3028\"><strong data-start=\"2894\" data-end=\"2929\">Jednostavna ugradnja i upotreba<\/strong> zahvaljuju\u0107i intuitivnom sistemu i indikatorima statusa.<\/p>\n<\/li>\n<li data-start=\"3029\" data-end=\"3132\">\n<p data-start=\"3031\" data-end=\"3132\"><strong data-start=\"3031\" data-end=\"3057\">Siguran i stabilan rad<\/strong> uz detekciju protoka i slanosti.<\/p>\n<\/li>\n<li data-start=\"3133\" data-end=\"3292\">\n<p data-start=\"3135\" data-end=\"3292\"><strong data-start=\"3135\" data-end=\"3159\">Povoljna investicija<\/strong> za vlasnike privatnih bazena koji \u017eele pouzdano odr\u017eavanje vode uz manje hemijskih dodataka.<\/p>\n<\/li>\n<\/ul>\n<p data-start=\"3299\" data-end=\"3542\"><strong data-start=\"3299\" data-end=\"3313\">Zodiac Ei2<\/strong> je odli\u010dan izbor za sve koji \u017eele pouzdan i efikasan sistem elektrolize soli za bazen sa automatskom dezinfekcijom i minimalnim odr\u017eavanjem, uz prijatnu vodu koja ne iritira o\u010di niti ko\u017eu.<\/p>\n<p data-start=\"3299\" data-end=\"3542\">\n<p data-start=\"3299\" data-end=\"3542\">Dostupni modeli :<\/p>\n<table class=\"w-fit min-w-(--thread-content-width)\" data-start=\"124\" data-end=\"531\">\n<thead data-start=\"124\" data-end=\"208\">\n<tr data-start=\"124\" data-end=\"208\">\n<th data-start=\"124\" data-end=\"134\" data-col-size=\"sm\">\u0160ifra<\/th>\n<th data-start=\"134\" data-end=\"155\" data-col-size=\"sm\">Naziv modela<\/th>\n<th data-start=\"155\" data-end=\"168\" data-col-size=\"sm\">Kod<\/th>\n<th data-start=\"168\" data-end=\"187\" data-col-size=\"sm\">Kapacitet bazena<\/th>\n<th data-start=\"187\" data-end=\"208\" data-col-size=\"sm\">Proizvodnja hlora<\/th>\n<\/tr>\n<\/thead>\n<tbody data-start=\"289\" data-end=\"531\">\n<tr data-start=\"289\" data-end=\"369\">\n<td data-start=\"289\" data-end=\"299\" data-col-size=\"sm\">0006726<\/td>\n<td data-start=\"299\" data-end=\"320\" data-col-size=\"sm\">Elektroliza Ei2 12<\/td>\n<td data-start=\"320\" data-end=\"332\" data-col-size=\"sm\">WW000064<\/td>\n<td data-start=\"332\" data-end=\"350\" data-col-size=\"sm\">do 50 m\u00b3<\/td>\n<td data-start=\"350\" data-end=\"369\" data-col-size=\"sm\">12 g\/h<\/td>\n<\/tr>\n<tr data-start=\"370\" data-end=\"450\">\n<td data-start=\"370\" data-end=\"380\" data-col-size=\"sm\">0006727<\/td>\n<td data-start=\"380\" data-end=\"401\" data-col-size=\"sm\">Elektroliza Ei2 20<\/td>\n<td data-start=\"401\" data-end=\"413\" data-col-size=\"sm\">WW000065<\/td>\n<td data-start=\"413\" data-end=\"431\" data-col-size=\"sm\">do 90 m\u00b3<\/td>\n<td data-start=\"431\" data-end=\"450\" data-col-size=\"sm\">20 g\/h<\/td>\n<\/tr>\n<tr data-start=\"451\" data-end=\"531\">\n<td data-start=\"451\" data-end=\"461\" data-col-size=\"sm\">0006728<\/td>\n<td data-start=\"461\" data-end=\"482\" data-col-size=\"sm\">Elektroliza Ei2 25<\/td>\n<td data-start=\"482\" data-end=\"494\" data-col-size=\"sm\">WW000066<\/td>\n<td data-start=\"494\" data-end=\"512\" data-col-size=\"sm\">do 110 m\u00b3<\/td>\n<td data-start=\"512\" data-end=\"531\" data-col-size=\"sm\">25 g\/h<\/td>\n<\/tr>\n<\/tbody>\n<\/table>","protected":false},"excerpt":{"rendered":"<p>Zodiac Ei2 je pouzdan sistem za elektrolizu soli za bazene do 50\u202f\u2013\u202f110\u202fm\u00b3. Automatski proizvodi aktivni hlor, odr\u017eava vodu \u010distom i higijenski sigurnom, a slana voda ne iritira o\u010di niti isu\u0161uje ko\u017eu.<\/p>","protected":false},"featured_media":23303,"template":"","meta":[],"product_brand":[],"product_cat":[5066,4975],"product_tag":[],"class_list":{"0":"post-23302","1":"product","2":"type-product","3":"status-publish","4":"has-post-thumbnail","6":"product_cat-elektroliza-slana-vodu-u-bazenu","7":"product_cat-oprema-za-doziranje","9":"first","10":"instock","11":"sold-individually","12":"product-type-simple"},"_links":{"self":[{"href":"https:\/\/hidroterm.dmcsrbija.com\/ru\/wp-json\/wp\/v2\/product\/23302","targetHints":{"allow":["GET"]}}],"collection":[{"href":"https:\/\/hidroterm.dmcsrbija.com\/ru\/wp-json\/wp\/v2\/product"}],"about":[{"href":"https:\/\/hidroterm.dmcsrbija.com\/ru\/wp-json\/wp\/v2\/types\/product"}],"wp:featuredmedia":[{"embeddable":true,"href":"https:\/\/hidroterm.dmcsrbija.com\/ru\/wp-json\/wp\/v2\/media\/23303"}],"wp:attachment":[{"href":"https:\/\/hidroterm.dmcsrbija.com\/ru\/wp-json\/wp\/v2\/media?parent=23302"}],"wp:term":[{"taxonomy":"product_brand","embeddable":true,"href":"https:\/\/hidroterm.dmcsrbija.com\/ru\/wp-json\/wp\/v2\/product_brand?post=23302"},{"taxonomy":"product_cat","embeddable":true,"href":"https:\/\/hidroterm.dmcsrbija.com\/ru\/wp-json\/wp\/v2\/product_cat?post=23302"},{"taxonomy":"product_tag","embeddable":true,"href":"https:\/\/hidroterm.dmcsrbija.com\/ru\/wp-json\/wp\/v2\/product_tag?post=23302"}],"curies":[{"name":"wp","href":"https:\/\/api.w.org\/{rel}","templated":true}]}}