{"id":23280,"date":"2026-03-18T08:32:30","date_gmt":"2026-03-18T07:32:30","guid":{"rendered":"https:\/\/hidroterm.dmcsrbija.com\/proizvod\/potapajuca-pumpa-dab-feka-60016m3-h\/"},"modified":"2026-03-18T08:32:36","modified_gmt":"2026-03-18T07:32:36","slug":"potapajuca-pumpa-dab-feka-60016m3-h","status":"publish","type":"product","link":"https:\/\/hidroterm.dmcsrbija.com\/ru\/proizvod\/potapajuca-pumpa-dab-feka-60016m3-h\/","title":{"rendered":"Potapaju\u0107a pumpa DAB Feka 600(16m3\/h)"},"content":{"rendered":"<p>&nbsp;<\/p>\n<h3 data-start=\"40\" data-end=\"167\"><strong data-start=\"40\" data-end=\"123\">Potapaju\u0107a pumpa DAB Feka 600 \u2013 pouzdano re\u0161enje za odvodnjavanje otpadnih voda<\/strong><\/h3>\n<h3 data-start=\"40\" data-end=\"167\">\u200b<\/h3>\n<hr class=\"\" data-start=\"169\" data-end=\"172\" \/>\n<h4 data-start=\"174\" data-end=\"204\">\u00a0Tehni\u010dke karakteristike<\/h4>\n<ul data-start=\"206\" data-end=\"689\">\n<li class=\"\" data-start=\"206\" data-end=\"243\">\n<p class=\"\" data-start=\"208\" data-end=\"243\"><strong data-start=\"208\" data-end=\"229\">Maksimalni protok<\/strong>: do 16 m\u00b3\/h<\/p>\n<\/li>\n<li class=\"\" data-start=\"244\" data-end=\"279\">\n<p class=\"\" data-start=\"246\" data-end=\"279\"><strong data-start=\"246\" data-end=\"266\">Maksimalni napor<\/strong>: do 7,45 m<\/p>\n<\/li>\n<li class=\"\" data-start=\"280\" data-end=\"322\">\n<p class=\"\" data-start=\"282\" data-end=\"322\"><strong data-start=\"282\" data-end=\"313\">Maksimalna veli\u010dina \u010destica<\/strong>: 25 mm<\/p>\n<\/li>\n<li class=\"\" data-start=\"323\" data-end=\"363\">\n<p class=\"\" data-start=\"325\" data-end=\"363\"><strong data-start=\"325\" data-end=\"356\">Maksimalna dubina potapanja<\/strong>: 7 m<\/p>\n<\/li>\n<li class=\"\" data-start=\"364\" data-end=\"411\">\n<p class=\"\" data-start=\"366\" data-end=\"411\"><strong data-start=\"366\" data-end=\"390\">Temperatura te\u010dnosti<\/strong>: od 0 \u00b0C do +35 \u00b0C<\/p>\n<\/li>\n<li class=\"\" data-start=\"412\" data-end=\"457\">\n<p class=\"\" data-start=\"414\" data-end=\"457\"><strong data-start=\"414\" data-end=\"436\">Izlazni priklju\u010dak<\/strong>: horizontalni, 1\u00bc&#8221;<\/p>\n<\/li>\n<li class=\"\" data-start=\"458\" data-end=\"479\">\n<p class=\"\" data-start=\"460\" data-end=\"479\"><strong data-start=\"460\" data-end=\"471\">Za\u0161tita<\/strong>: IP68<\/p>\n<\/li>\n<li class=\"\" data-start=\"480\" data-end=\"506\">\n<p class=\"\" data-start=\"482\" data-end=\"506\"><strong data-start=\"482\" data-end=\"501\">Klasa izolacije<\/strong>: F<\/p>\n<\/li>\n<li class=\"\" data-start=\"507\" data-end=\"527\">\n<p class=\"\" data-start=\"509\" data-end=\"527\"><strong data-start=\"509\" data-end=\"519\">Te\u017eina<\/strong>: 7 kg<\/p>\n<\/li>\n<li class=\"\" data-start=\"528\" data-end=\"581\">\n<p class=\"\" data-start=\"530\" data-end=\"581\"><strong data-start=\"530\" data-end=\"543\">Napajanje<\/strong>: monofazno 230 V ili trofazno 400 V<\/p>\n<\/li>\n<li class=\"\" data-start=\"582\" data-end=\"689\">\n<p class=\"\" data-start=\"584\" data-end=\"689\"><strong data-start=\"584\" data-end=\"602\">Automatski rad<\/strong>: modeli sa integrisanim plovnim prekida\u010dem\u200b<\/p>\n<\/li>\n<\/ul>\n<hr class=\"\" data-start=\"691\" data-end=\"694\" \/>\n<h4 data-start=\"696\" data-end=\"721\">\u00a0Prednosti i primena<\/h4>\n<p class=\"\" data-start=\"723\" data-end=\"794\">DAB Feka 600 je idealna za:\u200b<\/p>\n<ul data-start=\"796\" data-end=\"1008\">\n<li class=\"\" data-start=\"796\" data-end=\"836\">\n<p class=\"\" data-start=\"798\" data-end=\"836\">Odvodnjavanje septi\u010dkih jama i \u0161ahtova<\/p>\n<\/li>\n<li class=\"\" data-start=\"837\" data-end=\"890\">\n<p class=\"\" data-start=\"839\" data-end=\"890\">Ispumpavanje otpadnih i ki\u0161nih voda u doma\u0107instvima<\/p>\n<\/li>\n<li class=\"\" data-start=\"891\" data-end=\"1008\">\n<p class=\"\" data-start=\"893\" data-end=\"1008\">Situacije koje zahtevaju pouzdano uklanjanje vode sa \u010desticama do 25 mm\u200b<\/p>\n<\/li>\n<\/ul>\n<p class=\"\" data-start=\"1010\" data-end=\"1157\">Zahvaljuju\u0107i kompaktnom dizajnu i pouzdanoj konstrukciji, pogodna je za stacionarnu i mobilnu upotrebu.\u200b<\/p>\n<hr class=\"\" data-start=\"1159\" data-end=\"1162\" \/>\n<h4 data-start=\"1164\" data-end=\"1209\">\u00a0Kvalitetna izrada za dug vek trajanja<\/h4>\n<p class=\"\" data-start=\"1211\" data-end=\"1550\">Pumpa je izra\u0111ena od tehno-polimera otpornog na koroziju, sa ner\u0111aju\u0107im \u010delikom na osovini i vijcima. Trostruko zaptivanje sa uljnom komorom obezbe\u0111uje dugotrajan i pouzdan rad. Ugra\u0111ena termi\u010dka za\u0161tita \u0161titi motor od pregrevanja, a vodeno hla\u0111enje omogu\u0107ava rad \u010dak i pri delimi\u010dnom potapanju.\u200b<\/p>\n<p>&nbsp;<\/p>","protected":false},"excerpt":{"rendered":"<p>&nbsp; Potapaju\u0107a pumpa DAB Feka 600 \u2013 pouzdano re\u0161enje za odvodnjavanje otpadnih voda \u200b \u00a0Tehni\u010dke karakteristike Maksimalni protok: do 16 m\u00b3\/h Maksimalni napor: do 7,45 m Maksimalna veli\u010dina \u010destica: 25 mm Maksimalna dubina potapanja: 7 m Temperatura te\u010dnosti: od 0 \u00b0C do +35 \u00b0C Izlazni priklju\u010dak: horizontalni, 1\u00bc&#8221; Za\u0161tita: IP68 Klasa izolacije: F Te\u017eina: 7 [&hellip;]<\/p>\n","protected":false},"featured_media":23281,"template":"","meta":[],"product_brand":[],"product_cat":[4954],"product_tag":[],"class_list":{"0":"post-23280","1":"product","2":"type-product","3":"status-publish","4":"has-post-thumbnail","6":"product_cat-potapajuce-pumpe","8":"first","9":"instock","10":"sold-individually","11":"purchasable","12":"product-type-simple"},"_links":{"self":[{"href":"https:\/\/hidroterm.dmcsrbija.com\/ru\/wp-json\/wp\/v2\/product\/23280","targetHints":{"allow":["GET"]}}],"collection":[{"href":"https:\/\/hidroterm.dmcsrbija.com\/ru\/wp-json\/wp\/v2\/product"}],"about":[{"href":"https:\/\/hidroterm.dmcsrbija.com\/ru\/wp-json\/wp\/v2\/types\/product"}],"wp:featuredmedia":[{"embeddable":true,"href":"https:\/\/hidroterm.dmcsrbija.com\/ru\/wp-json\/wp\/v2\/media\/23281"}],"wp:attachment":[{"href":"https:\/\/hidroterm.dmcsrbija.com\/ru\/wp-json\/wp\/v2\/media?parent=23280"}],"wp:term":[{"taxonomy":"product_brand","embeddable":true,"href":"https:\/\/hidroterm.dmcsrbija.com\/ru\/wp-json\/wp\/v2\/product_brand?post=23280"},{"taxonomy":"product_cat","embeddable":true,"href":"https:\/\/hidroterm.dmcsrbija.com\/ru\/wp-json\/wp\/v2\/product_cat?post=23280"},{"taxonomy":"product_tag","embeddable":true,"href":"https:\/\/hidroterm.dmcsrbija.com\/ru\/wp-json\/wp\/v2\/product_tag?post=23280"}],"curies":[{"name":"wp","href":"https:\/\/api.w.org\/{rel}","templated":true}]}}