{"id":23279,"date":"2026-03-18T08:32:30","date_gmt":"2026-03-18T07:32:30","guid":{"rendered":"https:\/\/hidroterm.dmcsrbija.com\/proizvod\/robot-zodiac-alpha-iq-ra6300\/"},"modified":"2026-03-18T08:32:36","modified_gmt":"2026-03-18T07:32:36","slug":"robot-zodiac-alpha-iq-ra6300","status":"publish","type":"product","link":"https:\/\/hidroterm.dmcsrbija.com\/ru\/proizvod\/robot-zodiac-alpha-iq-ra6300\/","title":{"rendered":"Robot Zodiac Alpha IQ RA6300"},"content":{"rendered":"<p data-start=\"0\" data-end=\"45\"><strong data-start=\"0\" data-end=\"45\">Zodiac ALPHA iQ\u2122RA6300 Robot za \u010di\u0161\u0107enje bazena<\/strong><\/p>\n<p data-start=\"47\" data-end=\"467\">Zodiac ALPHA iQ\u2122RA6300 robot za \u010di\u0161\u0107enje bazena je savr\u0161eno re\u0161enje za bazene do veli\u010dine 12 x 6 m, sa kablom du\u017eine 18 m, i nudi izuzetne performanse i jednostavnost u kori\u0161\u0107enju. Ovaj robot koristi patentirani ciklonski sistem usisavanja, koji garantuje sna\u017enu i stabilnu usisnu mo\u0107 bez ikakvih za\u010depljenja filtera. Filtracija je izuzetno fina (60 mikrona), \u0161to omogu\u0107ava temeljno \u010di\u0161\u0107enje i uklanjanje svih vrsta ne\u010disto\u0107a.<\/p>\n<p data-start=\"469\" data-end=\"810\"><strong data-start=\"469\" data-end=\"506\">Napredna navigacija i upravljanje<\/strong><br data-start=\"506\" data-end=\"509\" \/>ALPHA iQ\u2122RA6300 je opremljen <em data-start=\"532\" data-end=\"552\">Sensor Nav System\u2122<\/em>, inteligentnim sistemom za navigaciju koji prepoznaje dimenzije va\u0161eg bazena, optimizuje putanju i meri temperaturu vode. Sa ugra\u0111enim senzorom pritiska, robot stabilizuje uspon na zidu i uz vodenu liniju, omogu\u0107uju\u0107i potpuno \u010di\u0161\u0107enje svih povr\u0161ina bazena.<\/p>\n<p data-start=\"812\" data-end=\"1162\"><strong data-start=\"812\" data-end=\"871\">Funkcije \u010di\u0161\u0107enja i aplikacija za daljinsko upravljanje<\/strong><br data-start=\"871\" data-end=\"874\" \/>Robot nudi razli\u010dite cikluse \u010di\u0161\u0107enja, uklju\u010duju\u0107i brzo \u010di\u0161\u0107enje dna, pametno \u010di\u0161\u0107enje koje prilago\u0111ava putanju podu, zidovima i vodenoj liniji, kao i ultra ciklus za intenzivno \u010di\u0161\u0107enje. Tako\u0111e, mo\u017eete odabrati samo \u010di\u0161\u0107enje vodene linije ili \u010dak pode\u0161avanje za \u010di\u0161\u0107enje na licu mesta.<\/p>\n<p data-start=\"1164\" data-end=\"1491\">Zahvaljuju\u0107i <em data-start=\"1177\" data-end=\"1197\">iAquaLink\u2122 Control<\/em> aplikaciji, robot se mo\u017ee povezati sa va\u0161im mobilnim ure\u0111ajem , omogu\u0107avaju\u0107i vam pra\u0107enje i kontrolu napretka \u010di\u0161\u0107enja u svakom trenutku. Dodatno, sistem za podizanje robota iz vode smanjuje te\u017einu robota za 20% nakon \u010di\u0161\u0107enja, \u010dine\u0107i ga lak\u0161im za transport.<\/p>\n<p data-start=\"1493\" data-end=\"1773\" data-is-last-node=\"\" data-is-only-node=\"\"><strong data-start=\"1493\" data-end=\"1536\">Jednostavnost odr\u017eavanja i dugotrajnost<\/strong><br data-start=\"1536\" data-end=\"1539\" \/>Prozirni prozor pristupa filteru omogu\u0107ava jednostavan pregled nivoa otpada, a indikator punog filtera obave\u0161tava vas kada je vreme za \u010di\u0161\u0107enje. ALPHA iQ\u2122 robot za bazene pru\u017ea izuzetnu udobnost, dugotrajnost i visok nivo efikasnosti.<\/p>\n<p>Robot za bazene za automatsko ciscenje bazena. Omogucava brzo i jednostavno usisavanje bazena, ostavaljajuci bazen cistim.<\/p>\n<p>&nbsp;<\/p>","protected":false},"excerpt":{"rendered":"<p>Zodiac robot za bazene sa Sensor Nav sistemom\u2122 nudi sna\u017eno ciklonsko usisavanje, inteligentnu navigaciju, vi\u0161e ciklusa \u010di\u0161\u0107enja i mogu\u0107nost daljinskog upravljanja putem mobilne aplikacije, idealan za bazene do 12&#215;6 m.<\/p>","protected":false},"featured_media":23277,"template":"","meta":[],"product_brand":[],"product_cat":[4992],"product_tag":[],"class_list":{"0":"post-23279","1":"product","2":"type-product","3":"status-publish","4":"has-post-thumbnail","6":"product_cat-roboti-za-bazene","8":"first","9":"instock","10":"sold-individually","11":"purchasable","12":"product-type-simple"},"_links":{"self":[{"href":"https:\/\/hidroterm.dmcsrbija.com\/ru\/wp-json\/wp\/v2\/product\/23279","targetHints":{"allow":["GET"]}}],"collection":[{"href":"https:\/\/hidroterm.dmcsrbija.com\/ru\/wp-json\/wp\/v2\/product"}],"about":[{"href":"https:\/\/hidroterm.dmcsrbija.com\/ru\/wp-json\/wp\/v2\/types\/product"}],"wp:featuredmedia":[{"embeddable":true,"href":"https:\/\/hidroterm.dmcsrbija.com\/ru\/wp-json\/wp\/v2\/media\/23277"}],"wp:attachment":[{"href":"https:\/\/hidroterm.dmcsrbija.com\/ru\/wp-json\/wp\/v2\/media?parent=23279"}],"wp:term":[{"taxonomy":"product_brand","embeddable":true,"href":"https:\/\/hidroterm.dmcsrbija.com\/ru\/wp-json\/wp\/v2\/product_brand?post=23279"},{"taxonomy":"product_cat","embeddable":true,"href":"https:\/\/hidroterm.dmcsrbija.com\/ru\/wp-json\/wp\/v2\/product_cat?post=23279"},{"taxonomy":"product_tag","embeddable":true,"href":"https:\/\/hidroterm.dmcsrbija.com\/ru\/wp-json\/wp\/v2\/product_tag?post=23279"}],"curies":[{"name":"wp","href":"https:\/\/api.w.org\/{rel}","templated":true}]}}