{"id":23278,"date":"2026-03-18T08:32:30","date_gmt":"2026-03-18T07:32:30","guid":{"rendered":"https:\/\/hidroterm.dmcsrbija.com\/proizvod\/robot-zodiac-alpha-iq-ra6500\/"},"modified":"2026-03-18T08:32:36","modified_gmt":"2026-03-18T07:32:36","slug":"robot-zodiac-alpha-iq-ra6500","status":"publish","type":"product","link":"https:\/\/hidroterm.dmcsrbija.com\/ru\/proizvod\/robot-zodiac-alpha-iq-ra6500\/","title":{"rendered":"Robot Zodiac Alpha IQ RA6500"},"content":{"rendered":"<h3 data-start=\"0\" data-end=\"58\"><strong data-start=\"0\" data-end=\"58\">Robot za automatsko \u010di\u0161\u0107enje bazena Alpha (RA 6500 iQ)<\/strong><\/h3>\n<p data-start=\"60\" data-end=\"262\">Alpha (RA 6500 iQ) je visokokvalitetni robot za automatsko \u010di\u0161\u0107enje bazena, dizajniran da brzo i efikasno o\u010disti va\u0161 bazen, ostavljaju\u0107i ga besprekorno \u010distim. Idealno re\u0161enje za bazene do <strong data-start=\"249\" data-end=\"261\">12 x 6 m<\/strong>.<\/p>\n<p>Robot za bazene za automatsko ciscenje bazena. Omogucava brzo i jednostavno usisavanje bazena, ostavaljajuci bazen cistim.<\/p>\n<p>Najbolje opremljeni model ovog modela Alpha (RA 6500 iQ) mo\u017ee o\u010distiti podove, zidove i bazene a odlikuje se:<\/p>\n<p data-start=\"264\" data-end=\"302\"><strong data-start=\"264\" data-end=\"302\">Za\u0161to izabrati Alpha (RA 6500 iQ)?<\/strong><\/p>\n<ol data-start=\"304\" data-end=\"1256\">\n<li data-start=\"304\" data-end=\"488\">\n<p data-start=\"307\" data-end=\"488\"><strong data-start=\"307\" data-end=\"328\">Efikasno \u010di\u0161\u0107enje<\/strong> \u2013 \u010cisti podove, zidove i vodnu liniju bazena, koriste\u0107i <strong data-start=\"385\" data-end=\"416\">sna\u017eno ciklonsko usisavanje<\/strong> koje spre\u010dava za\u010depljenje filtera i obezbe\u0111uje visoku filtraciju (60\u03bc).<\/p>\n<\/li>\n<li data-start=\"490\" data-end=\"669\">\n<p data-start=\"493\" data-end=\"669\"><strong data-start=\"493\" data-end=\"516\">Napredna navigacija<\/strong> \u2013 <strong data-start=\"519\" data-end=\"541\">Sensor Nav Sistem\u2122<\/strong> omogu\u0107ava pametno skeniranje bazena, optimizaciju putanje \u010di\u0161\u0107enja i merenje temperature vode, \u010dine\u0107i \u010di\u0161\u0107enje jo\u0161 efikasnijim.<\/p>\n<\/li>\n<li data-start=\"671\" data-end=\"796\">\n<p data-start=\"674\" data-end=\"796\"><strong data-start=\"674\" data-end=\"693\">Pogonski sistem<\/strong> \u2013 Sa <strong data-start=\"699\" data-end=\"731\">pogonima na sva \u010detiri to\u010dka<\/strong>, robot savladava sve prepreke i precizno \u010disti svaki deo bazena.<\/p>\n<\/li>\n<li data-start=\"798\" data-end=\"960\">\n<p data-start=\"801\" data-end=\"960\"><strong data-start=\"801\" data-end=\"840\">Povezivanje sa mobilnom aplikacijom<\/strong> \u2013 Omogu\u0107ava vam da lako kontroli\u0161ete robota putem aplikacije <strong data-start=\"902\" data-end=\"924\">iAquaLink\u2122 Control<\/strong><\/p>\n<\/li>\n<li data-start=\"962\" data-end=\"1100\">\n<p data-start=\"965\" data-end=\"1100\"><strong data-start=\"965\" data-end=\"989\">Pove\u0107ana prakti\u010dnost<\/strong> \u2013 <strong data-start=\"992\" data-end=\"1030\">Sistem za podizanje robota iz vode<\/strong> smanjuje te\u017einu za 20%, olak\u0161avaju\u0107i njegov transport i skladi\u0161tenje.<\/p>\n<\/li>\n<li data-start=\"1102\" data-end=\"1256\">\n<p data-start=\"1105\" data-end=\"1256\"><strong data-start=\"1105\" data-end=\"1138\">Programiranje i fleksibilnost<\/strong> \u2013 Vi\u0161e ciklusa \u010di\u0161\u0107enja sa mogu\u0107no\u0161\u0107u ru\u010dnog pode\u0161avanja vremena i ciklusa (brzo, pametno, ultra, samo vodna linija).<\/p>\n<p data-start=\"0\" data-end=\"54\"><strong data-start=\"0\" data-end=\"54\">Klju\u010dne funkcionalnosti robota Alpha (RA 6500 iQ):<\/strong><\/p>\n<ul data-start=\"56\" data-end=\"536\">\n<li data-start=\"56\" data-end=\"145\"><strong data-start=\"58\" data-end=\"94\">Automatsko prilago\u0111avanje nagibu<\/strong> do 45\u00b0 za lak\u0161e savladavanje svih povr\u0161ina bazena.<\/li>\n<li data-start=\"146\" data-end=\"250\"><strong data-start=\"148\" data-end=\"181\">Za\u0161tita od pregrevanja motora<\/strong>, koja produ\u017eava \u017eivotni vek robota i osigurava sigurnost tokom rada.<\/li>\n<li data-start=\"251\" data-end=\"342\"><strong data-start=\"253\" data-end=\"286\">Indikator za \u010di\u0161\u0107enje filtera<\/strong>, koji vas obave\u0161tava kada je vreme za \u010di\u0161\u0107enje filtera.<\/li>\n<li data-start=\"343\" data-end=\"432\"><strong data-start=\"345\" data-end=\"368\">Swivel kabl od 21 m<\/strong> omogu\u0107ava neometano kretanje po celom bazenu bez zapetljavanja.<\/li>\n<li data-start=\"433\" data-end=\"536\"><strong data-start=\"435\" data-end=\"449\">Vreme rada<\/strong>: 1,5 do 3 sata, zavisno od odabranog re\u017eima \u010di\u0161\u0107enja, za efikasno i temeljno \u010di\u0161\u0107enje.<\/li>\n<\/ul>\n<p data-start=\"538\" data-end=\"758\" data-is-last-node=\"\" data-is-only-node=\"\">\n<\/li>\n<\/ol>\n<p data-start=\"1258\" data-end=\"1446\" data-is-last-node=\"\" data-is-only-node=\"\"><strong data-start=\"1258\" data-end=\"1280\">Alpha (RA 6500 iQ)<\/strong> je savr\u0161en izbor za one koji tra\u017ee robota sa naprednim funkcijama, lako\u0107om upravljanja i vrhunskim performansama, pru\u017eaju\u0107i jednostavno i efikasno odr\u017eavanje bazena.<\/p>","protected":false},"excerpt":{"rendered":"<p>Zodiac robot za bazene sa Sensor Nav sistemom\u2122 nudi sna\u017eno ciklonsko usisavanje, inteligentnu navigaciju, vi\u0161e ciklusa \u010di\u0161\u0107enja i mogu\u0107nost daljinskog upravljanja putem mobilne aplikacije, idealan za bazene do 12\u00d76 m.<\/p>","protected":false},"featured_media":23277,"template":"","meta":[],"product_brand":[],"product_cat":[4992],"product_tag":[],"class_list":{"0":"post-23278","1":"product","2":"type-product","3":"status-publish","4":"has-post-thumbnail","6":"product_cat-roboti-za-bazene","8":"first","9":"instock","10":"sold-individually","11":"purchasable","12":"product-type-simple"},"_links":{"self":[{"href":"https:\/\/hidroterm.dmcsrbija.com\/ru\/wp-json\/wp\/v2\/product\/23278","targetHints":{"allow":["GET"]}}],"collection":[{"href":"https:\/\/hidroterm.dmcsrbija.com\/ru\/wp-json\/wp\/v2\/product"}],"about":[{"href":"https:\/\/hidroterm.dmcsrbija.com\/ru\/wp-json\/wp\/v2\/types\/product"}],"wp:featuredmedia":[{"embeddable":true,"href":"https:\/\/hidroterm.dmcsrbija.com\/ru\/wp-json\/wp\/v2\/media\/23277"}],"wp:attachment":[{"href":"https:\/\/hidroterm.dmcsrbija.com\/ru\/wp-json\/wp\/v2\/media?parent=23278"}],"wp:term":[{"taxonomy":"product_brand","embeddable":true,"href":"https:\/\/hidroterm.dmcsrbija.com\/ru\/wp-json\/wp\/v2\/product_brand?post=23278"},{"taxonomy":"product_cat","embeddable":true,"href":"https:\/\/hidroterm.dmcsrbija.com\/ru\/wp-json\/wp\/v2\/product_cat?post=23278"},{"taxonomy":"product_tag","embeddable":true,"href":"https:\/\/hidroterm.dmcsrbija.com\/ru\/wp-json\/wp\/v2\/product_tag?post=23278"}],"curies":[{"name":"wp","href":"https:\/\/api.w.org\/{rel}","templated":true}]}}