{"id":23276,"date":"2026-03-18T08:32:30","date_gmt":"2026-03-18T07:32:30","guid":{"rendered":"https:\/\/hidroterm.dmcsrbija.com\/proizvod\/robot-zodiac-alpha-iq-ra-6700\/"},"modified":"2026-03-18T08:32:36","modified_gmt":"2026-03-18T07:32:36","slug":"robot-zodiac-alpha-iq-ra-6700","status":"publish","type":"product","link":"https:\/\/hidroterm.dmcsrbija.com\/ru\/proizvod\/robot-zodiac-alpha-iq-ra-6700\/","title":{"rendered":"Robot Zodiac Alpha IQ RA 6700"},"content":{"rendered":"<p>Ovaj robot je dizajniran za brzo i efikasno \u010di\u0161\u0107enje bazena, omogu\u0107avaju\u0107i lako usisavanje i odr\u017eavanje bazena \u010distim. Idealno re\u0161enje za bazene do 15 x 7 m.<\/p>\n<p>Najbolje opremljeni model ovog modela Alpha (RA 6700 iQ) koji mo\u017ee o\u010distiti podove,zidove i vodenu liniju.<\/p>\n<p><strong>Alpha (RA 6700 iQ) ekskluzivne karakteristike:<\/strong><br \/>\n&#8211; SmartClimb Pro &#8211; automatska stabilizacija na zidovima<br \/>\n&#8211; WasteView\u2122 prozor za vizuelnu kontrolu filtera<br \/>\n-DualBrush Tech &#8211; kombinacija \u010detki od ner\u0111aju\u0107eg \u010delika i EPDM gume<br \/>\n&#8211; AquaTrack 360\u00b0 &#8211; 32 senzora za 3D mapiranje<\/p>\n<p>Korisnici mogu izabrati putem daljinskog upravljanja \u017eejeni ciklus \u010di\u0161\u0107enja zavisno od zaprljanosti bazena.<\/p>\n<p><strong data-start=\"371\" data-end=\"407\">Broj \/ Trajanje ciklusa \u010di\u0161\u0107enja<\/strong>: Vi\u0161e od 0h30 do 3h30 sa unapred definisanim ciklusima:<br data-start=\"463\" data-end=\"466\" \/>\u2013 Quick: samo dno 1h15<br data-start=\"488\" data-end=\"491\" \/>\u2013 Smart: dno \/ bo\u010dne strane \/ linija vode (izra\u010dunato vreme)<br data-start=\"551\" data-end=\"554\" \/>\u2013 Ultra: dno \/ bo\u010dne strane \/ linija vode (2h45)<br data-start=\"602\" data-end=\"605\" \/>\u2013 Samo linija vode 0h45<\/p>\n<p>Ure\u0111ajem je mogu\u0107e upravljati putem aplikacije na mobilnom telefonu iAquaLinkTM Control.<\/p>\n<p data-start=\"0\" data-end=\"67\"><strong data-start=\"0\" data-end=\"67\">Za\u0161to izabrati ba\u0161 Alpha (RA 6700 iQ) robot za \u010di\u0161\u0107enje bazena?<\/strong><\/p>\n<ol data-start=\"69\" data-end=\"1268\">\n<li data-start=\"69\" data-end=\"223\">\n<p data-start=\"72\" data-end=\"223\"><strong data-start=\"72\" data-end=\"107\">Efikasno \u010di\u0161\u0107enje svih povr\u0161ina<\/strong> \u2013 Ovaj robot \u010disti ne samo podove, ve\u0107 i zidove i vodnu liniju va\u0161eg bazena, pru\u017eaju\u0107i sveobuhvatan i temeljit rad.<\/p>\n<\/li>\n<li data-start=\"225\" data-end=\"417\">\n<p data-start=\"228\" data-end=\"417\"><strong data-start=\"228\" data-end=\"251\">Napredna navigacija<\/strong> \u2013 <strong data-start=\"254\" data-end=\"276\">Sensor Nav Sistem\u2122<\/strong> omogu\u0107ava inteligentno skeniranje i optimizaciju putanje \u010di\u0161\u0107enja, \u0161to zna\u010di da robot efikasno koristi vreme i energiju za potpuno \u010di\u0161\u0107enje.<\/p>\n<\/li>\n<li data-start=\"419\" data-end=\"614\">\n<p data-start=\"422\" data-end=\"614\"><strong data-start=\"422\" data-end=\"437\">Bez zastoja<\/strong> \u2013 Sa <strong data-start=\"443\" data-end=\"490\">patentiranim ciklonskim sistemom usisavanja<\/strong>, ne\u0107ete morati da se brinete o za\u010depljenju filtera. Veoma fina filtracija (60\u03bc) osigurava da je va\u0161 bazen besprekorno \u010dist.<\/p>\n<\/li>\n<li data-start=\"616\" data-end=\"807\">\n<p data-start=\"619\" data-end=\"807\"><strong data-start=\"619\" data-end=\"646\">Kontrola na dohvat ruke<\/strong> \u2013 Pove\u017eite robota sa <strong data-start=\"668\" data-end=\"703\">mobilnom aplikacijom iAquaLink\u2122<\/strong> i kontroli\u0161ite ga bilo gde i bilo kada. Tako\u0111e, mo\u017eete programirati cikluse \u010di\u0161\u0107enja do 7 dana unapred.<\/p>\n<\/li>\n<li data-start=\"809\" data-end=\"930\">\n<p data-start=\"812\" data-end=\"930\"><strong data-start=\"812\" data-end=\"838\">Lako podizanje iz vode<\/strong> \u2013 <strong data-start=\"841\" data-end=\"871\">Sistem za podizanje robota<\/strong> smanjuje te\u017einu do 20%, \u0161to \u010dini njegovo rukovanje lak\u0161im.<\/p>\n<\/li>\n<li data-start=\"932\" data-end=\"1092\">\n<p data-start=\"935\" data-end=\"1092\"><strong data-start=\"935\" data-end=\"970\">Pogodan za bazene svih veli\u010dina<\/strong> \u2013 Sa kablom od <strong data-start=\"986\" data-end=\"994\">21 m<\/strong> i sposobno\u0161\u0107u da \u010disti bazene do <strong data-start=\"1028\" data-end=\"1040\" data-is-only-node=\"\">15 x 7 m<\/strong>, Alpha robot je savr\u0161en za srednje i velike bazene.<\/p>\n<\/li>\n<li data-start=\"1094\" data-end=\"1268\">\n<p data-start=\"1097\" data-end=\"1268\"><strong data-start=\"1097\" data-end=\"1126\">Jednostavan za kori\u0161\u0107enje<\/strong> \u2013 Sa <strong data-start=\"1132\" data-end=\"1158\">daljinskim upravlja\u010dem<\/strong> i mogu\u0107nostima ru\u010dnog pode\u0161avanja vremena \u010di\u0161\u0107enja, mo\u017eete lako prilagoditi rad robota prema va\u0161im potrebama.<\/p>\n<\/li>\n<\/ol>\n<p data-start=\"1270\" data-end=\"1461\" data-is-last-node=\"\" data-is-only-node=\"\">Alpha (RA 6700 iQ) je idealan izbor ako \u017eelite robota koji nudi vrhunske performanse, pouzdanost i jednostavnost kori\u0161\u0107enja, sve uz naprednu tehnologiju koja olak\u0161ava odr\u017eavanje va\u0161eg bazena.<\/p>\n<p>&nbsp;<\/p>","protected":false},"excerpt":{"rendered":"<p>Zodiac robot za bazene sa Sensor Nav sistemom\u2122 nudi sna\u017eno ciklonsko usisavanje, inteligentnu navigaciju, vi\u0161e ciklusa \u010di\u0161\u0107enja i mogu\u0107nost daljinskog upravljanja putem mobilne aplikacije, idealan za bazene do 15\u00d77 m.<\/p>","protected":false},"featured_media":23277,"template":"","meta":[],"product_brand":[],"product_cat":[4992],"product_tag":[],"class_list":{"0":"post-23276","1":"product","2":"type-product","3":"status-publish","4":"has-post-thumbnail","6":"product_cat-roboti-za-bazene","8":"first","9":"instock","10":"sold-individually","11":"purchasable","12":"product-type-simple"},"_links":{"self":[{"href":"https:\/\/hidroterm.dmcsrbija.com\/ru\/wp-json\/wp\/v2\/product\/23276","targetHints":{"allow":["GET"]}}],"collection":[{"href":"https:\/\/hidroterm.dmcsrbija.com\/ru\/wp-json\/wp\/v2\/product"}],"about":[{"href":"https:\/\/hidroterm.dmcsrbija.com\/ru\/wp-json\/wp\/v2\/types\/product"}],"wp:featuredmedia":[{"embeddable":true,"href":"https:\/\/hidroterm.dmcsrbija.com\/ru\/wp-json\/wp\/v2\/media\/23277"}],"wp:attachment":[{"href":"https:\/\/hidroterm.dmcsrbija.com\/ru\/wp-json\/wp\/v2\/media?parent=23276"}],"wp:term":[{"taxonomy":"product_brand","embeddable":true,"href":"https:\/\/hidroterm.dmcsrbija.com\/ru\/wp-json\/wp\/v2\/product_brand?post=23276"},{"taxonomy":"product_cat","embeddable":true,"href":"https:\/\/hidroterm.dmcsrbija.com\/ru\/wp-json\/wp\/v2\/product_cat?post=23276"},{"taxonomy":"product_tag","embeddable":true,"href":"https:\/\/hidroterm.dmcsrbija.com\/ru\/wp-json\/wp\/v2\/product_tag?post=23276"}],"curies":[{"name":"wp","href":"https:\/\/api.w.org\/{rel}","templated":true}]}}