{"id":23274,"date":"2026-03-18T08:32:30","date_gmt":"2026-03-18T07:32:30","guid":{"rendered":"https:\/\/hidroterm.dmcsrbija.com\/proizvod\/aktivni-kiseonik-poolcare-oxa-25kg-dinotech\/"},"modified":"2026-03-18T08:32:36","modified_gmt":"2026-03-18T07:32:36","slug":"aktivni-kiseonik-poolcare-oxa-25kg-dinotech","status":"publish","type":"product","link":"https:\/\/hidroterm.dmcsrbija.com\/ru\/proizvod\/aktivni-kiseonik-poolcare-oxa-25kg-dinotech\/","title":{"rendered":"Aktivni kiseonik Poolcare Oxa 25kg Dinotech"},"content":{"rendered":"<p class=\"\" data-start=\"0\" data-end=\"74\"><strong data-start=\"0\" data-end=\"74\">Poolcare OXA Liquid \u2013 Sredstvo za dezinfekciju bazenske vode bez hlora<\/strong><\/p>\n<p class=\"\" data-start=\"76\" data-end=\"361\">Poolcare OXA Liquid je te\u010dno dezinfekciono sredstvo bazirano na 34% rastvoru hidrogen peroksida (aktivni kiseonik), namenjeno za odr\u017eavanje \u010disto\u0107e bazenske vode i prevenciju razvoja algi. Ovo sredstvo ne sadr\u017ei hlor, pru\u017eaju\u0107i sigurnu i efikasnu alternativu za one osetljive na hlor.<\/p>\n<p class=\"\" data-start=\"363\" data-end=\"520\"><strong data-start=\"363\" data-end=\"375\">Primena:<\/strong> Preporu\u010dena koncentracija u bazenskoj vodi je izme\u0111u 20\u201340 mg\/l, a doziranje se vr\u0161i prema potrebama, u zavisnosti od stepena ne\u010disto\u0107e u vodi.<\/p>\n<p class=\"\" data-start=\"522\" data-end=\"542\"><strong data-start=\"522\" data-end=\"536\">Pakovanje:<\/strong> 25 l.<\/p>\n<p class=\"\" data-start=\"544\" data-end=\"758\"><strong data-start=\"544\" data-end=\"557\">Napomena:<\/strong> Pre kori\u0161\u0107enja, pa\u017eljivo pro\u010ditajte etiketu i uputstvo na proizvodu. Poolcare OXA Liquid je sigurno sredstvo za upotrebu, koje obezbe\u0111uje visoki stepen dezinfekcije i o\u010duvanje kvaliteta bazenske vode.<\/p>","protected":false},"excerpt":{"rendered":"<p><strong>Poolcare OXA Liquid<\/strong> je te\u010dno dezinfekciono sredstvo na bazi aktivnog kiseonika (34% hidrogen peroksida) za odr\u017eavanje bazenske vode i prevenciju algi, bez hlora, sa preporu\u010denom koncentracijom od 20-40 mg\/l u vodi.<\/p>","protected":false},"featured_media":23275,"template":"","meta":[],"product_brand":[],"product_cat":[4986,5000],"product_tag":[],"class_list":{"0":"post-23274","1":"product","2":"type-product","3":"status-publish","4":"has-post-thumbnail","6":"product_cat-hemija-za-bazene-bazeni","7":"product_cat-hemija-za-letnje-odrzavanje-bazena","9":"first","10":"instock","11":"sold-individually","12":"purchasable","13":"product-type-simple"},"_links":{"self":[{"href":"https:\/\/hidroterm.dmcsrbija.com\/ru\/wp-json\/wp\/v2\/product\/23274","targetHints":{"allow":["GET"]}}],"collection":[{"href":"https:\/\/hidroterm.dmcsrbija.com\/ru\/wp-json\/wp\/v2\/product"}],"about":[{"href":"https:\/\/hidroterm.dmcsrbija.com\/ru\/wp-json\/wp\/v2\/types\/product"}],"wp:featuredmedia":[{"embeddable":true,"href":"https:\/\/hidroterm.dmcsrbija.com\/ru\/wp-json\/wp\/v2\/media\/23275"}],"wp:attachment":[{"href":"https:\/\/hidroterm.dmcsrbija.com\/ru\/wp-json\/wp\/v2\/media?parent=23274"}],"wp:term":[{"taxonomy":"product_brand","embeddable":true,"href":"https:\/\/hidroterm.dmcsrbija.com\/ru\/wp-json\/wp\/v2\/product_brand?post=23274"},{"taxonomy":"product_cat","embeddable":true,"href":"https:\/\/hidroterm.dmcsrbija.com\/ru\/wp-json\/wp\/v2\/product_cat?post=23274"},{"taxonomy":"product_tag","embeddable":true,"href":"https:\/\/hidroterm.dmcsrbija.com\/ru\/wp-json\/wp\/v2\/product_tag?post=23274"}],"curies":[{"name":"wp","href":"https:\/\/api.w.org\/{rel}","templated":true}]}}